{"id":208,"date":"2023-11-01T14:33:39","date_gmt":"2023-11-01T13:33:39","guid":{"rendered":"https:\/\/www.ombredestilleuls.com\/?page_id=208"},"modified":"2024-01-18T14:48:42","modified_gmt":"2024-01-18T13:48:42","slug":"activites-hautes-pyrenees","status":"publish","type":"page","link":"https:\/\/www.ombredestilleuls.com\/fr\/activites-hautes-pyrenees\/","title":{"rendered":"\u00c0 faire"},"content":{"rendered":"<section id=\"ls-section-block_dc6379d599366d8e6153a2451b8f0bdf\" class=\"ls-section  home-intro page-one has-m-b m-b-0 has-p-b p-b-0 has-p-l p-l-7 has-p-r p-r-7\" >\r\n        <div class=\"container container--full\">\r\n        \n\n<h1 class=\"ls__heading wp-block-heading has-text-align-center animated fadeIn slower\">Un s\u00e9jour avec des activit\u00e9s nature dans les Hautes-Pyr\u00e9n\u00e9es<\/h1>\n\n\n\n<p class=\"ls-paragraph has-text-align-center\">D\u00e9couvrez la <strong>splendeur des Hautes-Pyr\u00e9n\u00e9es<\/strong>, une destination o\u00f9 la nature est reine et qui offre un panorama d&rsquo;activit\u00e9s pour tous les go\u00fbts et tous les \u00e2ges. Que vous soyez un <strong>randonneur<\/strong> aguerri, une famille en qu\u00eate d&rsquo;aventure ou un <strong>amateur de sensations fortes<\/strong>, les Hautes-Pyr\u00e9n\u00e9es vous d\u00e9voilent un \u00e9crin de possibilit\u00e9s pour un s\u00e9jour inoubliable au c\u0153ur de paysages \u00e0 couper le souffle.<\/p>\n\n\r\n    <\/div>\r\n<\/section>\n\n<section id=\"ls-section-block_4280f5cf79ca9a1e5f252c6bded0b801\" class=\"ls-section  home-intro page-one has-m-b m-b-0 has-p-l p-l-8 has-p-r p-r-8\" >\r\n        <div class=\"container container--full\">\r\n        \n\n<div class=\"wp-block-columns are-vertically-aligned-center first is-layout-flex wp-container-core-columns-is-layout-9d6595d7 wp-block-columns-is-layout-flex\">\n<div class=\"wp-block-column is-vertically-aligned-center left is-layout-flow wp-block-column-is-layout-flow\" style=\"flex-basis:45%\">\n<h2 class=\"ls__heading wp-block-heading animated fadeInLeft\"><strong>Les randonn\u00e9es<\/strong> pour tous les niveaux<\/h2>\n\n\n\n<p class=\"ls-paragraph has-text-align-left\">Les Hautes-Pyr\u00e9n\u00e9es sont un v\u00e9ritable paradis pour les <strong>amateurs de randonn\u00e9es<\/strong>. Avec une<strong> multitude de sentiers balis\u00e9s<\/strong> traversant des paysages vari\u00e9s, chaque pas est une invitation \u00e0 explorer davantage. Des <strong>balades familiales aux randonn\u00e9es de haute montagne<\/strong>, chaque itin\u00e9raire vous promet une \u00e9vasion et une communion avec la nature.<\/p>\n\n\n\n<p class=\"ls-paragraph has-text-align-left\">D\u00e9couvrez la <a href=\"https:\/\/www.rnr-pibeste-aoulhet.com\/\" target=\"_blank\" rel=\"noreferrer noopener\">r\u00e9serve naturelle du Pibeste-Aoulhet<\/a>, explorez les<strong> sentiers de Saint-P\u00e9-de-Bigorre<\/strong>, et laissez-vous \u00e9merveiller par la <strong>biodiversit\u00e9<\/strong> et les panoramas \u00e9poustouflants qui s&rsquo;offrent \u00e0 vous. Ce sont au total, 95 km de randonn\u00e9es \u00e0 d\u00e9couvrir au c\u0153ur de la r\u00e9serve naturelle du Pibeste-Aoulhet.<\/p>\n<\/div>\n\n\n\n<div class=\"wp-block-column is-vertically-aligned-center right is-layout-flow wp-block-column-is-layout-flow\" style=\"flex-basis:55%\">\n<figure class=\"wp-block-gallery has-nested-images columns-default is-cropped wp-block-gallery-1 is-layout-flex wp-block-gallery-is-layout-flex\">\n<figure class=\"wp-block-image size-full animated fadeIn delay-100ms\"><a href=\"https:\/\/www.ombredestilleuls.com\/wp-content\/uploads\/2023\/12\/randonnees-pour-tous-les-niveaux.webp\"><img decoding=\"async\" width=\"1200\" height=\"900\" data-id=\"1508\" src=\"https:\/\/www.ombredestilleuls.com\/wp-content\/uploads\/2023\/12\/randonnees-pour-tous-les-niveaux.webp\" alt=\"randonnees pour tous les niveaux\" class=\"wp-image-1508\" srcset=\"https:\/\/www.ombredestilleuls.com\/wp-content\/uploads\/2023\/12\/randonnees-pour-tous-les-niveaux.webp 1200w, https:\/\/www.ombredestilleuls.com\/wp-content\/uploads\/2023\/12\/randonnees-pour-tous-les-niveaux-300x225.webp 300w, https:\/\/www.ombredestilleuls.com\/wp-content\/uploads\/2023\/12\/randonnees-pour-tous-les-niveaux-1024x768.webp 1024w, https:\/\/www.ombredestilleuls.com\/wp-content\/uploads\/2023\/12\/randonnees-pour-tous-les-niveaux-768x576.webp 768w\" sizes=\"(max-width: 1200px) 100vw, 1200px\" \/><\/a><\/figure>\n<\/figure>\n<\/div>\n<\/div>\n\n\r\n    <\/div>\r\n<\/section>\n\n<section id=\"activites-sportives\" class=\"ls-section  home-piscine page-two has-background-image has-parallax has-m-t m-t-10 has-m-b m-b-10 has-m-l m-l-8 has-m-r m-r-8\" >\r\n    <div class=\"ls-section__background-image opacity-100\"><img decoding=\"async\" src=\"https:\/\/www.ombredestilleuls.com\/wp-content\/uploads\/2023\/12\/activites-sportives-hautes-pyrenees.webp\" alt=\"activites sportives hautes pyrenees\"><\/div>    <div class=\"container container--full\">\r\n        \n\n<div class=\"wp-block-columns is-layout-flex wp-container-core-columns-is-layout-9d6595d7 wp-block-columns-is-layout-flex\">\n<div class=\"wp-block-column is-layout-flow wp-block-column-is-layout-flow\" style=\"flex-basis:60%\"><\/div>\n\n\n\n<div class=\"wp-block-column animated fadeInRight is-layout-flow wp-block-column-is-layout-flow\" style=\"flex-basis:40%\">\n<h2 class=\"ls__heading wp-block-heading has-text-align-right\"><strong>Les activit\u00e9s sportives<\/strong> \u00e0 faire dans les Hautes-Pyr\u00e9n\u00e9es<\/h2>\n\n\n\n<p class=\"ls-paragraph has-text-align-right\">Les Hautes-Pyr\u00e9n\u00e9es constituent un<strong> terrain de jeu id\u00e9al pour les amateurs de sports et d&rsquo;aventures<\/strong>.<\/p>\n\n\n\n<p class=\"ls-paragraph has-text-align-right\">Entre les randonn\u00e9es p\u00e9destres, le VTT, l&rsquo;escalade et la <strong>sp\u00e9l\u00e9ologie<\/strong> dans les nombreuses <strong>grottes du massif karstique<\/strong>, chaque journ\u00e9e est une nouvelle aventure.<\/p>\n\n\n\n<p class=\"ls-paragraph has-text-align-right\">Les terrains vari\u00e9s permettent aux sportifs de tous niveaux de trouver leur bonheur, que ce soit \u00e0 travers une ascension d\u00e9fiante, une descente en VTT \u00e0 travers les vall\u00e9es, ou une exploration souterraine des merveilles cach\u00e9es du sous-sol.<\/p>\n<\/div>\n<\/div>\n\n\r\n    <\/div>\r\n<\/section>\n\n<section id=\"activites-en-eaux-vives\" class=\"ls-section  home-ecologie page-three has-p-l p-l-8 has-p-r p-r-8\" >\r\n        <div class=\"container container--full\">\r\n        \n\n<div class=\"wp-block-columns are-vertically-aligned-center is-layout-flex wp-container-core-columns-is-layout-9d6595d7 wp-block-columns-is-layout-flex\">\n<div class=\"wp-block-column is-vertically-aligned-center is-layout-flow wp-block-column-is-layout-flow\" style=\"flex-basis:55%\">\n<figure class=\"wp-block-gallery has-nested-images columns-default is-cropped wp-block-gallery-2 is-layout-flex wp-block-gallery-is-layout-flex\">\n<figure class=\"wp-block-image size-full animated fadeIn delay-100ms\"><a href=\"https:\/\/www.ombredestilleuls.com\/wp-content\/uploads\/2023\/12\/activites-en-eaux-vives-proches-de-lourdes.webp\"><img decoding=\"async\" width=\"1200\" height=\"797\" data-id=\"1515\" src=\"https:\/\/www.ombredestilleuls.com\/wp-content\/uploads\/2023\/12\/activites-en-eaux-vives-proches-de-lourdes.webp\" alt=\"activites en eaux vives proches de lourdes\" class=\"wp-image-1515\" srcset=\"https:\/\/www.ombredestilleuls.com\/wp-content\/uploads\/2023\/12\/activites-en-eaux-vives-proches-de-lourdes.webp 1200w, https:\/\/www.ombredestilleuls.com\/wp-content\/uploads\/2023\/12\/activites-en-eaux-vives-proches-de-lourdes-300x199.webp 300w, https:\/\/www.ombredestilleuls.com\/wp-content\/uploads\/2023\/12\/activites-en-eaux-vives-proches-de-lourdes-1024x680.webp 1024w, https:\/\/www.ombredestilleuls.com\/wp-content\/uploads\/2023\/12\/activites-en-eaux-vives-proches-de-lourdes-768x510.webp 768w\" sizes=\"(max-width: 1200px) 100vw, 1200px\" \/><\/a><\/figure>\n<\/figure>\n<\/div>\n\n\n\n<div class=\"wp-block-column is-vertically-aligned-center is-layout-flow wp-block-column-is-layout-flow\" style=\"flex-basis:45%\">\n<h2 class=\"ls__heading wp-block-heading animated fadeIn slower\"><strong>Les activit\u00e9s en eaux vives<\/strong> proches de Lourdes<\/h2>\n\n\n\n<p class=\"ls-paragraph has-text-align-left\">\u00c0 proximit\u00e9 de Lourdes, les eaux vives des Hautes-Pyr\u00e9n\u00e9es vous appellent pour une aventure rafra\u00eechissante et excitante \u00e0 l\u2019occasion de vos vacances au <a href=\"https:\/\/www.ombredestilleuls.com\/fr\/\">camping \u00c0 l\u2019ombre des tilleuls<\/a>. <\/p>\n\n\n\n<p class=\"ls-paragraph has-text-align-left\">Que vous optiez pour une <strong>descente en kayak ou en rafting<\/strong> sur le gave de Pau, chaque courant est une <strong>promesse d&rsquo;adr\u00e9naline et de d\u00e9couvertes<\/strong>. Les eaux tumultueuses et les paysages riverains spectaculaires offrent une exp\u00e9rience inoubliable pour les amateurs de sensations fortes et les amoureux de la nature. <\/p>\n\n\n\n<p class=\"ls-paragraph has-text-align-left\">Des guides exp\u00e9riment\u00e9s sont l\u00e0 pour vous assurer une aventure en toute s\u00e9curit\u00e9, que vous soyez <strong>d\u00e9butant ou rafteur exp\u00e9riment\u00e9<\/strong>.<\/p>\n<\/div>\n<\/div>\n\n\r\n    <\/div>\r\n<\/section>\n\n<section id=\"lac-de-lourdes\" class=\"ls-section  home-piscine page-four has-background-image has-parallax has-m-t m-t-10 has-m-b m-b-10 has-m-l m-l-8 has-m-r m-r-8\" >\r\n    <div class=\"ls-section__background-image opacity-100\"><img decoding=\"async\" src=\"https:\/\/www.ombredestilleuls.com\/wp-content\/uploads\/2023\/12\/lac-de-lourdes.webp\" alt=\"lac de lourdes\"><\/div>    <div class=\"container container--full\">\r\n        \n\n<div class=\"wp-block-columns is-layout-flex wp-container-core-columns-is-layout-9d6595d7 wp-block-columns-is-layout-flex\">\n<div class=\"wp-block-column animated fadeInLeft is-layout-flow wp-block-column-is-layout-flow\" style=\"flex-basis:40%\">\n<p class=\"ls-paragraph\">En plus des aventures en eaux vives, la r\u00e9gion offre une autre option de d\u00e9tente aquatique.<\/p>\n\n\n\n<p class=\"ls-paragraph\">Le <strong>lac de Lourdes<\/strong>, situ\u00e9 \u00e0 proximit\u00e9, vous permet de vous \u00e9vader tout en profitant d&rsquo;une journ\u00e9e tranquille. <\/p>\n\n\n\n<p class=\"ls-paragraph\">Vous pouvez faire le tour du lac en traversant le golf de Lourdes, une boucle de 6.2 km. <\/p>\n\n\n\n<p class=\"ls-paragraph\">De plus, la <strong>plage am\u00e9nag\u00e9e au bord du lac<\/strong> propose des <strong>activit\u00e9s<\/strong> pour toute la famille, y compris des<strong> jeux pour enfants <\/strong>et la <strong>location de paddle<\/strong>, vous permettant ainsi de profiter pleinement de cette oasis paisible au c\u0153ur des Pyr\u00e9n\u00e9es.<br><br><\/p>\n<\/div>\n\n\n\n<div class=\"wp-block-column is-layout-flow wp-block-column-is-layout-flow\" style=\"flex-basis:60%\"><\/div>\n<\/div>\n\n\r\n    <\/div>\r\n<\/section>\n\n<section id=\"ls-section-block_67ad634ee27b691af932b6b96c422322\" class=\"ls-section  page-maillage\" >\r\n        <div class=\"container container--wide\">\r\n        \n\n<div id=\"ls-heading ls-titre-div-block_fc4637dce17ad696ba8f1f0fa09675f1\" class=\"ls-titre-div animated fadeIn h2-like\" >\n    D\u00e9couvrez les lieux \u00e0 visiter !<\/div>\n\n\n\n<div id=\"ls-maillage-block_8822196621855eb1c84023c1f5382a31\" class=\"ls-maillage cta-style-normal\" data-rows=\"3\">\n\n    <div class=\"wp-block-columns\"><div class=\"wp-block-column ls-cta\">\n\n<a href=\"https:\/\/www.ombredestilleuls.com\/fr\/tourisme-hautes-pyrenees\/#pic-du-midi\" target=\"\" rel=\"noopener\" class=\"ls-cta__link\">\n\n\t<div class=\"ls-cta__image\"><img decoding=\"async\" src=\"https:\/\/www.ombredestilleuls.com\/wp-content\/uploads\/2023\/12\/pic-du-midi-cta-1.webp\" alt=\"pic du midi cta\"><\/div>\n\t<div class=\"ls-cta__title\">\n\t\tLe Pic du Midi\t<\/div>\n\n\t\t\n<\/a><\/div><div class=\"wp-block-column ls-cta\">\n\n<a href=\"https:\/\/www.ombredestilleuls.com\/fr\/tourisme-hautes-pyrenees\/#chateau-fort\" target=\"\" rel=\"noopener\" class=\"ls-cta__link\">\n\n\t<div class=\"ls-cta__image\"><img decoding=\"async\" src=\"https:\/\/www.ombredestilleuls.com\/wp-content\/uploads\/2023\/12\/chateau-fort-cta-1.webp\" alt=\"chateau fort cta\"><\/div>\n\t<div class=\"ls-cta__title\">\n\t\tCh\u00e2teau-Fort\t<\/div>\n\n\t\t\n<\/a><\/div><div class=\"wp-block-column ls-cta\">\n\n<a href=\"https:\/\/www.ombredestilleuls.com\/fr\/tourisme-hautes-pyrenees\/#lac-d-estaing\" target=\"\" rel=\"noopener\" class=\"ls-cta__link\">\n\n\t<div class=\"ls-cta__image\"><img decoding=\"async\" src=\"https:\/\/www.ombredestilleuls.com\/wp-content\/uploads\/2023\/12\/lac-d-estaing-cta.webp\" alt=\"lac d estaing cta\"><\/div>\n\t<div class=\"ls-cta__title\">\n\t\tLe lac d\u2019Estaing\t<\/div>\n\n\t\t\n<\/a><\/div>\n<\/div>\n\r\n    <\/div>\r\n<\/section>","protected":false},"excerpt":{"rendered":"","protected":false},"author":1,"featured_media":1505,"parent":0,"menu_order":0,"comment_status":"closed","ping_status":"closed","template":"","meta":{"_acf_changed":false,"inline_featured_image":false,"footnotes":""},"sujet":[],"class_list":["post-208","page","type-page","status-publish","has-post-thumbnail","hentry"],"acf":[],"yoast_head":"<!-- This site is optimized with the Yoast SEO plugin v23.4 - https:\/\/yoast.com\/wordpress\/plugins\/seo\/ -->\n<title>Activit\u00e9s \u00e0 faire dans les Hautes-Pyr\u00e9n\u00e9es | Randonn\u00e9es Hautes-Pyr\u00e9n\u00e9es<\/title>\n<meta name=\"description\" content=\"Faites le plein d\u2019activit\u00e9s nature lors de vos vacances au camping \u00c0 l&#039;Ombre des Tilleuls dans les Hautes-Pyr\u00e9n\u00e9es !\" \/>\n<meta name=\"robots\" content=\"index, follow, max-snippet:-1, max-image-preview:large, max-video-preview:-1\" \/>\n<link rel=\"canonical\" href=\"https:\/\/www.ombredestilleuls.com\/fr\/activites-hautes-pyrenees\/\" \/>\n<meta property=\"og:locale\" content=\"fr_FR\" \/>\n<meta property=\"og:type\" content=\"article\" \/>\n<meta property=\"og:title\" content=\"Activit\u00e9s \u00e0 faire dans les Hautes-Pyr\u00e9n\u00e9es | Randonn\u00e9es Hautes-Pyr\u00e9n\u00e9es\" \/>\n<meta property=\"og:description\" content=\"Faites le plein d\u2019activit\u00e9s nature lors de vos vacances au camping \u00c0 l&#039;Ombre des Tilleuls dans les Hautes-Pyr\u00e9n\u00e9es !\" \/>\n<meta property=\"og:url\" content=\"https:\/\/www.ombredestilleuls.com\/fr\/activites-hautes-pyrenees\/\" \/>\n<meta property=\"og:site_name\" content=\"Camping \u00c0 l&#039;ombre des tilleuls\" \/>\n<meta property=\"article:modified_time\" content=\"2024-01-18T13:48:42+00:00\" \/>\n<meta property=\"og:image\" content=\"https:\/\/www.ombredestilleuls.com\/wp-content\/uploads\/2023\/12\/activites-nature-hautes-pyrenees.webp\" \/>\n\t<meta property=\"og:image:width\" content=\"2000\" \/>\n\t<meta property=\"og:image:height\" content=\"1125\" \/>\n\t<meta property=\"og:image:type\" content=\"image\/webp\" \/>\n<meta name=\"twitter:card\" content=\"summary_large_image\" \/>\n<meta name=\"twitter:label1\" content=\"Dur\u00e9e de lecture estim\u00e9e\" \/>\n\t<meta name=\"twitter:data1\" content=\"3 minutes\" \/>\n<script type=\"application\/ld+json\" class=\"yoast-schema-graph\">{\"@context\":\"https:\/\/schema.org\",\"@graph\":[{\"@type\":\"WebPage\",\"@id\":\"https:\/\/www.ombredestilleuls.com\/fr\/activites-hautes-pyrenees\/\",\"url\":\"https:\/\/www.ombredestilleuls.com\/fr\/activites-hautes-pyrenees\/\",\"name\":\"Activit\u00e9s \u00e0 faire dans les Hautes-Pyr\u00e9n\u00e9es | Randonn\u00e9es Hautes-Pyr\u00e9n\u00e9es\",\"isPartOf\":{\"@id\":\"https:\/\/www.ombredestilleuls.com\/fr\/#website\"},\"primaryImageOfPage\":{\"@id\":\"https:\/\/www.ombredestilleuls.com\/fr\/activites-hautes-pyrenees\/#primaryimage\"},\"image\":{\"@id\":\"https:\/\/www.ombredestilleuls.com\/fr\/activites-hautes-pyrenees\/#primaryimage\"},\"thumbnailUrl\":\"https:\/\/www.ombredestilleuls.com\/wp-content\/uploads\/2023\/12\/activites-nature-hautes-pyrenees.webp\",\"datePublished\":\"2023-11-01T13:33:39+00:00\",\"dateModified\":\"2024-01-18T13:48:42+00:00\",\"description\":\"Faites le plein d\u2019activit\u00e9s nature lors de vos vacances au camping \u00c0 l'Ombre des Tilleuls dans les Hautes-Pyr\u00e9n\u00e9es !\",\"breadcrumb\":{\"@id\":\"https:\/\/www.ombredestilleuls.com\/fr\/activites-hautes-pyrenees\/#breadcrumb\"},\"inLanguage\":\"fr-FR\",\"potentialAction\":[{\"@type\":\"ReadAction\",\"target\":[\"https:\/\/www.ombredestilleuls.com\/fr\/activites-hautes-pyrenees\/\"]}]},{\"@type\":\"ImageObject\",\"inLanguage\":\"fr-FR\",\"@id\":\"https:\/\/www.ombredestilleuls.com\/fr\/activites-hautes-pyrenees\/#primaryimage\",\"url\":\"https:\/\/www.ombredestilleuls.com\/wp-content\/uploads\/2023\/12\/activites-nature-hautes-pyrenees.webp\",\"contentUrl\":\"https:\/\/www.ombredestilleuls.com\/wp-content\/uploads\/2023\/12\/activites-nature-hautes-pyrenees.webp\",\"width\":2000,\"height\":1125,\"caption\":\"activites nature hautes pyrenees\"},{\"@type\":\"BreadcrumbList\",\"@id\":\"https:\/\/www.ombredestilleuls.com\/fr\/activites-hautes-pyrenees\/#breadcrumb\",\"itemListElement\":[{\"@type\":\"ListItem\",\"position\":1,\"name\":\"Camping pr\u00e8s de Lourdes\",\"item\":\"https:\/\/www.ombredestilleuls.com\/fr\/\"},{\"@type\":\"ListItem\",\"position\":2,\"name\":\"Activit\u00e9s \u00e0 faire dans les Hautes-Pyr\u00e9n\u00e9es\"}]},{\"@type\":\"WebSite\",\"@id\":\"https:\/\/www.ombredestilleuls.com\/fr\/#website\",\"url\":\"https:\/\/www.ombredestilleuls.com\/fr\/\",\"name\":\"Camping \u00c0 l&#039;ombre des tilleuls\",\"description\":\"\",\"publisher\":{\"@id\":\"https:\/\/www.ombredestilleuls.com\/fr\/#organization\"},\"potentialAction\":[{\"@type\":\"SearchAction\",\"target\":{\"@type\":\"EntryPoint\",\"urlTemplate\":\"https:\/\/www.ombredestilleuls.com\/fr\/?s={search_term_string}\"},\"query-input\":{\"@type\":\"PropertyValueSpecification\",\"valueRequired\":true,\"valueName\":\"search_term_string\"}}],\"inLanguage\":\"fr-FR\"},{\"@type\":\"Organization\",\"@id\":\"https:\/\/www.ombredestilleuls.com\/fr\/#organization\",\"name\":\"Camping \u00c0 l&#039;ombre des tilleuls\",\"url\":\"https:\/\/www.ombredestilleuls.com\/fr\/\",\"logo\":{\"@type\":\"ImageObject\",\"inLanguage\":\"fr-FR\",\"@id\":\"https:\/\/www.ombredestilleuls.com\/fr\/#\/schema\/logo\/image\/\",\"url\":\"https:\/\/www.ombredestilleuls.com\/wp-content\/uploads\/2023\/11\/cropped-Camping-A-LOmbre-Des-Tilleuls-logo-1.png\",\"contentUrl\":\"https:\/\/www.ombredestilleuls.com\/wp-content\/uploads\/2023\/11\/cropped-Camping-A-LOmbre-Des-Tilleuls-logo-1.png\",\"width\":1000,\"height\":1000,\"caption\":\"Camping \u00c0 l&#039;ombre des tilleuls\"},\"image\":{\"@id\":\"https:\/\/www.ombredestilleuls.com\/fr\/#\/schema\/logo\/image\/\"}}]}<\/script>\n<!-- \/ Yoast SEO plugin. -->","yoast_head_json":{"title":"Activit\u00e9s \u00e0 faire dans les Hautes-Pyr\u00e9n\u00e9es | Randonn\u00e9es Hautes-Pyr\u00e9n\u00e9es","description":"Faites le plein d\u2019activit\u00e9s nature lors de vos vacances au camping \u00c0 l'Ombre des Tilleuls dans les Hautes-Pyr\u00e9n\u00e9es !","robots":{"index":"index","follow":"follow","max-snippet":"max-snippet:-1","max-image-preview":"max-image-preview:large","max-video-preview":"max-video-preview:-1"},"canonical":"https:\/\/www.ombredestilleuls.com\/fr\/activites-hautes-pyrenees\/","og_locale":"fr_FR","og_type":"article","og_title":"Activit\u00e9s \u00e0 faire dans les Hautes-Pyr\u00e9n\u00e9es | Randonn\u00e9es Hautes-Pyr\u00e9n\u00e9es","og_description":"Faites le plein d\u2019activit\u00e9s nature lors de vos vacances au camping \u00c0 l'Ombre des Tilleuls dans les Hautes-Pyr\u00e9n\u00e9es !","og_url":"https:\/\/www.ombredestilleuls.com\/fr\/activites-hautes-pyrenees\/","og_site_name":"Camping \u00c0 l&#039;ombre des tilleuls","article_modified_time":"2024-01-18T13:48:42+00:00","og_image":[{"width":2000,"height":1125,"url":"https:\/\/www.ombredestilleuls.com\/wp-content\/uploads\/2023\/12\/activites-nature-hautes-pyrenees.webp","type":"image\/webp"}],"twitter_card":"summary_large_image","twitter_misc":{"Dur\u00e9e de lecture estim\u00e9e":"3 minutes"},"schema":{"@context":"https:\/\/schema.org","@graph":[{"@type":"WebPage","@id":"https:\/\/www.ombredestilleuls.com\/fr\/activites-hautes-pyrenees\/","url":"https:\/\/www.ombredestilleuls.com\/fr\/activites-hautes-pyrenees\/","name":"Activit\u00e9s \u00e0 faire dans les Hautes-Pyr\u00e9n\u00e9es | Randonn\u00e9es Hautes-Pyr\u00e9n\u00e9es","isPartOf":{"@id":"https:\/\/www.ombredestilleuls.com\/fr\/#website"},"primaryImageOfPage":{"@id":"https:\/\/www.ombredestilleuls.com\/fr\/activites-hautes-pyrenees\/#primaryimage"},"image":{"@id":"https:\/\/www.ombredestilleuls.com\/fr\/activites-hautes-pyrenees\/#primaryimage"},"thumbnailUrl":"https:\/\/www.ombredestilleuls.com\/wp-content\/uploads\/2023\/12\/activites-nature-hautes-pyrenees.webp","datePublished":"2023-11-01T13:33:39+00:00","dateModified":"2024-01-18T13:48:42+00:00","description":"Faites le plein d\u2019activit\u00e9s nature lors de vos vacances au camping \u00c0 l'Ombre des Tilleuls dans les Hautes-Pyr\u00e9n\u00e9es !","breadcrumb":{"@id":"https:\/\/www.ombredestilleuls.com\/fr\/activites-hautes-pyrenees\/#breadcrumb"},"inLanguage":"fr-FR","potentialAction":[{"@type":"ReadAction","target":["https:\/\/www.ombredestilleuls.com\/fr\/activites-hautes-pyrenees\/"]}]},{"@type":"ImageObject","inLanguage":"fr-FR","@id":"https:\/\/www.ombredestilleuls.com\/fr\/activites-hautes-pyrenees\/#primaryimage","url":"https:\/\/www.ombredestilleuls.com\/wp-content\/uploads\/2023\/12\/activites-nature-hautes-pyrenees.webp","contentUrl":"https:\/\/www.ombredestilleuls.com\/wp-content\/uploads\/2023\/12\/activites-nature-hautes-pyrenees.webp","width":2000,"height":1125,"caption":"activites nature hautes pyrenees"},{"@type":"BreadcrumbList","@id":"https:\/\/www.ombredestilleuls.com\/fr\/activites-hautes-pyrenees\/#breadcrumb","itemListElement":[{"@type":"ListItem","position":1,"name":"Camping pr\u00e8s de Lourdes","item":"https:\/\/www.ombredestilleuls.com\/fr\/"},{"@type":"ListItem","position":2,"name":"Activit\u00e9s \u00e0 faire dans les Hautes-Pyr\u00e9n\u00e9es"}]},{"@type":"WebSite","@id":"https:\/\/www.ombredestilleuls.com\/fr\/#website","url":"https:\/\/www.ombredestilleuls.com\/fr\/","name":"Camping \u00c0 l&#039;ombre des tilleuls","description":"","publisher":{"@id":"https:\/\/www.ombredestilleuls.com\/fr\/#organization"},"potentialAction":[{"@type":"SearchAction","target":{"@type":"EntryPoint","urlTemplate":"https:\/\/www.ombredestilleuls.com\/fr\/?s={search_term_string}"},"query-input":{"@type":"PropertyValueSpecification","valueRequired":true,"valueName":"search_term_string"}}],"inLanguage":"fr-FR"},{"@type":"Organization","@id":"https:\/\/www.ombredestilleuls.com\/fr\/#organization","name":"Camping \u00c0 l&#039;ombre des tilleuls","url":"https:\/\/www.ombredestilleuls.com\/fr\/","logo":{"@type":"ImageObject","inLanguage":"fr-FR","@id":"https:\/\/www.ombredestilleuls.com\/fr\/#\/schema\/logo\/image\/","url":"https:\/\/www.ombredestilleuls.com\/wp-content\/uploads\/2023\/11\/cropped-Camping-A-LOmbre-Des-Tilleuls-logo-1.png","contentUrl":"https:\/\/www.ombredestilleuls.com\/wp-content\/uploads\/2023\/11\/cropped-Camping-A-LOmbre-Des-Tilleuls-logo-1.png","width":1000,"height":1000,"caption":"Camping \u00c0 l&#039;ombre des tilleuls"},"image":{"@id":"https:\/\/www.ombredestilleuls.com\/fr\/#\/schema\/logo\/image\/"}}]}},"_links":{"self":[{"href":"https:\/\/www.ombredestilleuls.com\/fr\/wp-json\/wp\/v2\/pages\/208","targetHints":{"allow":["GET"]}}],"collection":[{"href":"https:\/\/www.ombredestilleuls.com\/fr\/wp-json\/wp\/v2\/pages"}],"about":[{"href":"https:\/\/www.ombredestilleuls.com\/fr\/wp-json\/wp\/v2\/types\/page"}],"author":[{"embeddable":true,"href":"https:\/\/www.ombredestilleuls.com\/fr\/wp-json\/wp\/v2\/users\/1"}],"replies":[{"embeddable":true,"href":"https:\/\/www.ombredestilleuls.com\/fr\/wp-json\/wp\/v2\/comments?post=208"}],"version-history":[{"count":111,"href":"https:\/\/www.ombredestilleuls.com\/fr\/wp-json\/wp\/v2\/pages\/208\/revisions"}],"predecessor-version":[{"id":3292,"href":"https:\/\/www.ombredestilleuls.com\/fr\/wp-json\/wp\/v2\/pages\/208\/revisions\/3292"}],"wp:featuredmedia":[{"embeddable":true,"href":"https:\/\/www.ombredestilleuls.com\/fr\/wp-json\/wp\/v2\/media\/1505"}],"wp:attachment":[{"href":"https:\/\/www.ombredestilleuls.com\/fr\/wp-json\/wp\/v2\/media?parent=208"}],"wp:term":[{"taxonomy":"sujet","embeddable":true,"href":"https:\/\/www.ombredestilleuls.com\/fr\/wp-json\/wp\/v2\/sujet?post=208"}],"curies":[{"name":"wp","href":"https:\/\/api.w.org\/{rel}","templated":true}]}}