{"id":206,"date":"2023-11-01T14:33:21","date_gmt":"2023-11-01T13:33:21","guid":{"rendered":"https:\/\/www.ombredestilleuls.com\/?page_id=206"},"modified":"2026-04-13T16:35:17","modified_gmt":"2026-04-13T14:35:17","slug":"camping-pas-cher-peyrouse","status":"publish","type":"page","link":"https:\/\/www.ombredestilleuls.com\/fr\/camping-pas-cher-peyrouse\/","title":{"rendered":"Tarifs"},"content":{"rendered":"<section id=\"ls-section-block_d9d96e6c379602c2c2af06f7d1cfd98a\" class=\"ls-section  has-m-b m-b-0 has-p-b p-b-0\" >\r\n        <div class=\"container \">\r\n        \n\n<h1 class=\"ls__heading wp-block-heading\">Camping \u00e0 petit prix dans les Hautes-Pyr\u00e9n\u00e9es<\/h1>\n\n\r\n    <\/div>\r\n<\/section>\n\n<section id=\"ls-section-block_03d82e5296927ecb3bed7ba75342f5cd\" class=\"ls-section  page-iframe_tarifs has-m-t m-t-4 has-p-t p-t-4\" >\r\n        <div class=\"container container--wide\">\r\n        \n\n<iframe loading=\"lazy\" class=\"widget-emplacements\" src=\"\/wp-content\/themes\/lasai-child\/partials\/loops\/frame-thelis-tarifs.php?lang=fr\" width=\"100%\" height=\"900px\"><\/iframe>\n\n\r\n    <\/div>\r\n<\/section>\n\n<section id=\"ls-section-block_ed90bcf8710d9633fa1afffe8f763969\" class=\"ls-section  home-intro page-one has-m-b m-b-0 has-p-l p-l-8 has-p-r p-r-8\" >\r\n        <div class=\"container container--full\">\r\n        \n\n<div class=\"wp-block-columns are-vertically-aligned-center first is-layout-flex wp-container-core-columns-is-layout-9d6595d7 wp-block-columns-is-layout-flex\">\n<div class=\"wp-block-column is-vertically-aligned-center left is-layout-flow wp-block-column-is-layout-flow\" style=\"flex-basis:45%\">\n<h2 class=\"ls__heading wp-block-heading animated fadeInLeft\">Les <strong>h\u00e9bergements en location pas chers<\/strong> pr\u00e8s de Lourdes<\/h2>\n\n\n\n<p class=\"ls-paragraph\">Pr\u00eat pour un bol d&rsquo;air frais au c\u0153ur des Hautes-Pyr\u00e9n\u00e9es, juste \u00e0 c\u00f4t\u00e9 de Lourdes ? Notre <strong>camping vous propose des h\u00e9bergements \u00e0 petits prix<\/strong> pour des vacances familiales o\u00f9 la nature et le respect de l&rsquo;environnement sont les invit\u00e9s d&rsquo;honneur ! <\/p>\n\n\n\n<p class=\"ls-paragraph\">Vous pr\u00e9serverez votre budget et pourrez profiter de toutes les activit\u00e9s \u00e0 faire dans les Hautes-Pyr\u00e9n\u00e9es. C&rsquo;est pourquoi nous vous proposons des <strong>locatifs au meilleur rapport qualit\u00e9\/prix<\/strong>.<\/p>\n\n\n\n<p class=\"ls-paragraph\">Nos h\u00e9bergements, pens\u00e9s avec une conscience \u00e9coresponsable, vous garantissent un s\u00e9jour \u00e0 la fois douillet et respectueux de notre magnifique r\u00e9gion. <\/p>\n\n\n\n<p class=\"ls-paragraph\">En choisissant de r\u00e9server en direct, non seulement vous profitez des meilleurs tarifs, mais vous donnez aussi un coup de pouce \u00e0 une entreprise locale passionn\u00e9e par la pr\u00e9servation de son patrimoine naturel et culturel. Curieux de plonger dans nos offres \u00e0 prix mini ? <\/p>\n\n\n\n<p class=\"ls-paragraph\">R\u00e9servez votre s\u00e9jour d\u00e8s maintenant et venez cr\u00e9er des souvenirs avec nous !<\/p>\n<\/div>\n\n\n\n<div class=\"wp-block-column is-vertically-aligned-center right is-layout-flow wp-block-column-is-layout-flow\" style=\"flex-basis:55%\">\n<figure class=\"wp-block-gallery has-nested-images columns-default is-cropped wp-block-gallery-1 is-layout-flex wp-block-gallery-is-layout-flex\">\n<figure class=\"wp-block-image size-full animated fadeIn delay-100ms\"><a href=\"https:\/\/www.ombredestilleuls.com\/wp-content\/uploads\/2023\/12\/locatifs-au-meilleur-rapport-qualite-prix.webp\"><img decoding=\"async\" width=\"1200\" height=\"900\" data-id=\"2225\" src=\"https:\/\/www.ombredestilleuls.com\/wp-content\/uploads\/2023\/12\/locatifs-au-meilleur-rapport-qualite-prix.webp\" alt=\"locatifs au meilleur rapport qualite prix\" class=\"wp-image-2225\" srcset=\"https:\/\/www.ombredestilleuls.com\/wp-content\/uploads\/2023\/12\/locatifs-au-meilleur-rapport-qualite-prix.webp 1200w, https:\/\/www.ombredestilleuls.com\/wp-content\/uploads\/2023\/12\/locatifs-au-meilleur-rapport-qualite-prix-300x225.webp 300w, https:\/\/www.ombredestilleuls.com\/wp-content\/uploads\/2023\/12\/locatifs-au-meilleur-rapport-qualite-prix-1024x768.webp 1024w, https:\/\/www.ombredestilleuls.com\/wp-content\/uploads\/2023\/12\/locatifs-au-meilleur-rapport-qualite-prix-768x576.webp 768w\" sizes=\"(max-width: 1200px) 100vw, 1200px\" \/><\/a><\/figure>\n<\/figure>\n<\/div>\n<\/div>\n\n\r\n    <\/div>\r\n<\/section>\n\n<section id=\"ls-section-block_d5bc6602252c443de90bf746397f98a7\" class=\"ls-section  home-piscine page-two has-background-image has-parallax has-m-t m-t-10 has-m-b m-b-10 has-m-l m-l-8 has-m-r m-r-8\" >\r\n    <div class=\"ls-section__background-image opacity-100\"><img decoding=\"async\" src=\"https:\/\/www.ombredestilleuls.com\/wp-content\/uploads\/2023\/12\/offres-promotionnelles-du-camping-peyrouse.webp\" alt=\"offres promotionnelles du camping peyrouse\"><\/div>    <div class=\"container container--full\">\r\n        \n\n<div class=\"wp-block-columns is-layout-flex wp-container-core-columns-is-layout-9d6595d7 wp-block-columns-is-layout-flex\">\n<div class=\"wp-block-column is-layout-flow wp-block-column-is-layout-flow\" style=\"flex-basis:60%\"><\/div>\n\n\n\n<div class=\"wp-block-column animated fadeInRight is-layout-flow wp-block-column-is-layout-flow\" style=\"flex-basis:40%\">\n<h2 class=\"ls__heading wp-block-heading has-text-align-right\">Les <strong>offres promotionnelles<\/strong> du camping<\/h2>\n\n\n\n<p class=\"ls-paragraph has-text-align-right\">Notre <a href=\"https:\/\/www.ombredestilleuls.com\/fr\/\">camping tout pr\u00e8s de Lourdes<\/a>, vous accueille \u00e0 bras ouverts pour un s\u00e9jour \u00e0 petit prix gr\u00e2ce \u00e0 ses <strong>offres promotionnelles<\/strong>. Tout au long de la saison, nous vous proposons les offres promotionnelles de notre camping, imagin\u00e9es avec soin pour vous offrir un h\u00e9bergement \u00e0 petit prix.<\/p>\n\n\n\n<p class=\"ls-paragraph has-text-align-right\">Chaque offre promotionnelle dans notre camping pr\u00e8s de Lourdes est une occasion de <strong>r\u00e9server un s\u00e9jour \u00e0 petit prix<\/strong>. Alors, pr\u00eat \u00e0 plonger dans nos offres sp\u00e9ciales et \u00e0 faire le plein de moments pr\u00e9cieux sans faire de peine \u00e0 votre porte-monnaie ?<\/p>\n<\/div>\n<\/div>\n\n\r\n    <\/div>\r\n<\/section>\n\n<section id=\"ls-section-block_096777b803a934ecde0644013bb0c3e7\" class=\"ls-section  home-ecologie page-three has-p-l p-l-8 has-p-r p-r-8\" >\r\n        <div class=\"container container--full\">\r\n        \n\n<div class=\"wp-block-columns are-vertically-aligned-center is-layout-flex wp-container-core-columns-is-layout-9d6595d7 wp-block-columns-is-layout-flex\">\n<div class=\"wp-block-column is-vertically-aligned-center is-layout-flow wp-block-column-is-layout-flow\" style=\"flex-basis:55%\">\n<figure class=\"wp-block-gallery has-nested-images columns-default is-cropped wp-block-gallery-2 is-layout-flex wp-block-gallery-is-layout-flex\">\n<figure class=\"wp-block-image size-full animated fadeIn delay-100ms\"><a href=\"https:\/\/www.ombredestilleuls.com\/wp-content\/uploads\/2026\/04\/reception-ombre-des-tilleuls-accueil.jpg\"><img decoding=\"async\" width=\"800\" height=\"801\" data-id=\"3632\" src=\"https:\/\/www.ombredestilleuls.com\/wp-content\/uploads\/2026\/04\/reception-ombre-des-tilleuls-accueil.jpg\" alt=\"re\u0301ception ombre des tilleuls accueil\" class=\"wp-image-3632\" srcset=\"https:\/\/www.ombredestilleuls.com\/wp-content\/uploads\/2026\/04\/reception-ombre-des-tilleuls-accueil.jpg 800w, https:\/\/www.ombredestilleuls.com\/wp-content\/uploads\/2026\/04\/reception-ombre-des-tilleuls-accueil-300x300.jpg 300w, https:\/\/www.ombredestilleuls.com\/wp-content\/uploads\/2026\/04\/reception-ombre-des-tilleuls-accueil-150x150.jpg 150w, https:\/\/www.ombredestilleuls.com\/wp-content\/uploads\/2026\/04\/reception-ombre-des-tilleuls-accueil-768x769.jpg 768w\" sizes=\"(max-width: 800px) 100vw, 800px\" \/><\/a><\/figure>\n<\/figure>\n<\/div>\n\n\n\n<div class=\"wp-block-column is-vertically-aligned-center is-layout-flow wp-block-column-is-layout-flow\" style=\"flex-basis:45%\">\n<h2 class=\"ls__heading wp-block-heading animated fadeIn slower\"><strong>R\u00e9servez<\/strong> en direct<\/h2>\n\n\n\n<p class=\"ls-paragraph has-text-align-left\">Nous tenons \u00e0 \u00eatre transparents envers vous et \u00e0 maintenir la confiance qui nous lie. En r\u00e9servant en direct sur notre site, nous vous garantissons de <strong>profiter des tarifs les plus bas<\/strong>.<\/p>\n\n\n\n<p class=\"ls-paragraph has-text-align-left\">Aucuns frais cach\u00e9s, aucune surprise inattendue, juste l&rsquo;engagement d\u2019un s\u00e9jour abordable et de qualit\u00e9.<\/p>\n\n\n\n<p class=\"ls-paragraph has-text-align-left\">Alors, \u00eates-vous pr\u00eat \u00e0 vous immerger dans une aventure sereine et sans souci avec nous, en choisissant de <strong>r\u00e9server en direct<\/strong> pour votre prochaine retraite nature ?<\/p>\n<\/div>\n<\/div>\n\n\r\n    <\/div>\r\n<\/section>\n\n<section id=\"ls-section-block_5dfead8689046dc4373624bb17844955\" class=\"ls-section  page-maillage\" >\r\n        <div class=\"container container--wide\">\r\n        \n\n<div id=\"ls-heading ls-titre-div-block_d769d0b12a420b55483ea59b832abcee\" class=\"ls-titre-div animated fadeIn h2-like\" >\n    D\u00e9couvrez nos animations, nos services et notre espace aquatique !<\/div>\n\n\n\n<div id=\"ls-maillage-block_f6d1a25dc21d96916f1aed154c40243c\" class=\"ls-maillage cta-style-normal\" data-rows=\"3\">\n\n    <div class=\"wp-block-columns\"><div class=\"wp-block-column ls-cta\">\n\n<a href=\"https:\/\/www.ombredestilleuls.com\/fr\/camping-animations-peyrouse\/\" target=\"\" rel=\"noopener\" class=\"ls-cta__link\">\n\n\t<div class=\"ls-cta__image\"><img decoding=\"async\" src=\"https:\/\/www.ombredestilleuls.com\/wp-content\/uploads\/2026\/04\/animations-concert-couverture-camping-ombre-des-tilleuls-e1776089435621.jpg\" alt=\"animations concert couverture camping ombre des tilleuls\"><\/div>\n\t<div class=\"ls-cta__title\">\n\t\tAnimations\t<\/div>\n\n\t\t\n<\/a><\/div><div class=\"wp-block-column ls-cta\">\n\n<a href=\"https:\/\/www.ombredestilleuls.com\/fr\/camping-familial-peyrouse\/\" target=\"\" rel=\"noopener\" class=\"ls-cta__link\">\n\n\t<div class=\"ls-cta__image\"><img decoding=\"async\" src=\"https:\/\/www.ombredestilleuls.com\/wp-content\/uploads\/2026\/04\/camping-familial-peyrouse-ombre-tilleuls-services.jpg\" alt=\"camping familial peyrouse ombre tilleuls services\"><\/div>\n\t<div class=\"ls-cta__title\">\n\t\tServices\t<\/div>\n\n\t\t\n<\/a><\/div><div class=\"wp-block-column ls-cta\">\n\n<a href=\"https:\/\/www.ombredestilleuls.com\/fr\/camping-piscine-peyrouse\/\" target=\"\" rel=\"noopener\" class=\"ls-cta__link\">\n\n\t<div class=\"ls-cta__image\"><img decoding=\"async\" src=\"https:\/\/www.ombredestilleuls.com\/wp-content\/uploads\/2023\/12\/camping-piscine-peyrouse.webp\" alt=\"camping piscine peyrouse\"><\/div>\n\t<div class=\"ls-cta__title\">\n\t\tEspace Aquatique\t<\/div>\n\n\t\t\n<\/a><\/div>\n<\/div>\n\r\n    <\/div>\r\n<\/section>","protected":false},"excerpt":{"rendered":"","protected":false},"author":1,"featured_media":2222,"parent":0,"menu_order":0,"comment_status":"closed","ping_status":"closed","template":"","meta":{"_acf_changed":false,"inline_featured_image":false,"footnotes":""},"sujet":[],"class_list":["post-206","page","type-page","status-publish","has-post-thumbnail","hentry"],"acf":[],"yoast_head":"<!-- This site is optimized with the Yoast SEO plugin v23.4 - https:\/\/yoast.com\/wordpress\/plugins\/seo\/ -->\n<title>Camping pas cher pr\u00e8s de Lourdes | Camping au meilleur prix Hautes-Pyr\u00e9n\u00e9es<\/title>\n<meta name=\"description\" content=\"Profitez du meilleur rapport qualit\u00e9\/prix pour vos vacances au camping dans les Hautes-Pyr\u00e9n\u00e9es pr\u00e8s de Lourdes !\" \/>\n<meta name=\"robots\" content=\"index, follow, max-snippet:-1, max-image-preview:large, max-video-preview:-1\" \/>\n<link rel=\"canonical\" href=\"https:\/\/www.ombredestilleuls.com\/fr\/camping-pas-cher-peyrouse\/\" \/>\n<meta property=\"og:locale\" content=\"fr_FR\" \/>\n<meta property=\"og:type\" content=\"article\" \/>\n<meta property=\"og:title\" content=\"Camping pas cher pr\u00e8s de Lourdes | Camping au meilleur prix Hautes-Pyr\u00e9n\u00e9es\" \/>\n<meta property=\"og:description\" content=\"Profitez du meilleur rapport qualit\u00e9\/prix pour vos vacances au camping dans les Hautes-Pyr\u00e9n\u00e9es pr\u00e8s de Lourdes !\" \/>\n<meta property=\"og:url\" content=\"https:\/\/www.ombredestilleuls.com\/fr\/camping-pas-cher-peyrouse\/\" \/>\n<meta property=\"og:site_name\" content=\"Camping \u00c0 l&#039;ombre des tilleuls\" \/>\n<meta property=\"article:modified_time\" content=\"2026-04-13T14:35:17+00:00\" \/>\n<meta property=\"og:image\" content=\"https:\/\/www.ombredestilleuls.com\/wp-content\/uploads\/2023\/12\/camping-pas-cher-peyrouse.webp\" \/>\n\t<meta property=\"og:image:width\" content=\"2000\" \/>\n\t<meta property=\"og:image:height\" content=\"960\" \/>\n\t<meta property=\"og:image:type\" content=\"image\/webp\" \/>\n<meta name=\"twitter:card\" content=\"summary_large_image\" \/>\n<meta name=\"twitter:label1\" content=\"Dur\u00e9e de lecture estim\u00e9e\" \/>\n\t<meta name=\"twitter:data1\" content=\"3 minutes\" \/>\n<script type=\"application\/ld+json\" class=\"yoast-schema-graph\">{\"@context\":\"https:\/\/schema.org\",\"@graph\":[{\"@type\":\"WebPage\",\"@id\":\"https:\/\/www.ombredestilleuls.com\/fr\/camping-pas-cher-peyrouse\/\",\"url\":\"https:\/\/www.ombredestilleuls.com\/fr\/camping-pas-cher-peyrouse\/\",\"name\":\"Camping pas cher pr\u00e8s de Lourdes | Camping au meilleur prix Hautes-Pyr\u00e9n\u00e9es\",\"isPartOf\":{\"@id\":\"https:\/\/www.ombredestilleuls.com\/fr\/#website\"},\"primaryImageOfPage\":{\"@id\":\"https:\/\/www.ombredestilleuls.com\/fr\/camping-pas-cher-peyrouse\/#primaryimage\"},\"image\":{\"@id\":\"https:\/\/www.ombredestilleuls.com\/fr\/camping-pas-cher-peyrouse\/#primaryimage\"},\"thumbnailUrl\":\"https:\/\/www.ombredestilleuls.com\/wp-content\/uploads\/2023\/12\/camping-pas-cher-peyrouse.webp\",\"datePublished\":\"2023-11-01T13:33:21+00:00\",\"dateModified\":\"2026-04-13T14:35:17+00:00\",\"description\":\"Profitez du meilleur rapport qualit\u00e9\/prix pour vos vacances au camping dans les Hautes-Pyr\u00e9n\u00e9es pr\u00e8s de Lourdes !\",\"breadcrumb\":{\"@id\":\"https:\/\/www.ombredestilleuls.com\/fr\/camping-pas-cher-peyrouse\/#breadcrumb\"},\"inLanguage\":\"fr-FR\",\"potentialAction\":[{\"@type\":\"ReadAction\",\"target\":[\"https:\/\/www.ombredestilleuls.com\/fr\/camping-pas-cher-peyrouse\/\"]}]},{\"@type\":\"ImageObject\",\"inLanguage\":\"fr-FR\",\"@id\":\"https:\/\/www.ombredestilleuls.com\/fr\/camping-pas-cher-peyrouse\/#primaryimage\",\"url\":\"https:\/\/www.ombredestilleuls.com\/wp-content\/uploads\/2023\/12\/camping-pas-cher-peyrouse.webp\",\"contentUrl\":\"https:\/\/www.ombredestilleuls.com\/wp-content\/uploads\/2023\/12\/camping-pas-cher-peyrouse.webp\",\"width\":2000,\"height\":960,\"caption\":\"camping pas cher peyrouse\"},{\"@type\":\"BreadcrumbList\",\"@id\":\"https:\/\/www.ombredestilleuls.com\/fr\/camping-pas-cher-peyrouse\/#breadcrumb\",\"itemListElement\":[{\"@type\":\"ListItem\",\"position\":1,\"name\":\"Camping pr\u00e8s de Lourdes\",\"item\":\"https:\/\/www.ombredestilleuls.com\/fr\/\"},{\"@type\":\"ListItem\",\"position\":2,\"name\":\"Camping au meilleur prix pr\u00e8s de Lourdes\"}]},{\"@type\":\"WebSite\",\"@id\":\"https:\/\/www.ombredestilleuls.com\/fr\/#website\",\"url\":\"https:\/\/www.ombredestilleuls.com\/fr\/\",\"name\":\"Camping \u00c0 l&#039;ombre des tilleuls\",\"description\":\"\",\"publisher\":{\"@id\":\"https:\/\/www.ombredestilleuls.com\/fr\/#organization\"},\"potentialAction\":[{\"@type\":\"SearchAction\",\"target\":{\"@type\":\"EntryPoint\",\"urlTemplate\":\"https:\/\/www.ombredestilleuls.com\/fr\/?s={search_term_string}\"},\"query-input\":{\"@type\":\"PropertyValueSpecification\",\"valueRequired\":true,\"valueName\":\"search_term_string\"}}],\"inLanguage\":\"fr-FR\"},{\"@type\":\"Organization\",\"@id\":\"https:\/\/www.ombredestilleuls.com\/fr\/#organization\",\"name\":\"Camping \u00c0 l&#039;ombre des tilleuls\",\"url\":\"https:\/\/www.ombredestilleuls.com\/fr\/\",\"logo\":{\"@type\":\"ImageObject\",\"inLanguage\":\"fr-FR\",\"@id\":\"https:\/\/www.ombredestilleuls.com\/fr\/#\/schema\/logo\/image\/\",\"url\":\"https:\/\/www.ombredestilleuls.com\/wp-content\/uploads\/2023\/11\/cropped-Camping-A-LOmbre-Des-Tilleuls-logo-1.png\",\"contentUrl\":\"https:\/\/www.ombredestilleuls.com\/wp-content\/uploads\/2023\/11\/cropped-Camping-A-LOmbre-Des-Tilleuls-logo-1.png\",\"width\":1000,\"height\":1000,\"caption\":\"Camping \u00c0 l&#039;ombre des tilleuls\"},\"image\":{\"@id\":\"https:\/\/www.ombredestilleuls.com\/fr\/#\/schema\/logo\/image\/\"}}]}<\/script>\n<!-- \/ Yoast SEO plugin. -->","yoast_head_json":{"title":"Camping pas cher pr\u00e8s de Lourdes | Camping au meilleur prix Hautes-Pyr\u00e9n\u00e9es","description":"Profitez du meilleur rapport qualit\u00e9\/prix pour vos vacances au camping dans les Hautes-Pyr\u00e9n\u00e9es pr\u00e8s de Lourdes !","robots":{"index":"index","follow":"follow","max-snippet":"max-snippet:-1","max-image-preview":"max-image-preview:large","max-video-preview":"max-video-preview:-1"},"canonical":"https:\/\/www.ombredestilleuls.com\/fr\/camping-pas-cher-peyrouse\/","og_locale":"fr_FR","og_type":"article","og_title":"Camping pas cher pr\u00e8s de Lourdes | Camping au meilleur prix Hautes-Pyr\u00e9n\u00e9es","og_description":"Profitez du meilleur rapport qualit\u00e9\/prix pour vos vacances au camping dans les Hautes-Pyr\u00e9n\u00e9es pr\u00e8s de Lourdes !","og_url":"https:\/\/www.ombredestilleuls.com\/fr\/camping-pas-cher-peyrouse\/","og_site_name":"Camping \u00c0 l&#039;ombre des tilleuls","article_modified_time":"2026-04-13T14:35:17+00:00","og_image":[{"width":2000,"height":960,"url":"https:\/\/www.ombredestilleuls.com\/wp-content\/uploads\/2023\/12\/camping-pas-cher-peyrouse.webp","type":"image\/webp"}],"twitter_card":"summary_large_image","twitter_misc":{"Dur\u00e9e de lecture estim\u00e9e":"3 minutes"},"schema":{"@context":"https:\/\/schema.org","@graph":[{"@type":"WebPage","@id":"https:\/\/www.ombredestilleuls.com\/fr\/camping-pas-cher-peyrouse\/","url":"https:\/\/www.ombredestilleuls.com\/fr\/camping-pas-cher-peyrouse\/","name":"Camping pas cher pr\u00e8s de Lourdes | Camping au meilleur prix Hautes-Pyr\u00e9n\u00e9es","isPartOf":{"@id":"https:\/\/www.ombredestilleuls.com\/fr\/#website"},"primaryImageOfPage":{"@id":"https:\/\/www.ombredestilleuls.com\/fr\/camping-pas-cher-peyrouse\/#primaryimage"},"image":{"@id":"https:\/\/www.ombredestilleuls.com\/fr\/camping-pas-cher-peyrouse\/#primaryimage"},"thumbnailUrl":"https:\/\/www.ombredestilleuls.com\/wp-content\/uploads\/2023\/12\/camping-pas-cher-peyrouse.webp","datePublished":"2023-11-01T13:33:21+00:00","dateModified":"2026-04-13T14:35:17+00:00","description":"Profitez du meilleur rapport qualit\u00e9\/prix pour vos vacances au camping dans les Hautes-Pyr\u00e9n\u00e9es pr\u00e8s de Lourdes !","breadcrumb":{"@id":"https:\/\/www.ombredestilleuls.com\/fr\/camping-pas-cher-peyrouse\/#breadcrumb"},"inLanguage":"fr-FR","potentialAction":[{"@type":"ReadAction","target":["https:\/\/www.ombredestilleuls.com\/fr\/camping-pas-cher-peyrouse\/"]}]},{"@type":"ImageObject","inLanguage":"fr-FR","@id":"https:\/\/www.ombredestilleuls.com\/fr\/camping-pas-cher-peyrouse\/#primaryimage","url":"https:\/\/www.ombredestilleuls.com\/wp-content\/uploads\/2023\/12\/camping-pas-cher-peyrouse.webp","contentUrl":"https:\/\/www.ombredestilleuls.com\/wp-content\/uploads\/2023\/12\/camping-pas-cher-peyrouse.webp","width":2000,"height":960,"caption":"camping pas cher peyrouse"},{"@type":"BreadcrumbList","@id":"https:\/\/www.ombredestilleuls.com\/fr\/camping-pas-cher-peyrouse\/#breadcrumb","itemListElement":[{"@type":"ListItem","position":1,"name":"Camping pr\u00e8s de Lourdes","item":"https:\/\/www.ombredestilleuls.com\/fr\/"},{"@type":"ListItem","position":2,"name":"Camping au meilleur prix pr\u00e8s de Lourdes"}]},{"@type":"WebSite","@id":"https:\/\/www.ombredestilleuls.com\/fr\/#website","url":"https:\/\/www.ombredestilleuls.com\/fr\/","name":"Camping \u00c0 l&#039;ombre des tilleuls","description":"","publisher":{"@id":"https:\/\/www.ombredestilleuls.com\/fr\/#organization"},"potentialAction":[{"@type":"SearchAction","target":{"@type":"EntryPoint","urlTemplate":"https:\/\/www.ombredestilleuls.com\/fr\/?s={search_term_string}"},"query-input":{"@type":"PropertyValueSpecification","valueRequired":true,"valueName":"search_term_string"}}],"inLanguage":"fr-FR"},{"@type":"Organization","@id":"https:\/\/www.ombredestilleuls.com\/fr\/#organization","name":"Camping \u00c0 l&#039;ombre des tilleuls","url":"https:\/\/www.ombredestilleuls.com\/fr\/","logo":{"@type":"ImageObject","inLanguage":"fr-FR","@id":"https:\/\/www.ombredestilleuls.com\/fr\/#\/schema\/logo\/image\/","url":"https:\/\/www.ombredestilleuls.com\/wp-content\/uploads\/2023\/11\/cropped-Camping-A-LOmbre-Des-Tilleuls-logo-1.png","contentUrl":"https:\/\/www.ombredestilleuls.com\/wp-content\/uploads\/2023\/11\/cropped-Camping-A-LOmbre-Des-Tilleuls-logo-1.png","width":1000,"height":1000,"caption":"Camping \u00c0 l&#039;ombre des tilleuls"},"image":{"@id":"https:\/\/www.ombredestilleuls.com\/fr\/#\/schema\/logo\/image\/"}}]}},"_links":{"self":[{"href":"https:\/\/www.ombredestilleuls.com\/fr\/wp-json\/wp\/v2\/pages\/206","targetHints":{"allow":["GET"]}}],"collection":[{"href":"https:\/\/www.ombredestilleuls.com\/fr\/wp-json\/wp\/v2\/pages"}],"about":[{"href":"https:\/\/www.ombredestilleuls.com\/fr\/wp-json\/wp\/v2\/types\/page"}],"author":[{"embeddable":true,"href":"https:\/\/www.ombredestilleuls.com\/fr\/wp-json\/wp\/v2\/users\/1"}],"replies":[{"embeddable":true,"href":"https:\/\/www.ombredestilleuls.com\/fr\/wp-json\/wp\/v2\/comments?post=206"}],"version-history":[{"count":62,"href":"https:\/\/www.ombredestilleuls.com\/fr\/wp-json\/wp\/v2\/pages\/206\/revisions"}],"predecessor-version":[{"id":3713,"href":"https:\/\/www.ombredestilleuls.com\/fr\/wp-json\/wp\/v2\/pages\/206\/revisions\/3713"}],"wp:featuredmedia":[{"embeddable":true,"href":"https:\/\/www.ombredestilleuls.com\/fr\/wp-json\/wp\/v2\/media\/2222"}],"wp:attachment":[{"href":"https:\/\/www.ombredestilleuls.com\/fr\/wp-json\/wp\/v2\/media?parent=206"}],"wp:term":[{"taxonomy":"sujet","embeddable":true,"href":"https:\/\/www.ombredestilleuls.com\/fr\/wp-json\/wp\/v2\/sujet?post=206"}],"curies":[{"name":"wp","href":"https:\/\/api.w.org\/{rel}","templated":true}]}}