{"id":205,"date":"2023-11-01T14:33:15","date_gmt":"2023-11-01T13:33:15","guid":{"rendered":"https:\/\/www.ombredestilleuls.com\/?page_id=205"},"modified":"2024-01-18T13:54:00","modified_gmt":"2024-01-18T12:54:00","slug":"location-emplacement-peyrouse","status":"publish","type":"page","link":"https:\/\/www.ombredestilleuls.com\/fr\/location-emplacement-peyrouse\/","title":{"rendered":"Emplacements"},"content":{"rendered":"<section id=\"ls-section-block_1fae643f17767603eab6fb4519a5a1a3\" class=\"ls-section  has-m-b m-b-2 has-p-b p-b-0\" >\r\n        <div class=\"container \">\r\n        \n\n<h1 class=\"ls__heading wp-block-heading\">Louez un emplacement pr\u00e8s de Lourdes<\/h1>\n\n\r\n    <\/div>\r\n<\/section>\n\n<section id=\"ls-section-block_a5c60c52a36d477648331222b08aef98\" class=\"ls-section  page-iframe_emplacement has-m-t m-t-4 has-p-t p-t-4\" >\r\n        <div class=\"container container--wide\">\r\n        \n\n<iframe loading=\"lazy\" class=\"widget-emplacements\" src=\"\/wp-content\/themes\/lasai-child\/partials\/loops\/frame-thelis-emplacements.php?lang=fr\" width=\"100%\" height=\"700px\"><\/iframe>\n\n\r\n    <\/div>\r\n<\/section>\n\n<section id=\"ls-section-block_abb13d0edc6df1d794c0f1b413dec268\" class=\"ls-section  home-intro page-one has-m-b m-b-0 has-p-l p-l-8 has-p-r p-r-8\" >\r\n        <div class=\"container container--full\">\r\n        \n\n<div class=\"wp-block-columns are-vertically-aligned-center first is-layout-flex wp-container-core-columns-is-layout-9d6595d7 wp-block-columns-is-layout-flex\">\n<div class=\"wp-block-column is-vertically-aligned-center left is-layout-flow wp-block-column-is-layout-flow\" style=\"flex-basis:45%\">\n<h2 class=\"ls__heading wp-block-heading animated fadeInLeft\"><strong>Louer un emplacement<\/strong> spacieux dans les Hautes-Pyr\u00e9n\u00e9es<\/h2>\n\n\n\n<p class=\"ls-paragraph\">Envie d&rsquo;un souffle d&rsquo;\u00e9vasion au c\u0153ur des Hautes-Pyr\u00e9n\u00e9es ? Tous nos emplacements en location, nich\u00e9s dans un \u00e9crin de verdure, ont l\u2019\u00e9lectricit\u00e9 10A. Avec des espaces allant de<strong> 100 m\u00b2 \u00e0 plus de 150 m\u00b2<\/strong>, accueillant de <strong>1 \u00e0 6 personnes<\/strong>, vous pourrez choisir votre coin de paradis, <strong>ensoleill\u00e9 ou ombrag\u00e9<\/strong>, pour des moments de d\u00e9tente sur mesure.<\/p>\n\n\n\n<p class=\"ls-paragraph\">Ici, c&rsquo;est l&rsquo;<strong>esprit authentique et familial du camping<\/strong> qui r\u00e8gne, o\u00f9 les emplacements, libres de haies, cultivent le<strong> partage et le respect<\/strong> entre voisins de tente. Que vous cherchiez \u00e0 vous immerger dans la qui\u00e9tude de la nature ou \u00e0 construire des souvenirs ind\u00e9l\u00e9biles avec vos proches, nos emplacements, \u00e0 la fois <strong>spacieux et chaleureux<\/strong>, sont votre billet pour une escapade \u00e0 la fois familiale et \u00e9co responsable dans les Hautes-Pyr\u00e9n\u00e9es. Pr\u00eats \u00e0 vous installer ?<\/p>\n\n\n\n<p class=\"ls-paragraph\">Cette ann\u00e9e, nous proposons \u00e0 nos amis cyclistes, randonneurs ou baroudeurs, voyageant seul, un forfait sp\u00e9cial comprenant l\u2019emplacement, l\u2019acc\u00e8s aux sanitaires et le forfait WIFI\u2026<\/p>\n<\/div>\n\n\n\n<div class=\"wp-block-column is-vertically-aligned-center right is-layout-flow wp-block-column-is-layout-flow\" style=\"flex-basis:55%\">\n<figure class=\"wp-block-gallery has-nested-images columns-default is-cropped wp-block-gallery-1 is-layout-flex wp-block-gallery-is-layout-flex\">\n<figure class=\"wp-block-image size-full animated fadeIn delay-100ms\"><a href=\"https:\/\/www.ombredestilleuls.com\/wp-content\/uploads\/2023\/12\/louer-un-emplacement-dans-les-hautes-pyrenees.webp\"><img decoding=\"async\" width=\"1200\" height=\"900\" data-id=\"2072\" src=\"https:\/\/www.ombredestilleuls.com\/wp-content\/uploads\/2023\/12\/louer-un-emplacement-dans-les-hautes-pyrenees.webp\" alt=\"louer un emplacement dans les hautes pyrenees\" class=\"wp-image-2072\" srcset=\"https:\/\/www.ombredestilleuls.com\/wp-content\/uploads\/2023\/12\/louer-un-emplacement-dans-les-hautes-pyrenees.webp 1200w, https:\/\/www.ombredestilleuls.com\/wp-content\/uploads\/2023\/12\/louer-un-emplacement-dans-les-hautes-pyrenees-300x225.webp 300w, https:\/\/www.ombredestilleuls.com\/wp-content\/uploads\/2023\/12\/louer-un-emplacement-dans-les-hautes-pyrenees-1024x768.webp 1024w, https:\/\/www.ombredestilleuls.com\/wp-content\/uploads\/2023\/12\/louer-un-emplacement-dans-les-hautes-pyrenees-768x576.webp 768w\" sizes=\"(max-width: 1200px) 100vw, 1200px\" \/><\/a><\/figure>\n<\/figure>\n<\/div>\n<\/div>\n\n\r\n    <\/div>\r\n<\/section>\n\n<section id=\"ls-section-block_e5a7ec6a5003f4152bdd5e11bcdce8ff\" class=\"ls-section  home-piscine page-two has-background-image has-parallax has-m-t m-t-10 has-m-b m-b-10 has-m-l m-l-8 has-m-r m-r-8\" >\r\n    <div class=\"ls-section__background-image opacity-100\"><img decoding=\"async\" src=\"https:\/\/www.ombredestilleuls.com\/wp-content\/uploads\/2023\/12\/emplacements-ideaux-pour-cyclistes-et-randonneurs.webp\" alt=\"emplacements ideaux pour cyclistes et randonneurs\"><\/div>    <div class=\"container container--full\">\r\n        \n\n<div class=\"wp-block-columns is-layout-flex wp-container-core-columns-is-layout-9d6595d7 wp-block-columns-is-layout-flex\">\n<div class=\"wp-block-column is-layout-flow wp-block-column-is-layout-flow\" style=\"flex-basis:60%\"><\/div>\n\n\n\n<div class=\"wp-block-column animated fadeInRight is-layout-flow wp-block-column-is-layout-flow\" style=\"flex-basis:40%\">\n<h2 class=\"ls__heading wp-block-heading has-text-align-right\"><strong>Emplacements id\u00e9aux<\/strong> pour cyclistes et randonneurs pr\u00e8s de Lourdes<\/h2>\n\n\n\n<p class=\"ls-paragraph has-text-align-right\">De plus, notre emplacement de camping jouit d&rsquo;une situation privil\u00e9gi\u00e9e sur le chemin de Compostelle, ce qui en fait une halte id\u00e9ale pour les p\u00e8lerins en qu\u00eate d&rsquo;un lieu de repos et de ressourcement.<\/p>\n\n\n\n<p class=\"ls-paragraph has-text-align-right\">Les<strong> amateurs de cyclisme et de randonn\u00e9e<\/strong> seront \u00e9galement combl\u00e9s par notre emplacement strat\u00e9gique pr\u00e8s du col l\u00e9gendaire du Tourmalet.<\/p>\n\n\n\n<p class=\"ls-paragraph has-text-align-right\">En partenariat avec <a href=\"https:\/\/www.easybalade.fr\/\" target=\"_blank\" rel=\"noreferrer noopener\">Easy Balade \u00e0 Coarraze<\/a>, nous offrons un<strong> service pratique de livraison de v\u00e9los directement au camping<\/strong>, facilitant ainsi l&rsquo;exploration de la magnifique r\u00e9gion environnante. Vous b\u00e9n\u00e9ficierez des tarifs sp\u00e9ciaux pour les campeurs.<\/p>\n\n\n\n<p class=\"ls-paragraph has-text-align-right\">R\u00e9servez votre v\u00e9lo en m\u00eame temps que votre emplacement.<\/p>\n<\/div>\n<\/div>\n\n\r\n    <\/div>\r\n<\/section>\n\n<section id=\"ls-section-block_892b314a9d6901114f5ed1e81a5e0072\" class=\"ls-section  home-ecologie page-three has-p-l p-l-8 has-p-r p-r-8\" >\r\n        <div class=\"container container--full\">\r\n        \n\n<div class=\"wp-block-columns are-vertically-aligned-center is-layout-flex wp-container-core-columns-is-layout-9d6595d7 wp-block-columns-is-layout-flex\">\n<div class=\"wp-block-column is-vertically-aligned-center is-layout-flow wp-block-column-is-layout-flow\" style=\"flex-basis:55%\">\n<figure class=\"wp-block-gallery has-nested-images columns-default is-cropped wp-block-gallery-2 is-layout-flex wp-block-gallery-is-layout-flex\">\n<figure class=\"wp-block-image size-full animated fadeIn delay-100ms\"><a href=\"https:\/\/www.ombredestilleuls.com\/wp-content\/uploads\/2023\/12\/sanitaires-de-qualite.webp\"><img decoding=\"async\" width=\"1200\" height=\"900\" data-id=\"2078\" src=\"https:\/\/www.ombredestilleuls.com\/wp-content\/uploads\/2023\/12\/sanitaires-de-qualite.webp\" alt=\"sanitaires de qualite\" class=\"wp-image-2078\" srcset=\"https:\/\/www.ombredestilleuls.com\/wp-content\/uploads\/2023\/12\/sanitaires-de-qualite.webp 1200w, https:\/\/www.ombredestilleuls.com\/wp-content\/uploads\/2023\/12\/sanitaires-de-qualite-300x225.webp 300w, https:\/\/www.ombredestilleuls.com\/wp-content\/uploads\/2023\/12\/sanitaires-de-qualite-1024x768.webp 1024w, https:\/\/www.ombredestilleuls.com\/wp-content\/uploads\/2023\/12\/sanitaires-de-qualite-768x576.webp 768w\" sizes=\"(max-width: 1200px) 100vw, 1200px\" \/><\/a><\/figure>\n<\/figure>\n<\/div>\n\n\n\n<div class=\"wp-block-column is-vertically-aligned-center is-layout-flow wp-block-column-is-layout-flow\" style=\"flex-basis:45%\">\n<h2 class=\"ls__heading wp-block-heading animated fadeIn slower\">Nos sanitaires de qualit\u00e9<\/h2>\n\n\n\n<p class=\"ls-paragraph has-text-align-left\">Pr\u00e8s de votre emplacement, vous aurez <strong>acc\u00e8s \u00e0 nos deux blocs sanitaires<\/strong>, dont un qui vous accueille tout au long de la saison et un autre qui ouvre ses portes d\u00e8s le mois de juin, on vous assure accessibilit\u00e9 et confort \u00e0 tous les instants.<\/p>\n\n\n\n<p class=\"ls-paragraph has-text-align-left\">Et parce que tout le monde m\u00e9rite une exp\u00e9rience agr\u00e9able, ces <strong>espaces sont accessibles aux PMR <\/strong>et chouchoutent aussi les tout-petits avec un <strong>espace b\u00e9b\u00e9<\/strong>.<\/p>\n<\/div>\n<\/div>\n\n\r\n    <\/div>\r\n<\/section>\n\n<section id=\"ls-section-block_96e7d780d27cb4d592af0a124a56a98d\" class=\"ls-section  home-ecologie page-five has-m-t m-t-0 has-p-t p-t-0 has-p-l p-l-8 has-p-r p-r-8\" >\r\n        <div class=\"container container--full\">\r\n        \n\n<div class=\"wp-block-columns are-vertically-aligned-center is-layout-flex wp-container-core-columns-is-layout-9d6595d7 wp-block-columns-is-layout-flex\">\n<div class=\"wp-block-column is-vertically-aligned-center is-layout-flow wp-block-column-is-layout-flow\" style=\"flex-basis:45%\">\n<h2 class=\"ls__heading wp-block-heading animated fadeIn slower\">Les \u00e9quipements en suppl\u00e9ment<\/h2>\n\n\n\n<p class=\"ls-paragraph\">S\u00e9journez dans un <strong>cadre convivial et serein<\/strong> aux abords de Lourdes avec nos <strong>options de locations suppl\u00e9mentaires<\/strong>. Imaginez vos journ\u00e9es baign\u00e9es de soleil et vos soir\u00e9es doucement \u00e9clair\u00e9es, car oui, <strong>tous nos emplacements sont \u00e9quip\u00e9s d\u2019\u00e9lectricit\u00e9\u202f<\/strong>! Et pas de panique pour vos appareils, des adaptateurs sont disponibles contre une simple caution de 10 \u20ac. <\/p>\n\n\n\n<p class=\"ls-paragraph\">Nich\u00e9 dans les majestueuses Hautes-Pyr\u00e9n\u00e9es, notre <a href=\"https:\/\/www.ombredestilleuls.com\/fr\/\">camping \u00e0 proximit\u00e9 de Lourdes<\/a> s\u2019engage \u00e0 vous faire vivre une aventure \u00e0 la fois \u00e9co responsable et respectueuse de notre belle nature, tout en vous assurant, \u00e0 vous et \u00e0 vos proches, des moments inoubliables.<\/p>\n<\/div>\n\n\n\n<div class=\"wp-block-column is-vertically-aligned-center is-layout-flow wp-block-column-is-layout-flow\" style=\"flex-basis:55%\">\n<figure class=\"wp-block-gallery has-nested-images columns-default is-cropped wp-block-gallery-3 is-layout-flex wp-block-gallery-is-layout-flex\">\n<figure class=\"wp-block-image size-full animated zoomIn\"><a href=\"https:\/\/www.ombredestilleuls.com\/wp-content\/uploads\/2023\/12\/emplacements-sont-equipes-d-electricite.webp\"><img decoding=\"async\" width=\"1200\" height=\"900\" data-id=\"2081\" src=\"https:\/\/www.ombredestilleuls.com\/wp-content\/uploads\/2023\/12\/emplacements-sont-equipes-d-electricite.webp\" alt=\"emplacements equipes d electricite\" class=\"wp-image-2081\" srcset=\"https:\/\/www.ombredestilleuls.com\/wp-content\/uploads\/2023\/12\/emplacements-sont-equipes-d-electricite.webp 1200w, https:\/\/www.ombredestilleuls.com\/wp-content\/uploads\/2023\/12\/emplacements-sont-equipes-d-electricite-300x225.webp 300w, https:\/\/www.ombredestilleuls.com\/wp-content\/uploads\/2023\/12\/emplacements-sont-equipes-d-electricite-1024x768.webp 1024w, https:\/\/www.ombredestilleuls.com\/wp-content\/uploads\/2023\/12\/emplacements-sont-equipes-d-electricite-768x576.webp 768w\" sizes=\"(max-width: 1200px) 100vw, 1200px\" \/><\/a><\/figure>\n<\/figure>\n<\/div>\n<\/div>\n\n\r\n    <\/div>\r\n<\/section>\n\n<section id=\"ls-section-block_fbc9547088473291318c39e50a4a2ee3\" class=\"ls-section  page-maillage\" >\r\n        <div class=\"container container--wide\">\r\n        \n\n<div id=\"ls-heading ls-titre-div-block_0f5729252452d783259f8f9f7e2cfe48\" class=\"ls-titre-div animated fadeIn h2-like\" >\n    D\u00e9couvrez nos services et nos h\u00e9bergements !<\/div>\n\n\n\n<div id=\"ls-maillage-block_06ccb290e8612df6db12bac3dbd49c55\" class=\"ls-maillage cta-style-normal\" data-rows=\"3\">\n\n    <div class=\"wp-block-columns\"><div class=\"wp-block-column ls-cta\">\n\n<a href=\"https:\/\/www.ombredestilleuls.com\/fr\/camping-familial-peyrouse\/\" target=\"\" rel=\"noopener\" class=\"ls-cta__link\">\n\n\t<div class=\"ls-cta__image\"><img decoding=\"async\" src=\"https:\/\/www.ombredestilleuls.com\/wp-content\/uploads\/2023\/12\/camping-familial-peyrouse.webp\" alt=\"camping familial peyrouse\"><\/div>\n\t<div class=\"ls-cta__title\">\n\t\tServices\t<\/div>\n\n\t\t\n<\/a><\/div><div class=\"wp-block-column ls-cta\">\n\n<a href=\"https:\/\/www.ombredestilleuls.com\/fr\/location-mobil-home-peyrouse\/\" target=\"\" rel=\"noopener\" class=\"ls-cta__link\">\n\n\t<div class=\"ls-cta__image\"><img decoding=\"async\" src=\"https:\/\/www.ombredestilleuls.com\/wp-content\/uploads\/2023\/12\/location-mobil-home-peyrouse.webp\" alt=\"location mobil home peyrouse\"><\/div>\n\t<div class=\"ls-cta__title\">\n\t\tLocatifs\t<\/div>\n\n\t\t\n<\/a><\/div><div class=\"wp-block-column ls-cta\">\n\n<a href=\"https:\/\/www.ombredestilleuls.com\/fr\/location-atypique-peyrouse\/\" target=\"\" rel=\"noopener\" class=\"ls-cta__link\">\n\n\t<div class=\"ls-cta__image\"><img decoding=\"async\" src=\"https:\/\/www.ombredestilleuls.com\/wp-content\/uploads\/2023\/12\/location-atypique-peyrouse.webp\" alt=\"location atypique peyrouse\"><\/div>\n\t<div class=\"ls-cta__title\">\n\t\tInsolites\t<\/div>\n\n\t\t\n<\/a><\/div><\/div>\n<\/div>\n\r\n    <\/div>\r\n<\/section>","protected":false},"excerpt":{"rendered":"","protected":false},"author":1,"featured_media":2068,"parent":0,"menu_order":0,"comment_status":"closed","ping_status":"closed","template":"","meta":{"_acf_changed":false,"inline_featured_image":false,"footnotes":""},"sujet":[],"class_list":["post-205","page","type-page","status-publish","has-post-thumbnail","hentry"],"acf":[],"yoast_head":"<!-- This site is optimized with the Yoast SEO plugin v23.4 - https:\/\/yoast.com\/wordpress\/plugins\/seo\/ -->\n<title>Louer emplacement pr\u00e8s de Lourdes | Emplacement caravaning Hautes-Pyr\u00e9n\u00e9es<\/title>\n<meta name=\"description\" content=\"Notre camping \u00c0 l&#039;Ombre des Tilleuls pr\u00e8s de Lourdes dans les Pyr\u00e9n\u00e9es vous propose ses emplacements Nature pour les f\u00e9rus de camping traditionnel.\" \/>\n<meta name=\"robots\" content=\"index, follow, max-snippet:-1, max-image-preview:large, max-video-preview:-1\" \/>\n<link rel=\"canonical\" href=\"https:\/\/www.ombredestilleuls.com\/fr\/location-emplacement-peyrouse\/\" \/>\n<meta property=\"og:locale\" content=\"fr_FR\" \/>\n<meta property=\"og:type\" content=\"article\" \/>\n<meta property=\"og:title\" content=\"Louer emplacement pr\u00e8s de Lourdes | Emplacement caravaning Hautes-Pyr\u00e9n\u00e9es\" \/>\n<meta property=\"og:description\" content=\"Notre camping \u00c0 l&#039;Ombre des Tilleuls pr\u00e8s de Lourdes dans les Pyr\u00e9n\u00e9es vous propose ses emplacements Nature pour les f\u00e9rus de camping traditionnel.\" \/>\n<meta property=\"og:url\" content=\"https:\/\/www.ombredestilleuls.com\/fr\/location-emplacement-peyrouse\/\" \/>\n<meta property=\"og:site_name\" content=\"Camping Paradis \u00c0 l&#039;ombre des tilleuls\" \/>\n<meta property=\"article:modified_time\" content=\"2024-01-18T12:54:00+00:00\" \/>\n<meta property=\"og:image\" content=\"https:\/\/www.ombredestilleuls.com\/wp-content\/uploads\/2023\/12\/location-emplacement-peyrouse.webp\" \/>\n\t<meta property=\"og:image:width\" content=\"2000\" \/>\n\t<meta property=\"og:image:height\" content=\"1500\" \/>\n\t<meta property=\"og:image:type\" content=\"image\/webp\" \/>\n<meta name=\"twitter:card\" content=\"summary_large_image\" \/>\n<meta name=\"twitter:label1\" content=\"Dur\u00e9e de lecture estim\u00e9e\" \/>\n\t<meta name=\"twitter:data1\" content=\"4 minutes\" \/>\n<script type=\"application\/ld+json\" class=\"yoast-schema-graph\">{\"@context\":\"https:\/\/schema.org\",\"@graph\":[{\"@type\":\"WebPage\",\"@id\":\"https:\/\/www.ombredestilleuls.com\/fr\/location-emplacement-peyrouse\/\",\"url\":\"https:\/\/www.ombredestilleuls.com\/fr\/location-emplacement-peyrouse\/\",\"name\":\"Louer emplacement pr\u00e8s de Lourdes | Emplacement caravaning Hautes-Pyr\u00e9n\u00e9es\",\"isPartOf\":{\"@id\":\"https:\/\/www.ombredestilleuls.com\/fr\/#website\"},\"primaryImageOfPage\":{\"@id\":\"https:\/\/www.ombredestilleuls.com\/fr\/location-emplacement-peyrouse\/#primaryimage\"},\"image\":{\"@id\":\"https:\/\/www.ombredestilleuls.com\/fr\/location-emplacement-peyrouse\/#primaryimage\"},\"thumbnailUrl\":\"https:\/\/www.ombredestilleuls.com\/wp-content\/uploads\/2023\/12\/location-emplacement-peyrouse.webp\",\"datePublished\":\"2023-11-01T13:33:15+00:00\",\"dateModified\":\"2024-01-18T12:54:00+00:00\",\"description\":\"Notre camping \u00c0 l'Ombre des Tilleuls pr\u00e8s de Lourdes dans les Pyr\u00e9n\u00e9es vous propose ses emplacements Nature pour les f\u00e9rus de camping traditionnel.\",\"breadcrumb\":{\"@id\":\"https:\/\/www.ombredestilleuls.com\/fr\/location-emplacement-peyrouse\/#breadcrumb\"},\"inLanguage\":\"fr-FR\",\"potentialAction\":[{\"@type\":\"ReadAction\",\"target\":[\"https:\/\/www.ombredestilleuls.com\/fr\/location-emplacement-peyrouse\/\"]}]},{\"@type\":\"ImageObject\",\"inLanguage\":\"fr-FR\",\"@id\":\"https:\/\/www.ombredestilleuls.com\/fr\/location-emplacement-peyrouse\/#primaryimage\",\"url\":\"https:\/\/www.ombredestilleuls.com\/wp-content\/uploads\/2023\/12\/location-emplacement-peyrouse.webp\",\"contentUrl\":\"https:\/\/www.ombredestilleuls.com\/wp-content\/uploads\/2023\/12\/location-emplacement-peyrouse.webp\",\"width\":2000,\"height\":1500,\"caption\":\"location emplacement peyrouse\"},{\"@type\":\"BreadcrumbList\",\"@id\":\"https:\/\/www.ombredestilleuls.com\/fr\/location-emplacement-peyrouse\/#breadcrumb\",\"itemListElement\":[{\"@type\":\"ListItem\",\"position\":1,\"name\":\"Camping pr\u00e8s de Lourdes\",\"item\":\"https:\/\/www.ombredestilleuls.com\/fr\/\"},{\"@type\":\"ListItem\",\"position\":2,\"name\":\"Emplacement caravaning dans les Hautes-Pyr\u00e9n\u00e9es\"}]},{\"@type\":\"WebSite\",\"@id\":\"https:\/\/www.ombredestilleuls.com\/fr\/#website\",\"url\":\"https:\/\/www.ombredestilleuls.com\/fr\/\",\"name\":\"Camping Paradis \u00c0 l&#039;ombre des tilleuls\",\"description\":\"\",\"publisher\":{\"@id\":\"https:\/\/www.ombredestilleuls.com\/fr\/#organization\"},\"potentialAction\":[{\"@type\":\"SearchAction\",\"target\":{\"@type\":\"EntryPoint\",\"urlTemplate\":\"https:\/\/www.ombredestilleuls.com\/fr\/?s={search_term_string}\"},\"query-input\":{\"@type\":\"PropertyValueSpecification\",\"valueRequired\":true,\"valueName\":\"search_term_string\"}}],\"inLanguage\":\"fr-FR\"},{\"@type\":\"Organization\",\"@id\":\"https:\/\/www.ombredestilleuls.com\/fr\/#organization\",\"name\":\"Camping Paradis \u00c0 l&#039;ombre des tilleuls\",\"url\":\"https:\/\/www.ombredestilleuls.com\/fr\/\",\"logo\":{\"@type\":\"ImageObject\",\"inLanguage\":\"fr-FR\",\"@id\":\"https:\/\/www.ombredestilleuls.com\/fr\/#\/schema\/logo\/image\/\",\"url\":\"https:\/\/www.ombredestilleuls.com\/wp-content\/uploads\/2023\/11\/cropped-camping-a-lombre-des-tilleuls.png\",\"contentUrl\":\"https:\/\/www.ombredestilleuls.com\/wp-content\/uploads\/2023\/11\/cropped-camping-a-lombre-des-tilleuls.png\",\"width\":800,\"height\":493,\"caption\":\"Camping Paradis \u00c0 l&#039;ombre des tilleuls\"},\"image\":{\"@id\":\"https:\/\/www.ombredestilleuls.com\/fr\/#\/schema\/logo\/image\/\"}}]}<\/script>\n<!-- \/ Yoast SEO plugin. -->","yoast_head_json":{"title":"Louer emplacement pr\u00e8s de Lourdes | Emplacement caravaning Hautes-Pyr\u00e9n\u00e9es","description":"Notre camping \u00c0 l'Ombre des Tilleuls pr\u00e8s de Lourdes dans les Pyr\u00e9n\u00e9es vous propose ses emplacements Nature pour les f\u00e9rus de camping traditionnel.","robots":{"index":"index","follow":"follow","max-snippet":"max-snippet:-1","max-image-preview":"max-image-preview:large","max-video-preview":"max-video-preview:-1"},"canonical":"https:\/\/www.ombredestilleuls.com\/fr\/location-emplacement-peyrouse\/","og_locale":"fr_FR","og_type":"article","og_title":"Louer emplacement pr\u00e8s de Lourdes | Emplacement caravaning Hautes-Pyr\u00e9n\u00e9es","og_description":"Notre camping \u00c0 l'Ombre des Tilleuls pr\u00e8s de Lourdes dans les Pyr\u00e9n\u00e9es vous propose ses emplacements Nature pour les f\u00e9rus de camping traditionnel.","og_url":"https:\/\/www.ombredestilleuls.com\/fr\/location-emplacement-peyrouse\/","og_site_name":"Camping Paradis \u00c0 l&#039;ombre des tilleuls","article_modified_time":"2024-01-18T12:54:00+00:00","og_image":[{"width":2000,"height":1500,"url":"https:\/\/www.ombredestilleuls.com\/wp-content\/uploads\/2023\/12\/location-emplacement-peyrouse.webp","type":"image\/webp"}],"twitter_card":"summary_large_image","twitter_misc":{"Dur\u00e9e de lecture estim\u00e9e":"4 minutes"},"schema":{"@context":"https:\/\/schema.org","@graph":[{"@type":"WebPage","@id":"https:\/\/www.ombredestilleuls.com\/fr\/location-emplacement-peyrouse\/","url":"https:\/\/www.ombredestilleuls.com\/fr\/location-emplacement-peyrouse\/","name":"Louer emplacement pr\u00e8s de Lourdes | Emplacement caravaning Hautes-Pyr\u00e9n\u00e9es","isPartOf":{"@id":"https:\/\/www.ombredestilleuls.com\/fr\/#website"},"primaryImageOfPage":{"@id":"https:\/\/www.ombredestilleuls.com\/fr\/location-emplacement-peyrouse\/#primaryimage"},"image":{"@id":"https:\/\/www.ombredestilleuls.com\/fr\/location-emplacement-peyrouse\/#primaryimage"},"thumbnailUrl":"https:\/\/www.ombredestilleuls.com\/wp-content\/uploads\/2023\/12\/location-emplacement-peyrouse.webp","datePublished":"2023-11-01T13:33:15+00:00","dateModified":"2024-01-18T12:54:00+00:00","description":"Notre camping \u00c0 l'Ombre des Tilleuls pr\u00e8s de Lourdes dans les Pyr\u00e9n\u00e9es vous propose ses emplacements Nature pour les f\u00e9rus de camping traditionnel.","breadcrumb":{"@id":"https:\/\/www.ombredestilleuls.com\/fr\/location-emplacement-peyrouse\/#breadcrumb"},"inLanguage":"fr-FR","potentialAction":[{"@type":"ReadAction","target":["https:\/\/www.ombredestilleuls.com\/fr\/location-emplacement-peyrouse\/"]}]},{"@type":"ImageObject","inLanguage":"fr-FR","@id":"https:\/\/www.ombredestilleuls.com\/fr\/location-emplacement-peyrouse\/#primaryimage","url":"https:\/\/www.ombredestilleuls.com\/wp-content\/uploads\/2023\/12\/location-emplacement-peyrouse.webp","contentUrl":"https:\/\/www.ombredestilleuls.com\/wp-content\/uploads\/2023\/12\/location-emplacement-peyrouse.webp","width":2000,"height":1500,"caption":"location emplacement peyrouse"},{"@type":"BreadcrumbList","@id":"https:\/\/www.ombredestilleuls.com\/fr\/location-emplacement-peyrouse\/#breadcrumb","itemListElement":[{"@type":"ListItem","position":1,"name":"Camping pr\u00e8s de Lourdes","item":"https:\/\/www.ombredestilleuls.com\/fr\/"},{"@type":"ListItem","position":2,"name":"Emplacement caravaning dans les Hautes-Pyr\u00e9n\u00e9es"}]},{"@type":"WebSite","@id":"https:\/\/www.ombredestilleuls.com\/fr\/#website","url":"https:\/\/www.ombredestilleuls.com\/fr\/","name":"Camping Paradis \u00c0 l&#039;ombre des tilleuls","description":"","publisher":{"@id":"https:\/\/www.ombredestilleuls.com\/fr\/#organization"},"potentialAction":[{"@type":"SearchAction","target":{"@type":"EntryPoint","urlTemplate":"https:\/\/www.ombredestilleuls.com\/fr\/?s={search_term_string}"},"query-input":{"@type":"PropertyValueSpecification","valueRequired":true,"valueName":"search_term_string"}}],"inLanguage":"fr-FR"},{"@type":"Organization","@id":"https:\/\/www.ombredestilleuls.com\/fr\/#organization","name":"Camping Paradis \u00c0 l&#039;ombre des tilleuls","url":"https:\/\/www.ombredestilleuls.com\/fr\/","logo":{"@type":"ImageObject","inLanguage":"fr-FR","@id":"https:\/\/www.ombredestilleuls.com\/fr\/#\/schema\/logo\/image\/","url":"https:\/\/www.ombredestilleuls.com\/wp-content\/uploads\/2023\/11\/cropped-camping-a-lombre-des-tilleuls.png","contentUrl":"https:\/\/www.ombredestilleuls.com\/wp-content\/uploads\/2023\/11\/cropped-camping-a-lombre-des-tilleuls.png","width":800,"height":493,"caption":"Camping Paradis \u00c0 l&#039;ombre des tilleuls"},"image":{"@id":"https:\/\/www.ombredestilleuls.com\/fr\/#\/schema\/logo\/image\/"}}]}},"_links":{"self":[{"href":"https:\/\/www.ombredestilleuls.com\/fr\/wp-json\/wp\/v2\/pages\/205","targetHints":{"allow":["GET"]}}],"collection":[{"href":"https:\/\/www.ombredestilleuls.com\/fr\/wp-json\/wp\/v2\/pages"}],"about":[{"href":"https:\/\/www.ombredestilleuls.com\/fr\/wp-json\/wp\/v2\/types\/page"}],"author":[{"embeddable":true,"href":"https:\/\/www.ombredestilleuls.com\/fr\/wp-json\/wp\/v2\/users\/1"}],"replies":[{"embeddable":true,"href":"https:\/\/www.ombredestilleuls.com\/fr\/wp-json\/wp\/v2\/comments?post=205"}],"version-history":[{"count":76,"href":"https:\/\/www.ombredestilleuls.com\/fr\/wp-json\/wp\/v2\/pages\/205\/revisions"}],"predecessor-version":[{"id":3466,"href":"https:\/\/www.ombredestilleuls.com\/fr\/wp-json\/wp\/v2\/pages\/205\/revisions\/3466"}],"wp:featuredmedia":[{"embeddable":true,"href":"https:\/\/www.ombredestilleuls.com\/fr\/wp-json\/wp\/v2\/media\/2068"}],"wp:attachment":[{"href":"https:\/\/www.ombredestilleuls.com\/fr\/wp-json\/wp\/v2\/media?parent=205"}],"wp:term":[{"taxonomy":"sujet","embeddable":true,"href":"https:\/\/www.ombredestilleuls.com\/fr\/wp-json\/wp\/v2\/sujet?post=205"}],"curies":[{"name":"wp","href":"https:\/\/api.w.org\/{rel}","templated":true}]}}