{"id":197,"date":"2023-11-01T14:32:46","date_gmt":"2023-11-01T13:32:46","guid":{"rendered":"https:\/\/www.ombredestilleuls.com\/?page_id=197"},"modified":"2024-09-24T14:54:08","modified_gmt":"2024-09-24T12:54:08","slug":"camping-piscine-peyrouse","status":"publish","type":"page","link":"https:\/\/www.ombredestilleuls.com\/fr\/camping-piscine-peyrouse\/","title":{"rendered":"Espace Aquatique"},"content":{"rendered":"<section id=\"ls-section-block_61289542c5ee9418d1a99b99945732fe\" class=\"ls-section  home-intro page-one has-m-b m-b-0 has-p-b p-b-0\" >\r\n        <div class=\"container container--full\">\r\n        \n\n<h1 class=\"ls__heading wp-block-heading has-text-align-center animated fadeIn slower\">Camping avec piscine dans les Hautes-Pyr\u00e9n\u00e9es<\/h1>\n\n\r\n    <\/div>\r\n<\/section>\n\n<section id=\"ls-section-block_f00915cf84c8169927dbddbd8202b762\" class=\"ls-section  home-intro page-one has-m-b m-b-0 has-p-l p-l-8 has-p-r p-r-8\" >\r\n        <div class=\"container container--full\">\r\n        \n\n<div class=\"wp-block-columns are-vertically-aligned-center first is-layout-flex wp-container-core-columns-is-layout-9d6595d7 wp-block-columns-is-layout-flex\">\n<div class=\"wp-block-column is-vertically-aligned-center left is-layout-flow wp-block-column-is-layout-flow\" style=\"flex-basis:45%\">\n<h2 class=\"ls__heading wp-block-heading animated fadeInLeft\">Baignade dans la piscine <br><strong>pr\u00e8s de Lourdes<\/strong><\/h2>\n\n\n\n<p class=\"ls-paragraph\">Un plongeon dans la piscine en rentrant de balade ? Mais oui, bien s\u00fbr, la piscine du camping vous attend ! Et pour les petits, un <strong>petit Plouf dans la pataugeoire\u202f!<\/strong><\/p>\n\n\n\n<p class=\"ls-paragraph\">Et en sortant, on peut m\u00eame se croire \u00e0 la mer et mettre les <strong>pieds dans le sable pour boire un verre<\/strong>, juste se relaxer, et pourquoi pas manger une glace ? Et les pitchouns pourront m\u00eame faire de jolis ch\u00e2teaux de sable, dans le <strong>\u00ab\u00a0coin des Tout-Petits\u00a0\u00bb<\/strong>, am\u00e9nag\u00e9s sp\u00e9cialement pour eux\u2026<\/p>\n\n\n\n<p class=\"ls-paragraph\">Notre piscine d\u00e9couverte vous accueille d\u00e8s le mois de mai, offrant un <strong>havre de d\u00e9tente et de baignade relaxante<\/strong> pour toute la famille. En basse saison, elle vous ouvre ses portes de 10 h \u00e0 19 h et en haute saison, de 10 h \u00e0 20 h, vous permettant de profiter des joies de l&rsquo;eau sous le doux soleil des Hautes-Pyr\u00e9n\u00e9es.<\/p>\n\n\n\n<p class=\"ls-paragraph\">Short de bain interdit, maillot de bain obligatoire.<\/p>\n<\/div>\n\n\n\n<div class=\"wp-block-column is-vertically-aligned-center right is-layout-flow wp-block-column-is-layout-flow\" style=\"flex-basis:55%\">\n<figure class=\"wp-block-gallery has-nested-images columns-default is-cropped wp-block-gallery-1 is-layout-flex wp-block-gallery-is-layout-flex\">\n<figure class=\"wp-block-image size-full animated fadeIn delay-100ms\"><a href=\"https:\/\/www.ombredestilleuls.com\/wp-content\/uploads\/2023\/12\/baignade-dans-la-piscine.webp\"><img decoding=\"async\" width=\"1200\" height=\"900\" data-id=\"2300\" src=\"https:\/\/www.ombredestilleuls.com\/wp-content\/uploads\/2023\/12\/baignade-dans-la-piscine.webp\" alt=\"baignade dans la piscine\" class=\"wp-image-2300\" srcset=\"https:\/\/www.ombredestilleuls.com\/wp-content\/uploads\/2023\/12\/baignade-dans-la-piscine.webp 1200w, https:\/\/www.ombredestilleuls.com\/wp-content\/uploads\/2023\/12\/baignade-dans-la-piscine-300x225.webp 300w, https:\/\/www.ombredestilleuls.com\/wp-content\/uploads\/2023\/12\/baignade-dans-la-piscine-1024x768.webp 1024w, https:\/\/www.ombredestilleuls.com\/wp-content\/uploads\/2023\/12\/baignade-dans-la-piscine-768x576.webp 768w\" sizes=\"(max-width: 1200px) 100vw, 1200px\" \/><\/a><\/figure>\n<\/figure>\n<\/div>\n<\/div>\n\n\r\n    <\/div>\r\n<\/section>\n\n<section id=\"ls-section-block_30d0efa23ed39f5b84c27bf7ea62a751\" class=\"ls-section  home-piscine page-two has-background-image has-parallax has-m-t m-t-10 has-m-b m-b-10 has-m-l m-l-8 has-m-r m-r-8\" >\r\n    <div class=\"ls-section__background-image opacity-100\"><img decoding=\"async\" src=\"https:\/\/www.ombredestilleuls.com\/wp-content\/uploads\/2023\/12\/camping-avec-pataugeoire-pour-enfants.webp\" alt=\"camping avec pataugeoire pour enfants\"><\/div>    <div class=\"container container--full\">\r\n        \n\n<div class=\"wp-block-columns is-layout-flex wp-container-core-columns-is-layout-9d6595d7 wp-block-columns-is-layout-flex\">\n<div class=\"wp-block-column is-layout-flow wp-block-column-is-layout-flow\" style=\"flex-basis:60%\"><\/div>\n\n\n\n<div class=\"wp-block-column animated fadeInRight is-layout-flow wp-block-column-is-layout-flow\" style=\"flex-basis:40%\">\n<h2 class=\"ls__heading wp-block-heading has-text-align-right\">Camping avec pataugeoire <strong>pour vos enfants<\/strong><\/h2>\n\n\n\n<p class=\"ls-paragraph has-text-align-right\">Un univers de mini-aventures attend vos petits explorateurs dans la <strong>pataugeoire de la piscine du camping<\/strong>\u202f! Sous votre surveillance, ils pourront faire leurs premi\u00e8res nages et des glissades sur le <strong>toboggan<\/strong>.<\/p>\n\n\n\n<p class=\"ls-paragraph has-text-align-right\">Et que diriez-vous de petits pieds pataugeant et de mains cr\u00e9atives \u00e0 l&rsquo;\u0153uvre ? Les pitchouns pourront construire leur propre royaume de ch\u00e2teaux de sable dans le <strong>\u00ab\u00a0coin des Tout Petits\u00a0\u00bb<\/strong> !<\/p>\n\n\n\n<p class=\"ls-paragraph has-text-align-right\">Des <strong>plaisirs aquatiques aux joies du sable<\/strong>, vos tout-petits vivront des aventures au c\u0153ur des Hautes-Pyr\u00e9n\u00e9es. Pr\u00eats pour l&rsquo;amusement au format mini ?<\/p>\n<\/div>\n<\/div>\n\n\r\n    <\/div>\r\n<\/section>\n\n<section id=\"ls-section-block_7fa204f97a8ee778a894d8731159f598\" class=\"ls-section  home-ecologie page-three has-p-l p-l-8 has-p-r p-r-8\" >\r\n        <div class=\"container container--full\">\r\n        \n\n<div class=\"wp-block-columns are-vertically-aligned-center is-layout-flex wp-container-core-columns-is-layout-9d6595d7 wp-block-columns-is-layout-flex\">\n<div class=\"wp-block-column is-vertically-aligned-center is-layout-flow wp-block-column-is-layout-flow\" style=\"flex-basis:55%\">\n<figure class=\"wp-block-gallery has-nested-images columns-default is-cropped wp-block-gallery-2 is-layout-flex wp-block-gallery-is-layout-flex\">\n<figure class=\"wp-block-image size-full animated fadeIn delay-100ms\"><a href=\"https:\/\/www.ombredestilleuls.com\/wp-content\/uploads\/2023\/12\/animations-aquatique.webp\"><img decoding=\"async\" width=\"1200\" height=\"900\" data-id=\"2307\" src=\"https:\/\/www.ombredestilleuls.com\/wp-content\/uploads\/2023\/12\/animations-aquatique.webp\" alt=\"animations aquatique\" class=\"wp-image-2307\" srcset=\"https:\/\/www.ombredestilleuls.com\/wp-content\/uploads\/2023\/12\/animations-aquatique.webp 1200w, https:\/\/www.ombredestilleuls.com\/wp-content\/uploads\/2023\/12\/animations-aquatique-300x225.webp 300w, https:\/\/www.ombredestilleuls.com\/wp-content\/uploads\/2023\/12\/animations-aquatique-1024x768.webp 1024w, https:\/\/www.ombredestilleuls.com\/wp-content\/uploads\/2023\/12\/animations-aquatique-768x576.webp 768w\" sizes=\"(max-width: 1200px) 100vw, 1200px\" \/><\/a><\/figure>\n<\/figure>\n<\/div>\n\n\n\n<div class=\"wp-block-column is-vertically-aligned-center is-layout-flow wp-block-column-is-layout-flow\" style=\"flex-basis:45%\">\n<h2 class=\"ls__heading wp-block-heading animated fadeIn slower\">Animations aquatiques sous <br><strong>le soleil des Hautes-Pyr\u00e9n\u00e9es<\/strong><\/h2>\n\n\n\n<p class=\"ls-paragraph has-text-align-left\">Plouf et \u00e9clats de rire garantis avec les <strong>jeux aquatiques de notre <\/strong><a href=\"https:\/\/www.ombredestilleuls.com\/fr\/\">camping pr\u00e8s de Lourdes<\/a> ! Les jeux aquatiques chez nous, c\u2019est la promesse de moments p\u00e9tillants et rafra\u00eechissants \u00e0 partager sans mod\u00e9ration.<\/p>\n\n\n\n<p class=\"ls-paragraph has-text-align-left\"><strong>Et l&rsquo;\u00e9t\u00e9, \u00e0 12 h<\/strong>, l\u2019heure est aux <strong>animations dans la piscine<\/strong> ! Des vagues de complicit\u00e9 et de rires partag\u00e9s vous attendent. Et pour ceux qui veulent bouger autrement, <strong>l&rsquo;aquafun<\/strong> est une activit\u00e9 aquatique dynamique, qui vous permet de faire du sport tout en vous amusant. Certains soirs, participez \u00e0 nos <strong>piscines nocturnes<\/strong>.<\/p>\n\n\n\n<p class=\"ls-paragraph has-text-align-left\">Ainsi petits et grands peuvent venir profiter de la piscine en participant \u00e0 de nombreux jeux tr\u00e8s \u201crigolos\u201d de 20 h 30 \u00e0 22 h 30 et tout cela avec la musique qui motive tout le monde. \u00c0 vos maillots, pr\u00eats, plongez !<\/p>\n<\/div>\n<\/div>\n\n\r\n    <\/div>\r\n<\/section>\n\n<section id=\"ls-section-block_bb58dc2c92c9f6ec0a35692c69fa8c83\" class=\"ls-section  home-piscine page-four has-background-image has-parallax has-m-t m-t-10 has-m-b m-b-10 has-m-l m-l-8 has-m-r m-r-8\" >\r\n    <div class=\"ls-section__background-image opacity-100\"><img decoding=\"async\" src=\"https:\/\/www.ombredestilleuls.com\/wp-content\/uploads\/2023\/12\/toboggans-aquatiques.webp\" alt=\"toboggans aquatiques\"><\/div>    <div class=\"container container--full\">\r\n        \n\n<div class=\"wp-block-columns is-layout-flex wp-container-core-columns-is-layout-9d6595d7 wp-block-columns-is-layout-flex\">\n<div class=\"wp-block-column animated fadeInLeft is-layout-flow wp-block-column-is-layout-flow\" style=\"flex-basis:40%\">\n<h2 class=\"ls__heading wp-block-heading has-text-align-left\">TOBOGGANS AQUATIQUES POUR DES GLISSADES ENSOLEILL\u00c9ES<\/h2>\n\n\n\n<p class=\"ls-paragraph\">Pr\u00eats pour une aventure aquatique dans la piscine, avec toboggans, qui n\u2019attend que vos \u00e9clats de rire et vos ploufs !<\/p>\n\n\n\n<p class=\"ls-paragraph\">Glisser sur nos <strong>doubles toboggans<\/strong>, c&rsquo;est la promesse de fous rires et de frissons pour tous, des petits aventuriers aux grands explorateurs, le tout sous la surveillance des parents pour que le plaisir reste le mot d&rsquo;ordre. <\/p>\n\n\n\n<p class=\"ls-paragraph\">Alors, qui sera le premier \u00e0 faire splash ?<\/p>\n<\/div>\n\n\n\n<div class=\"wp-block-column is-layout-flow wp-block-column-is-layout-flow\" style=\"flex-basis:60%\"><\/div>\n<\/div>\n\n\r\n    <\/div>\r\n<\/section>\n\n<section id=\"ls-section-block_8c0ed2544dd468e293fea8ae63c9d53a\" class=\"ls-section  home-ecologie page-five has-p-l p-l-8 has-p-r p-r-8\" >\r\n        <div class=\"container container--full\">\r\n        \n\n<div class=\"wp-block-columns are-vertically-aligned-center is-layout-flex wp-container-core-columns-is-layout-9d6595d7 wp-block-columns-is-layout-flex\">\n<div class=\"wp-block-column is-vertically-aligned-center is-layout-flow wp-block-column-is-layout-flow\" style=\"flex-basis:45%\">\n<h2 class=\"ls__heading wp-block-heading animated fadeIn slower\">Les bains de soleil en bord de piscine<\/h2>\n\n\n\n<p class=\"ls-paragraph\">Vous \u00eates amateur de bronzage ? Installez-vous sur notre <strong>solarium en hauteur<\/strong> ou d\u00e9tendez-vous tranquillement sous nos parasols. Soleil ou ombre, vous aurez le choix. <\/p>\n\n\n\n<p class=\"ls-paragraph\">Apr\u00e8s une baignade, un cocktail est toujours agr\u00e9able. Alors rendez-vous \u00e0 la \u201ccabane\u201d, \u00e0 la sortie de la piscine.<\/p>\n\n\n\n<p class=\"ls-paragraph\">Que diriez-vous de vous \u00e9vader dans un bon livre, de faire une sieste ou simplement de savourer l&rsquo;instant pr\u00e9sent ? Nos bains de soleil sont l\u00e0, pour des instants de d\u00e9tente r\u00eav\u00e9s tout pr\u00e8s de Lourdes.<\/p>\n<\/div>\n\n\n\n<div class=\"wp-block-column is-vertically-aligned-center is-layout-flow wp-block-column-is-layout-flow\" style=\"flex-basis:55%\">\n<figure class=\"wp-block-gallery has-nested-images columns-default is-cropped wp-block-gallery-3 is-layout-flex wp-block-gallery-is-layout-flex\">\n<figure class=\"wp-block-image size-full animated zoomIn\"><a href=\"https:\/\/www.ombredestilleuls.com\/wp-content\/uploads\/2023\/12\/bain-de-soleil-en-bord-de-piscine.webp\"><img decoding=\"async\" width=\"1200\" height=\"900\" data-id=\"2313\" src=\"https:\/\/www.ombredestilleuls.com\/wp-content\/uploads\/2023\/12\/bain-de-soleil-en-bord-de-piscine.webp\" alt=\"bain de soleil en bord de piscine\" class=\"wp-image-2313\" srcset=\"https:\/\/www.ombredestilleuls.com\/wp-content\/uploads\/2023\/12\/bain-de-soleil-en-bord-de-piscine.webp 1200w, https:\/\/www.ombredestilleuls.com\/wp-content\/uploads\/2023\/12\/bain-de-soleil-en-bord-de-piscine-300x225.webp 300w, https:\/\/www.ombredestilleuls.com\/wp-content\/uploads\/2023\/12\/bain-de-soleil-en-bord-de-piscine-1024x768.webp 1024w, https:\/\/www.ombredestilleuls.com\/wp-content\/uploads\/2023\/12\/bain-de-soleil-en-bord-de-piscine-768x576.webp 768w\" sizes=\"(max-width: 1200px) 100vw, 1200px\" \/><\/a><\/figure>\n<\/figure>\n<\/div>\n<\/div>\n\n\r\n    <\/div>\r\n<\/section>\n\n<section id=\"ls-section-block_e3a9aee21b67795b2e7e2e22906606fa\" class=\"ls-section  page-maillage\" >\r\n        <div class=\"container container--wide\">\r\n        \n\n<div id=\"ls-heading ls-titre-div-block_2c92e2c56722fd7f218c1e609f815e70\" class=\"ls-titre-div animated fadeIn h2-like\" >\n    D\u00e9couvrez nos services, notre mini ferme et nos animations !<\/div>\n\n\n\n<div id=\"ls-maillage-block_409fb094aabeeb719621c06b596a53fb\" class=\"ls-maillage cta-style-normal\" data-rows=\"3\">\n\n    <div class=\"wp-block-columns\"><div class=\"wp-block-column ls-cta\">\n\n<a href=\"https:\/\/www.ombredestilleuls.com\/fr\/camping-familial-peyrouse\/\" target=\"\" rel=\"noopener\" class=\"ls-cta__link\">\n\n\t<div class=\"ls-cta__image\"><img decoding=\"async\" src=\"https:\/\/www.ombredestilleuls.com\/wp-content\/uploads\/2026\/04\/camping-familial-peyrouse-ombre-tilleuls-services.jpg\" alt=\"camping familial peyrouse ombre tilleuls services\"><\/div>\n\t<div class=\"ls-cta__title\">\n\t\tServices\t<\/div>\n\n\t\t\n<\/a><\/div><div class=\"wp-block-column ls-cta\">\n\n<a href=\"https:\/\/www.ombredestilleuls.com\/fr\/camping-ecologique-peyrouse\/\" target=\"\" rel=\"noopener\" class=\"ls-cta__link\">\n\n\t<div class=\"ls-cta__image\"><img decoding=\"async\" src=\"https:\/\/www.ombredestilleuls.com\/wp-content\/uploads\/2023\/12\/camping-ecologique-peyrouse.webp\" alt=\"camping ecologique peyrouse\"><\/div>\n\t<div class=\"ls-cta__title\">\n\t\tMini-ferme et d\u00e9marche \u00e9cologique\t<\/div>\n\n\t\t\n<\/a><\/div><div class=\"wp-block-column ls-cta\">\n\n<a href=\"https:\/\/www.ombredestilleuls.com\/fr\/camping-animations-peyrouse\/\" target=\"\" rel=\"noopener\" class=\"ls-cta__link\">\n\n\t<div class=\"ls-cta__image\"><img decoding=\"async\" src=\"https:\/\/www.ombredestilleuls.com\/wp-content\/uploads\/2026\/04\/animations-concert-couverture-camping-ombre-des-tilleuls-e1776089435621.jpg\" alt=\"animations concert couverture camping ombre des tilleuls\"><\/div>\n\t<div class=\"ls-cta__title\">\n\t\tAnimations\t<\/div>\n\n\t\t\n<\/a><\/div><\/div>\n<\/div>\n\r\n    <\/div>\r\n<\/section>","protected":false},"excerpt":{"rendered":"","protected":false},"author":1,"featured_media":2297,"parent":0,"menu_order":0,"comment_status":"closed","ping_status":"closed","template":"","meta":{"_acf_changed":false,"inline_featured_image":false,"footnotes":""},"sujet":[],"class_list":["post-197","page","type-page","status-publish","has-post-thumbnail","hentry"],"acf":[],"yoast_head":"<!-- This site is optimized with the Yoast SEO plugin v23.4 - https:\/\/yoast.com\/wordpress\/plugins\/seo\/ -->\n<title>Camping piscine pr\u00e8s de Lourdes | Piscine avec toboggans Hautes-Pyr\u00e9n\u00e9es<\/title>\n<meta name=\"description\" content=\"Profitez d&#039;une baignade avec vue sur les Pyr\u00e9n\u00e9es et de toboggans dans l&#039;espace aquatique de votre camping pr\u00e8s de Lourdes !\" \/>\n<meta name=\"robots\" content=\"index, follow, max-snippet:-1, max-image-preview:large, max-video-preview:-1\" \/>\n<link rel=\"canonical\" href=\"https:\/\/www.ombredestilleuls.com\/fr\/camping-piscine-peyrouse\/\" \/>\n<meta property=\"og:locale\" content=\"fr_FR\" \/>\n<meta property=\"og:type\" content=\"article\" \/>\n<meta property=\"og:title\" content=\"Camping piscine pr\u00e8s de Lourdes | Piscine avec toboggans Hautes-Pyr\u00e9n\u00e9es\" \/>\n<meta property=\"og:description\" content=\"Profitez d&#039;une baignade avec vue sur les Pyr\u00e9n\u00e9es et de toboggans dans l&#039;espace aquatique de votre camping pr\u00e8s de Lourdes !\" \/>\n<meta property=\"og:url\" content=\"https:\/\/www.ombredestilleuls.com\/fr\/camping-piscine-peyrouse\/\" \/>\n<meta property=\"og:site_name\" content=\"Camping \u00c0 l&#039;ombre des tilleuls\" \/>\n<meta property=\"article:modified_time\" content=\"2024-09-24T12:54:08+00:00\" \/>\n<meta property=\"og:image\" content=\"https:\/\/www.ombredestilleuls.com\/wp-content\/uploads\/2023\/12\/camping-piscine-peyrouse.webp\" \/>\n\t<meta property=\"og:image:width\" content=\"2000\" \/>\n\t<meta property=\"og:image:height\" content=\"1500\" \/>\n\t<meta property=\"og:image:type\" content=\"image\/webp\" \/>\n<meta name=\"twitter:card\" content=\"summary_large_image\" \/>\n<meta name=\"twitter:label1\" content=\"Dur\u00e9e de lecture estim\u00e9e\" \/>\n\t<meta name=\"twitter:data1\" content=\"4 minutes\" \/>\n<script type=\"application\/ld+json\" class=\"yoast-schema-graph\">{\"@context\":\"https:\/\/schema.org\",\"@graph\":[{\"@type\":\"WebPage\",\"@id\":\"https:\/\/www.ombredestilleuls.com\/fr\/camping-piscine-peyrouse\/\",\"url\":\"https:\/\/www.ombredestilleuls.com\/fr\/camping-piscine-peyrouse\/\",\"name\":\"Camping piscine pr\u00e8s de Lourdes | Piscine avec toboggans Hautes-Pyr\u00e9n\u00e9es\",\"isPartOf\":{\"@id\":\"https:\/\/www.ombredestilleuls.com\/fr\/#website\"},\"primaryImageOfPage\":{\"@id\":\"https:\/\/www.ombredestilleuls.com\/fr\/camping-piscine-peyrouse\/#primaryimage\"},\"image\":{\"@id\":\"https:\/\/www.ombredestilleuls.com\/fr\/camping-piscine-peyrouse\/#primaryimage\"},\"thumbnailUrl\":\"https:\/\/www.ombredestilleuls.com\/wp-content\/uploads\/2023\/12\/camping-piscine-peyrouse.webp\",\"datePublished\":\"2023-11-01T13:32:46+00:00\",\"dateModified\":\"2024-09-24T12:54:08+00:00\",\"description\":\"Profitez d'une baignade avec vue sur les Pyr\u00e9n\u00e9es et de toboggans dans l'espace aquatique de votre camping pr\u00e8s de Lourdes !\",\"breadcrumb\":{\"@id\":\"https:\/\/www.ombredestilleuls.com\/fr\/camping-piscine-peyrouse\/#breadcrumb\"},\"inLanguage\":\"fr-FR\",\"potentialAction\":[{\"@type\":\"ReadAction\",\"target\":[\"https:\/\/www.ombredestilleuls.com\/fr\/camping-piscine-peyrouse\/\"]}]},{\"@type\":\"ImageObject\",\"inLanguage\":\"fr-FR\",\"@id\":\"https:\/\/www.ombredestilleuls.com\/fr\/camping-piscine-peyrouse\/#primaryimage\",\"url\":\"https:\/\/www.ombredestilleuls.com\/wp-content\/uploads\/2023\/12\/camping-piscine-peyrouse.webp\",\"contentUrl\":\"https:\/\/www.ombredestilleuls.com\/wp-content\/uploads\/2023\/12\/camping-piscine-peyrouse.webp\",\"width\":2000,\"height\":1500,\"caption\":\"camping piscine peyrouse\"},{\"@type\":\"BreadcrumbList\",\"@id\":\"https:\/\/www.ombredestilleuls.com\/fr\/camping-piscine-peyrouse\/#breadcrumb\",\"itemListElement\":[{\"@type\":\"ListItem\",\"position\":1,\"name\":\"Camping pr\u00e8s de Lourdes\",\"item\":\"https:\/\/www.ombredestilleuls.com\/fr\/\"},{\"@type\":\"ListItem\",\"position\":2,\"name\":\"Piscine avec toboggan pr\u00e8s de Lourdes\"}]},{\"@type\":\"WebSite\",\"@id\":\"https:\/\/www.ombredestilleuls.com\/fr\/#website\",\"url\":\"https:\/\/www.ombredestilleuls.com\/fr\/\",\"name\":\"Camping \u00c0 l&#039;ombre des tilleuls\",\"description\":\"\",\"publisher\":{\"@id\":\"https:\/\/www.ombredestilleuls.com\/fr\/#organization\"},\"potentialAction\":[{\"@type\":\"SearchAction\",\"target\":{\"@type\":\"EntryPoint\",\"urlTemplate\":\"https:\/\/www.ombredestilleuls.com\/fr\/?s={search_term_string}\"},\"query-input\":{\"@type\":\"PropertyValueSpecification\",\"valueRequired\":true,\"valueName\":\"search_term_string\"}}],\"inLanguage\":\"fr-FR\"},{\"@type\":\"Organization\",\"@id\":\"https:\/\/www.ombredestilleuls.com\/fr\/#organization\",\"name\":\"Camping \u00c0 l&#039;ombre des tilleuls\",\"url\":\"https:\/\/www.ombredestilleuls.com\/fr\/\",\"logo\":{\"@type\":\"ImageObject\",\"inLanguage\":\"fr-FR\",\"@id\":\"https:\/\/www.ombredestilleuls.com\/fr\/#\/schema\/logo\/image\/\",\"url\":\"https:\/\/www.ombredestilleuls.com\/wp-content\/uploads\/2023\/11\/cropped-Camping-A-LOmbre-Des-Tilleuls-logo-1.png\",\"contentUrl\":\"https:\/\/www.ombredestilleuls.com\/wp-content\/uploads\/2023\/11\/cropped-Camping-A-LOmbre-Des-Tilleuls-logo-1.png\",\"width\":1000,\"height\":1000,\"caption\":\"Camping \u00c0 l&#039;ombre des tilleuls\"},\"image\":{\"@id\":\"https:\/\/www.ombredestilleuls.com\/fr\/#\/schema\/logo\/image\/\"}}]}<\/script>\n<!-- \/ Yoast SEO plugin. -->","yoast_head_json":{"title":"Camping piscine pr\u00e8s de Lourdes | Piscine avec toboggans Hautes-Pyr\u00e9n\u00e9es","description":"Profitez d'une baignade avec vue sur les Pyr\u00e9n\u00e9es et de toboggans dans l'espace aquatique de votre camping pr\u00e8s de Lourdes !","robots":{"index":"index","follow":"follow","max-snippet":"max-snippet:-1","max-image-preview":"max-image-preview:large","max-video-preview":"max-video-preview:-1"},"canonical":"https:\/\/www.ombredestilleuls.com\/fr\/camping-piscine-peyrouse\/","og_locale":"fr_FR","og_type":"article","og_title":"Camping piscine pr\u00e8s de Lourdes | Piscine avec toboggans Hautes-Pyr\u00e9n\u00e9es","og_description":"Profitez d'une baignade avec vue sur les Pyr\u00e9n\u00e9es et de toboggans dans l'espace aquatique de votre camping pr\u00e8s de Lourdes !","og_url":"https:\/\/www.ombredestilleuls.com\/fr\/camping-piscine-peyrouse\/","og_site_name":"Camping \u00c0 l&#039;ombre des tilleuls","article_modified_time":"2024-09-24T12:54:08+00:00","og_image":[{"width":2000,"height":1500,"url":"https:\/\/www.ombredestilleuls.com\/wp-content\/uploads\/2023\/12\/camping-piscine-peyrouse.webp","type":"image\/webp"}],"twitter_card":"summary_large_image","twitter_misc":{"Dur\u00e9e de lecture estim\u00e9e":"4 minutes"},"schema":{"@context":"https:\/\/schema.org","@graph":[{"@type":"WebPage","@id":"https:\/\/www.ombredestilleuls.com\/fr\/camping-piscine-peyrouse\/","url":"https:\/\/www.ombredestilleuls.com\/fr\/camping-piscine-peyrouse\/","name":"Camping piscine pr\u00e8s de Lourdes | Piscine avec toboggans Hautes-Pyr\u00e9n\u00e9es","isPartOf":{"@id":"https:\/\/www.ombredestilleuls.com\/fr\/#website"},"primaryImageOfPage":{"@id":"https:\/\/www.ombredestilleuls.com\/fr\/camping-piscine-peyrouse\/#primaryimage"},"image":{"@id":"https:\/\/www.ombredestilleuls.com\/fr\/camping-piscine-peyrouse\/#primaryimage"},"thumbnailUrl":"https:\/\/www.ombredestilleuls.com\/wp-content\/uploads\/2023\/12\/camping-piscine-peyrouse.webp","datePublished":"2023-11-01T13:32:46+00:00","dateModified":"2024-09-24T12:54:08+00:00","description":"Profitez d'une baignade avec vue sur les Pyr\u00e9n\u00e9es et de toboggans dans l'espace aquatique de votre camping pr\u00e8s de Lourdes !","breadcrumb":{"@id":"https:\/\/www.ombredestilleuls.com\/fr\/camping-piscine-peyrouse\/#breadcrumb"},"inLanguage":"fr-FR","potentialAction":[{"@type":"ReadAction","target":["https:\/\/www.ombredestilleuls.com\/fr\/camping-piscine-peyrouse\/"]}]},{"@type":"ImageObject","inLanguage":"fr-FR","@id":"https:\/\/www.ombredestilleuls.com\/fr\/camping-piscine-peyrouse\/#primaryimage","url":"https:\/\/www.ombredestilleuls.com\/wp-content\/uploads\/2023\/12\/camping-piscine-peyrouse.webp","contentUrl":"https:\/\/www.ombredestilleuls.com\/wp-content\/uploads\/2023\/12\/camping-piscine-peyrouse.webp","width":2000,"height":1500,"caption":"camping piscine peyrouse"},{"@type":"BreadcrumbList","@id":"https:\/\/www.ombredestilleuls.com\/fr\/camping-piscine-peyrouse\/#breadcrumb","itemListElement":[{"@type":"ListItem","position":1,"name":"Camping pr\u00e8s de Lourdes","item":"https:\/\/www.ombredestilleuls.com\/fr\/"},{"@type":"ListItem","position":2,"name":"Piscine avec toboggan pr\u00e8s de Lourdes"}]},{"@type":"WebSite","@id":"https:\/\/www.ombredestilleuls.com\/fr\/#website","url":"https:\/\/www.ombredestilleuls.com\/fr\/","name":"Camping \u00c0 l&#039;ombre des tilleuls","description":"","publisher":{"@id":"https:\/\/www.ombredestilleuls.com\/fr\/#organization"},"potentialAction":[{"@type":"SearchAction","target":{"@type":"EntryPoint","urlTemplate":"https:\/\/www.ombredestilleuls.com\/fr\/?s={search_term_string}"},"query-input":{"@type":"PropertyValueSpecification","valueRequired":true,"valueName":"search_term_string"}}],"inLanguage":"fr-FR"},{"@type":"Organization","@id":"https:\/\/www.ombredestilleuls.com\/fr\/#organization","name":"Camping \u00c0 l&#039;ombre des tilleuls","url":"https:\/\/www.ombredestilleuls.com\/fr\/","logo":{"@type":"ImageObject","inLanguage":"fr-FR","@id":"https:\/\/www.ombredestilleuls.com\/fr\/#\/schema\/logo\/image\/","url":"https:\/\/www.ombredestilleuls.com\/wp-content\/uploads\/2023\/11\/cropped-Camping-A-LOmbre-Des-Tilleuls-logo-1.png","contentUrl":"https:\/\/www.ombredestilleuls.com\/wp-content\/uploads\/2023\/11\/cropped-Camping-A-LOmbre-Des-Tilleuls-logo-1.png","width":1000,"height":1000,"caption":"Camping \u00c0 l&#039;ombre des tilleuls"},"image":{"@id":"https:\/\/www.ombredestilleuls.com\/fr\/#\/schema\/logo\/image\/"}}]}},"_links":{"self":[{"href":"https:\/\/www.ombredestilleuls.com\/fr\/wp-json\/wp\/v2\/pages\/197","targetHints":{"allow":["GET"]}}],"collection":[{"href":"https:\/\/www.ombredestilleuls.com\/fr\/wp-json\/wp\/v2\/pages"}],"about":[{"href":"https:\/\/www.ombredestilleuls.com\/fr\/wp-json\/wp\/v2\/types\/page"}],"author":[{"embeddable":true,"href":"https:\/\/www.ombredestilleuls.com\/fr\/wp-json\/wp\/v2\/users\/1"}],"replies":[{"embeddable":true,"href":"https:\/\/www.ombredestilleuls.com\/fr\/wp-json\/wp\/v2\/comments?post=197"}],"version-history":[{"count":204,"href":"https:\/\/www.ombredestilleuls.com\/fr\/wp-json\/wp\/v2\/pages\/197\/revisions"}],"predecessor-version":[{"id":3465,"href":"https:\/\/www.ombredestilleuls.com\/fr\/wp-json\/wp\/v2\/pages\/197\/revisions\/3465"}],"wp:featuredmedia":[{"embeddable":true,"href":"https:\/\/www.ombredestilleuls.com\/fr\/wp-json\/wp\/v2\/media\/2297"}],"wp:attachment":[{"href":"https:\/\/www.ombredestilleuls.com\/fr\/wp-json\/wp\/v2\/media?parent=197"}],"wp:term":[{"taxonomy":"sujet","embeddable":true,"href":"https:\/\/www.ombredestilleuls.com\/fr\/wp-json\/wp\/v2\/sujet?post=197"}],"curies":[{"name":"wp","href":"https:\/\/api.w.org\/{rel}","templated":true}]}}