{"id":3501,"date":"2025-01-16T17:24:17","date_gmt":"2025-01-16T16:24:17","guid":{"rendered":"https:\/\/www.ombredestilleuls.com\/groupes\/"},"modified":"2025-01-21T15:43:13","modified_gmt":"2025-01-21T14:43:13","slug":"groupes","status":"publish","type":"page","link":"https:\/\/www.ombredestilleuls.com\/es\/groupes\/","title":{"rendered":"Groupes"},"content":{"rendered":"<section id=\"ls-section-block_c8d2a76694225bed882977ad1dd596d0\" class=\"ls-section  home-intro page-one has-m-b m-b-0 has-p-b p-b-0\" >\r\n        <div class=\"container container--full\">\r\n        \n\n<h1 class=\"ls__heading wp-block-heading has-text-align-center animated fadeIn slower\">\u00a1Comparta un momento c\u00e1lido en los Altos Pirineos!<\/h1>\n\n\r\n    <\/div>\r\n<\/section>\n\n<section id=\"ls-section-block_0442c9af2413f07e4d814663a10f74ec\" class=\"ls-section  home-intro page-one has-m-b m-b-0 has-p-l p-l-8 has-p-r p-r-8\" >\r\n        <div class=\"container container--full\">\r\n        \n\n<div class=\"wp-block-columns are-vertically-aligned-center first is-layout-flex wp-container-core-columns-is-layout-9d6595d7 wp-block-columns-is-layout-flex\">\n<div class=\"wp-block-column is-vertically-aligned-center left is-layout-flow wp-block-column-is-layout-flow\" style=\"flex-basis:45%\">\n<h2 class=\"ls__heading wp-block-heading animated fadeInLeft\">MOTOCICLETAS<\/h2>\n\n\n\n<p class=\"ls-paragraph\">Los Altos Pirineos albergan algunos puertos legendarios, frecuentados por los amantes de las curvas estrechas y los panoramas impresionantes. Hay rutas para todos los gustos, desde recorridos t\u00e9cnicos para los amantes de las emociones fuertes hasta paseos tranquilos por valles y zonas rurales.<\/p>\n\n\n\n<p class=\"ls-paragraph\">El camping ofrece un entorno agradable y buc\u00f3lico, rodeado de tilos y vegetaci\u00f3n, ideal para relajarse despu\u00e9s de un largo viaje en moto. Es un lugar tranquilo y seguro para recargar las pilas y disfrutar del momento.<\/p>\n\n\n\n<p class=\"ls-paragraph\">El ambiente c\u00e1lido y acogedor de nuestro camping paradis\u00edaco favorece los intercambios y refuerza el esp\u00edritu de camarader\u00eda, tan esencial en las reuniones moteras.<\/p>\n\n\n\n<p class=\"ls-paragraph\">Tambi\u00e9n podemos organizar comidas de grupo, eventos nocturnos, actividades animadas o hogueras para que su estancia sea memorable. En Mida, crearemos paquetes a su medida.<\/p>\n<\/div>\n\n\n\n<div class=\"wp-block-column is-vertically-aligned-center right is-layout-flow wp-block-column-is-layout-flow\" style=\"flex-basis:55%\">\n<figure class=\"wp-block-gallery has-nested-images columns-default is-cropped wp-block-gallery-1 is-layout-flex wp-block-gallery-is-layout-flex\">\n<figure class=\"wp-block-image size-full animated fadeIn delay-100ms\"><a href=\"https:\/\/www.ombredestilleuls.com\/wp-content\/uploads\/2025\/01\/Vue-montagne-ombre.jpg\"><img decoding=\"async\" width=\"1200\" height=\"900\" data-id=\"3483\" src=\"https:\/\/www.ombredestilleuls.com\/wp-content\/uploads\/2025\/01\/Vue-montagne-ombre.jpg\" alt=\"Vue montagne ombre\" class=\"wp-image-3483\" srcset=\"https:\/\/www.ombredestilleuls.com\/wp-content\/uploads\/2025\/01\/Vue-montagne-ombre.jpg 1200w, https:\/\/www.ombredestilleuls.com\/wp-content\/uploads\/2025\/01\/Vue-montagne-ombre-300x225.jpg 300w, https:\/\/www.ombredestilleuls.com\/wp-content\/uploads\/2025\/01\/Vue-montagne-ombre-1024x768.jpg 1024w, https:\/\/www.ombredestilleuls.com\/wp-content\/uploads\/2025\/01\/Vue-montagne-ombre-768x576.jpg 768w\" sizes=\"(max-width: 1200px) 100vw, 1200px\" \/><\/a><\/figure>\n<\/figure>\n<\/div>\n<\/div>\n\n\r\n    <\/div>\r\n<\/section>\n\n<section id=\"ls-section-block_6fa24e6a8bffed76a35981c9e2aa1038\" class=\"ls-section  home-ecologie page-three has-p-l p-l-8 has-p-r p-r-8\" >\r\n        <div class=\"container container--full\">\r\n        \n\n<div class=\"wp-block-columns are-vertically-aligned-center is-layout-flex wp-container-core-columns-is-layout-9d6595d7 wp-block-columns-is-layout-flex\">\n<div class=\"wp-block-column is-vertically-aligned-center is-layout-flow wp-block-column-is-layout-flow\" style=\"flex-basis:55%\">\n<figure class=\"wp-block-gallery has-nested-images columns-default is-cropped wp-block-gallery-2 is-layout-flex wp-block-gallery-is-layout-flex\">\n<figure class=\"wp-block-image size-full animated fadeIn delay-100ms\"><a href=\"https:\/\/www.ombredestilleuls.com\/wp-content\/uploads\/2025\/01\/velo-ombres.jpg\"><img decoding=\"async\" width=\"1200\" height=\"900\" data-id=\"3493\" src=\"https:\/\/www.ombredestilleuls.com\/wp-content\/uploads\/2025\/01\/velo-ombres.jpg\" alt=\"v\u00e9lo ombres\" class=\"wp-image-3493\" srcset=\"https:\/\/www.ombredestilleuls.com\/wp-content\/uploads\/2025\/01\/velo-ombres.jpg 1200w, https:\/\/www.ombredestilleuls.com\/wp-content\/uploads\/2025\/01\/velo-ombres-300x225.jpg 300w, https:\/\/www.ombredestilleuls.com\/wp-content\/uploads\/2025\/01\/velo-ombres-1024x768.jpg 1024w, https:\/\/www.ombredestilleuls.com\/wp-content\/uploads\/2025\/01\/velo-ombres-768x576.jpg 768w\" sizes=\"(max-width: 1200px) 100vw, 1200px\" \/><\/a><\/figure>\n<\/figure>\n<\/div>\n\n\n\n<div class=\"wp-block-column is-vertically-aligned-center is-layout-flow wp-block-column-is-layout-flow\" style=\"flex-basis:45%\">\n<h2 class=\"ls__heading wp-block-heading animated fadeIn slower\">CICLISTAS Y EXCURSIONISTAS<\/h2>\n\n\n\n<p class=\"ls-paragraph has-text-align-left\">Nuestro camping ofrece un entorno ideal para los aficionados al ciclismo y al senderismo, combinando comodidad, practicidad y proximidad a paisajes excepcionales.<\/p>\n\n\n\n<p class=\"ls-paragraph has-text-align-left\">Estamos cerca de las mejores rutas ciclistas, tanto si le gustan las carreteras sinuosas, los puertos de monta\u00f1a legendarios o los tranquilos caminos rurales. Tendr\u00e1 acceso directo a una gran variedad de rutas, aptas para todos los niveles, desde principiantes hasta ciclistas experimentados.<\/p>\n\n\n\n<p class=\"ls-paragraph has-text-align-left\">No se pierda los puertos ineludibles del Tourmalet, el Aubisque y el Soulor: \u00a1los Altos Pirineos le reservan mil y un recursos!<\/p>\n\n\n\n<p class=\"ls-paragraph has-text-align-left\">Comparta sus aventuras con otros entusiastas del ciclismo en un ambiente agradable y reciba recomendaciones sobre las mejores rutas y puntos de inter\u00e9s de nuestro equipo local.<\/p>\n\n\n\n<p class=\"ls-paragraph has-text-align-left\">Hemos preparado un paquete a su medida, con tarifas atractivas.<\/p>\n<\/div>\n<\/div>\n\n\r\n    <\/div>\r\n<\/section>\n\n<section id=\"ls-section-block_0442c9af2413f07e4d814663a10f74ec\" class=\"ls-section  home-intro page-one has-m-b m-b-0 has-p-l p-l-8 has-p-r p-r-8\" >\r\n        <div class=\"container container--full\">\r\n        \n\n<div class=\"wp-block-columns are-vertically-aligned-center first is-layout-flex wp-container-core-columns-is-layout-9d6595d7 wp-block-columns-is-layout-flex\">\n<div class=\"wp-block-column is-vertically-aligned-center left is-layout-flow wp-block-column-is-layout-flow\" style=\"flex-basis:45%\">\n<h2 class=\"ls__heading wp-block-heading animated fadeInLeft\">CELEBRAR MOMENTOS PRECIOSOS<\/h2>\n\n\n\n<p class=\"ls-paragraph\">Bienvenido a nuestro espacio dedicado a las celebraciones! Tanto si desea organizar una boda rom\u00e1ntica, un bautizo emotivo o un cumplea\u00f1os memorable, estamos aqu\u00ed para satisfacer sus expectativas.Bienvenido a nuestro espacio dedicado a las celebraciones!<br>Tanto si est\u00e1 organizando una boda rom\u00e1ntica, un bautizo emotivo o un cumplea\u00f1os memorable, estamos aqu\u00ed para ayudarle.<br>Bienvenido a nuestro espacio dedicado a las celebraciones! Tanto si desea organizar una boda rom\u00e1ntica, un bautizo emotivo o un cumplea\u00f1os memorable, estamos aqu\u00ed para satisfacer sus expectativas.Bienvenido a nuestro espacio dedicado a las celebraciones! <br>Tanto si est\u00e1 organizando una boda rom\u00e1ntica, un bautizo emotivo o un cumplea\u00f1os memorable, estamos aqu\u00ed para ayudarle.<\/p>\n\n\n\n<p class=\"ls-paragraph\">\u00bfQuiere organizar uno de los momentos m\u00e1s importantes de su vida en los Altos Pirineos pero no tiene alojamiento? Nuestro camping en plena naturaleza puede acogerle.<\/p>\n\n\n\n<p class=\"ls-paragraph\">Podemos alojarle en todo tipo de alojamientos. Nuestras casas m\u00f3viles pueden alojar de 4 a 12 personas y nuestras parcelas son espaciosas y acogedoras, lo que le permitir\u00e1 reunirse con la familia o los amigos en nuestro rinc\u00f3n del para\u00edso.<\/p>\n\n\n\n<p class=\"ls-paragraph\">Tambi\u00e9n puede reunirse con sus invitados al d\u00eda siguiente para desayunar, comer o incluso cenar. Podemos crear paquetes a medida que se adapten a sus deseos.<\/p>\n<\/div>\n\n\n\n<div class=\"wp-block-column is-vertically-aligned-center right is-layout-flow wp-block-column-is-layout-flow\" style=\"flex-basis:55%\">\n<figure class=\"wp-block-gallery has-nested-images columns-default is-cropped wp-block-gallery-3 is-layout-flex wp-block-gallery-is-layout-flex\">\n<figure class=\"wp-block-image size-full animated fadeIn delay-100ms\"><a href=\"https:\/\/www.ombredestilleuls.com\/wp-content\/uploads\/2025\/01\/moment-precieux-ombres.jpg\"><img decoding=\"async\" width=\"1200\" height=\"900\" data-id=\"3490\" src=\"https:\/\/www.ombredestilleuls.com\/wp-content\/uploads\/2025\/01\/moment-precieux-ombres.jpg\" alt=\"moment precieux ombres\" class=\"wp-image-3490\" srcset=\"https:\/\/www.ombredestilleuls.com\/wp-content\/uploads\/2025\/01\/moment-precieux-ombres.jpg 1200w, https:\/\/www.ombredestilleuls.com\/wp-content\/uploads\/2025\/01\/moment-precieux-ombres-300x225.jpg 300w, https:\/\/www.ombredestilleuls.com\/wp-content\/uploads\/2025\/01\/moment-precieux-ombres-1024x768.jpg 1024w, https:\/\/www.ombredestilleuls.com\/wp-content\/uploads\/2025\/01\/moment-precieux-ombres-768x576.jpg 768w\" sizes=\"(max-width: 1200px) 100vw, 1200px\" \/><\/a><\/figure>\n<\/figure>\n<\/div>\n<\/div>\n\n\r\n    <\/div>\r\n<\/section>\n\n<section id=\"ls-section-block_6fa24e6a8bffed76a35981c9e2aa1038\" class=\"ls-section  home-ecologie page-three has-p-l p-l-8 has-p-r p-r-8\" >\r\n        <div class=\"container container--full\">\r\n        \n\n<div class=\"wp-block-columns are-vertically-aligned-center is-layout-flex wp-container-core-columns-is-layout-9d6595d7 wp-block-columns-is-layout-flex\">\n<div class=\"wp-block-column is-vertically-aligned-center is-layout-flow wp-block-column-is-layout-flow\" style=\"flex-basis:55%\">\n<figure class=\"wp-block-gallery has-nested-images columns-default is-cropped wp-block-gallery-4 is-layout-flex wp-block-gallery-is-layout-flex\">\n<figure class=\"wp-block-image size-full animated fadeIn delay-100ms\"><a href=\"https:\/\/www.ombredestilleuls.com\/wp-content\/uploads\/2025\/01\/Motard-ombres.jpg\"><img decoding=\"async\" width=\"1200\" height=\"900\" data-id=\"3486\" src=\"https:\/\/www.ombredestilleuls.com\/wp-content\/uploads\/2025\/01\/Motard-ombres.jpg\" alt=\"Motard ombres\" class=\"wp-image-3486\" srcset=\"https:\/\/www.ombredestilleuls.com\/wp-content\/uploads\/2025\/01\/Motard-ombres.jpg 1200w, https:\/\/www.ombredestilleuls.com\/wp-content\/uploads\/2025\/01\/Motard-ombres-300x225.jpg 300w, https:\/\/www.ombredestilleuls.com\/wp-content\/uploads\/2025\/01\/Motard-ombres-1024x768.jpg 1024w, https:\/\/www.ombredestilleuls.com\/wp-content\/uploads\/2025\/01\/Motard-ombres-768x576.jpg 768w\" sizes=\"(max-width: 1200px) 100vw, 1200px\" \/><\/a><\/figure>\n<\/figure>\n<\/div>\n\n\n\n<div class=\"wp-block-column is-vertically-aligned-center is-layout-flow wp-block-column-is-layout-flow\" style=\"flex-basis:45%\">\n<h2 class=\"ls__heading wp-block-heading animated fadeIn slower\">SERVICIOS PERSONALIZADOS<\/h2>\n\n\n\n<p class=\"ls-paragraph has-text-align-left\">Elija un lugar que se adapte a sus necesidades entre nuestra gama de espacios, y disfrute de zonas privadas donde compartir un momento c\u00e1lido e \u00edntimo.<\/p>\n\n\n\n<p class=\"ls-paragraph has-text-align-left\">Podemos ofrecerle varios programas adaptados a sus necesidades. Pero tambi\u00e9n podemos incluir varios momentos de convivencia en torno a una comida o un aperitivo.<\/p>\n\n\n\n<p class=\"ls-paragraph has-text-align-left\">\u00bfEst\u00e1 listo para planificar su evento? P\u00f3ngase en contacto con nosotros para comentar sus ideas y obtener un presupuesto personalizado.<\/p>\n\n\n\n<p class=\"ls-paragraph has-text-align-left\">Estamos deseando ayudarle a crear recuerdos inolvidables.<\/p>\n<\/div>\n<\/div>\n\n\r\n    <\/div>\r\n<\/section>\n\n<section id=\"ls-section-block_3484b007e8f07e1f79b9e3c29527cb9b\" class=\"ls-section  page-maillage\" >\r\n        <div class=\"container container--wide\">\r\n        \n\n<div id=\"ls-heading ls-titre-div-block_dcf822943715c0d3b453e8fdfff4d130\" class=\"ls-titre-div animated fadeIn h2-like\" >\n    D\u00e9couvrez nos animations, notre espace aquatique et notre mini ferme !<\/div>\n\n\n\n<div id=\"ls-maillage-block_2cd21423c3cd9ac7e4cc702b65ea9ed0\" class=\"ls-maillage cta-style-normal\" data-rows=\"4\">\n\n    <div class=\"wp-block-columns\"><div class=\"wp-block-column ls-cta\">\n\n<a href=\"https:\/\/www.ombredestilleuls.com\/es\/camping-ecologico-peyrouse\/\" target=\"\" rel=\"noopener\" class=\"ls-cta__link\">\n\n\t<div class=\"ls-cta__image\"><img decoding=\"async\" src=\"https:\/\/www.ombredestilleuls.com\/wp-content\/uploads\/2023\/12\/camping-ecologique-peyrouse.webp\" alt=\"camping ecologique peyrouse\"><\/div>\n\t<div class=\"ls-cta__title\">\n\t\tMinigranja y enfoque ecol\u00f3gico\t<\/div>\n\n\t\t\n<\/a><\/div><div class=\"wp-block-column ls-cta\">\n\n<a href=\"https:\/\/www.ombredestilleuls.com\/es\/camping-con-piscina-peyrouse\/\" target=\"\" rel=\"noopener\" class=\"ls-cta__link\">\n\n\t<div class=\"ls-cta__image\"><img decoding=\"async\" src=\"https:\/\/www.ombredestilleuls.com\/wp-content\/uploads\/2023\/12\/camping-piscine-peyrouse.webp\" alt=\"camping piscina peyrouse\"><\/div>\n\t<div class=\"ls-cta__title\">\n\t\tZona acu\u00e1tica\t<\/div>\n\n\t\t\n<\/a><div class=\"wp-block-column ls-cta\">\n\n<a href=\"https:\/\/www.ombredestilleuls.com\/es\/camping-con-animacion-peyrouse\/\" target=\"\" rel=\"noopener\" class=\"ls-cta__link\">\n\n\t<div class=\"ls-cta__image\"><img decoding=\"async\" src=\"https:\/\/www.ombredestilleuls.com\/wp-content\/uploads\/2026\/04\/animations-concert-couverture-camping-ombre-des-tilleuls-e1776089435621.jpg\" alt=\"\"><\/div>\n\t<div class=\"ls-cta__title\">\n\t\tEntretenimiento\t<\/div>\n\n\t\t\n<\/a><\/div><\/div>\n<\/div>\n\r\n    <\/div>\r\n<\/section>","protected":false},"excerpt":{"rendered":"","protected":false},"author":1,"featured_media":0,"parent":0,"menu_order":0,"comment_status":"closed","ping_status":"closed","template":"","meta":{"_acf_changed":false,"inline_featured_image":false,"footnotes":""},"sujet":[],"class_list":["post-3501","page","type-page","status-publish","hentry"],"acf":[],"yoast_head":"<!-- This site is optimized with the Yoast SEO plugin v23.4 - https:\/\/yoast.com\/wordpress\/plugins\/seo\/ -->\n<title>Groupes - Camping \u00c0 l&#039;ombre des tilleuls<\/title>\n<meta name=\"robots\" content=\"index, follow, max-snippet:-1, max-image-preview:large, max-video-preview:-1\" \/>\n<link rel=\"canonical\" href=\"https:\/\/www.ombredestilleuls.com\/es\/groupes\/\" \/>\n<meta property=\"og:locale\" content=\"es_ES\" \/>\n<meta property=\"og:type\" content=\"article\" \/>\n<meta property=\"og:title\" content=\"Groupes - Camping \u00c0 l&#039;ombre des tilleuls\" \/>\n<meta property=\"og:url\" content=\"https:\/\/www.ombredestilleuls.com\/es\/groupes\/\" \/>\n<meta property=\"og:site_name\" content=\"Camping \u00c0 l&#039;ombre des tilleuls\" \/>\n<meta property=\"article:modified_time\" content=\"2025-01-21T14:43:13+00:00\" \/>\n<meta property=\"og:image\" content=\"https:\/\/www.ombredestilleuls.com\/wp-content\/uploads\/2025\/01\/Vue-montagne-ombre.jpg\" \/>\n<meta name=\"twitter:card\" content=\"summary_large_image\" \/>\n<meta name=\"twitter:label1\" content=\"Tiempo de lectura\" \/>\n\t<meta name=\"twitter:data1\" content=\"4 minutos\" \/>\n<script type=\"application\/ld+json\" class=\"yoast-schema-graph\">{\"@context\":\"https:\/\/schema.org\",\"@graph\":[{\"@type\":\"WebPage\",\"@id\":\"https:\/\/www.ombredestilleuls.com\/es\/groupes\/\",\"url\":\"https:\/\/www.ombredestilleuls.com\/es\/groupes\/\",\"name\":\"Groupes - Camping \u00c0 l&#039;ombre des tilleuls\",\"isPartOf\":{\"@id\":\"https:\/\/www.ombredestilleuls.com\/fr\/#website\"},\"primaryImageOfPage\":{\"@id\":\"https:\/\/www.ombredestilleuls.com\/es\/groupes\/#primaryimage\"},\"image\":{\"@id\":\"https:\/\/www.ombredestilleuls.com\/es\/groupes\/#primaryimage\"},\"thumbnailUrl\":\"https:\/\/www.ombredestilleuls.com\/wp-content\/uploads\/2025\/01\/Vue-montagne-ombre.jpg\",\"datePublished\":\"2025-01-16T16:24:17+00:00\",\"dateModified\":\"2025-01-21T14:43:13+00:00\",\"breadcrumb\":{\"@id\":\"https:\/\/www.ombredestilleuls.com\/es\/groupes\/#breadcrumb\"},\"inLanguage\":\"es\",\"potentialAction\":[{\"@type\":\"ReadAction\",\"target\":[\"https:\/\/www.ombredestilleuls.com\/es\/groupes\/\"]}]},{\"@type\":\"ImageObject\",\"inLanguage\":\"es\",\"@id\":\"https:\/\/www.ombredestilleuls.com\/es\/groupes\/#primaryimage\",\"url\":\"https:\/\/www.ombredestilleuls.com\/wp-content\/uploads\/2025\/01\/Vue-montagne-ombre.jpg\",\"contentUrl\":\"https:\/\/www.ombredestilleuls.com\/wp-content\/uploads\/2025\/01\/Vue-montagne-ombre.jpg\"},{\"@type\":\"BreadcrumbList\",\"@id\":\"https:\/\/www.ombredestilleuls.com\/es\/groupes\/#breadcrumb\",\"itemListElement\":[{\"@type\":\"ListItem\",\"position\":1,\"name\":\"Camping pr\u00e8s de Lourdes\",\"item\":\"https:\/\/www.ombredestilleuls.com\/es\/\"},{\"@type\":\"ListItem\",\"position\":2,\"name\":\"Groupes\"}]},{\"@type\":\"WebSite\",\"@id\":\"https:\/\/www.ombredestilleuls.com\/fr\/#website\",\"url\":\"https:\/\/www.ombredestilleuls.com\/fr\/\",\"name\":\"Camping \u00c0 l&#039;ombre des tilleuls\",\"description\":\"\",\"publisher\":{\"@id\":\"https:\/\/www.ombredestilleuls.com\/fr\/#organization\"},\"potentialAction\":[{\"@type\":\"SearchAction\",\"target\":{\"@type\":\"EntryPoint\",\"urlTemplate\":\"https:\/\/www.ombredestilleuls.com\/fr\/?s={search_term_string}\"},\"query-input\":{\"@type\":\"PropertyValueSpecification\",\"valueRequired\":true,\"valueName\":\"search_term_string\"}}],\"inLanguage\":\"es\"},{\"@type\":\"Organization\",\"@id\":\"https:\/\/www.ombredestilleuls.com\/fr\/#organization\",\"name\":\"Camping \u00c0 l&#039;ombre des tilleuls\",\"url\":\"https:\/\/www.ombredestilleuls.com\/fr\/\",\"logo\":{\"@type\":\"ImageObject\",\"inLanguage\":\"es\",\"@id\":\"https:\/\/www.ombredestilleuls.com\/fr\/#\/schema\/logo\/image\/\",\"url\":\"https:\/\/www.ombredestilleuls.com\/wp-content\/uploads\/2023\/11\/cropped-Camping-A-LOmbre-Des-Tilleuls-logo-1.png\",\"contentUrl\":\"https:\/\/www.ombredestilleuls.com\/wp-content\/uploads\/2023\/11\/cropped-Camping-A-LOmbre-Des-Tilleuls-logo-1.png\",\"width\":1000,\"height\":1000,\"caption\":\"Camping \u00c0 l&#039;ombre des tilleuls\"},\"image\":{\"@id\":\"https:\/\/www.ombredestilleuls.com\/fr\/#\/schema\/logo\/image\/\"}}]}<\/script>\n<!-- \/ Yoast SEO plugin. -->","yoast_head_json":{"title":"Groupes - Camping \u00c0 l&#039;ombre des tilleuls","robots":{"index":"index","follow":"follow","max-snippet":"max-snippet:-1","max-image-preview":"max-image-preview:large","max-video-preview":"max-video-preview:-1"},"canonical":"https:\/\/www.ombredestilleuls.com\/es\/groupes\/","og_locale":"es_ES","og_type":"article","og_title":"Groupes - Camping \u00c0 l&#039;ombre des tilleuls","og_url":"https:\/\/www.ombredestilleuls.com\/es\/groupes\/","og_site_name":"Camping \u00c0 l&#039;ombre des tilleuls","article_modified_time":"2025-01-21T14:43:13+00:00","og_image":[{"url":"https:\/\/www.ombredestilleuls.com\/wp-content\/uploads\/2025\/01\/Vue-montagne-ombre.jpg"}],"twitter_card":"summary_large_image","twitter_misc":{"Tiempo de lectura":"4 minutos"},"schema":{"@context":"https:\/\/schema.org","@graph":[{"@type":"WebPage","@id":"https:\/\/www.ombredestilleuls.com\/es\/groupes\/","url":"https:\/\/www.ombredestilleuls.com\/es\/groupes\/","name":"Groupes - Camping \u00c0 l&#039;ombre des tilleuls","isPartOf":{"@id":"https:\/\/www.ombredestilleuls.com\/fr\/#website"},"primaryImageOfPage":{"@id":"https:\/\/www.ombredestilleuls.com\/es\/groupes\/#primaryimage"},"image":{"@id":"https:\/\/www.ombredestilleuls.com\/es\/groupes\/#primaryimage"},"thumbnailUrl":"https:\/\/www.ombredestilleuls.com\/wp-content\/uploads\/2025\/01\/Vue-montagne-ombre.jpg","datePublished":"2025-01-16T16:24:17+00:00","dateModified":"2025-01-21T14:43:13+00:00","breadcrumb":{"@id":"https:\/\/www.ombredestilleuls.com\/es\/groupes\/#breadcrumb"},"inLanguage":"es","potentialAction":[{"@type":"ReadAction","target":["https:\/\/www.ombredestilleuls.com\/es\/groupes\/"]}]},{"@type":"ImageObject","inLanguage":"es","@id":"https:\/\/www.ombredestilleuls.com\/es\/groupes\/#primaryimage","url":"https:\/\/www.ombredestilleuls.com\/wp-content\/uploads\/2025\/01\/Vue-montagne-ombre.jpg","contentUrl":"https:\/\/www.ombredestilleuls.com\/wp-content\/uploads\/2025\/01\/Vue-montagne-ombre.jpg"},{"@type":"BreadcrumbList","@id":"https:\/\/www.ombredestilleuls.com\/es\/groupes\/#breadcrumb","itemListElement":[{"@type":"ListItem","position":1,"name":"Camping pr\u00e8s de Lourdes","item":"https:\/\/www.ombredestilleuls.com\/es\/"},{"@type":"ListItem","position":2,"name":"Groupes"}]},{"@type":"WebSite","@id":"https:\/\/www.ombredestilleuls.com\/fr\/#website","url":"https:\/\/www.ombredestilleuls.com\/fr\/","name":"Camping \u00c0 l&#039;ombre des tilleuls","description":"","publisher":{"@id":"https:\/\/www.ombredestilleuls.com\/fr\/#organization"},"potentialAction":[{"@type":"SearchAction","target":{"@type":"EntryPoint","urlTemplate":"https:\/\/www.ombredestilleuls.com\/fr\/?s={search_term_string}"},"query-input":{"@type":"PropertyValueSpecification","valueRequired":true,"valueName":"search_term_string"}}],"inLanguage":"es"},{"@type":"Organization","@id":"https:\/\/www.ombredestilleuls.com\/fr\/#organization","name":"Camping \u00c0 l&#039;ombre des tilleuls","url":"https:\/\/www.ombredestilleuls.com\/fr\/","logo":{"@type":"ImageObject","inLanguage":"es","@id":"https:\/\/www.ombredestilleuls.com\/fr\/#\/schema\/logo\/image\/","url":"https:\/\/www.ombredestilleuls.com\/wp-content\/uploads\/2023\/11\/cropped-Camping-A-LOmbre-Des-Tilleuls-logo-1.png","contentUrl":"https:\/\/www.ombredestilleuls.com\/wp-content\/uploads\/2023\/11\/cropped-Camping-A-LOmbre-Des-Tilleuls-logo-1.png","width":1000,"height":1000,"caption":"Camping \u00c0 l&#039;ombre des tilleuls"},"image":{"@id":"https:\/\/www.ombredestilleuls.com\/fr\/#\/schema\/logo\/image\/"}}]}},"_links":{"self":[{"href":"https:\/\/www.ombredestilleuls.com\/es\/wp-json\/wp\/v2\/pages\/3501","targetHints":{"allow":["GET"]}}],"collection":[{"href":"https:\/\/www.ombredestilleuls.com\/es\/wp-json\/wp\/v2\/pages"}],"about":[{"href":"https:\/\/www.ombredestilleuls.com\/es\/wp-json\/wp\/v2\/types\/page"}],"author":[{"embeddable":true,"href":"https:\/\/www.ombredestilleuls.com\/es\/wp-json\/wp\/v2\/users\/1"}],"replies":[{"embeddable":true,"href":"https:\/\/www.ombredestilleuls.com\/es\/wp-json\/wp\/v2\/comments?post=3501"}],"version-history":[{"count":10,"href":"https:\/\/www.ombredestilleuls.com\/es\/wp-json\/wp\/v2\/pages\/3501\/revisions"}],"predecessor-version":[{"id":3549,"href":"https:\/\/www.ombredestilleuls.com\/es\/wp-json\/wp\/v2\/pages\/3501\/revisions\/3549"}],"wp:attachment":[{"href":"https:\/\/www.ombredestilleuls.com\/es\/wp-json\/wp\/v2\/media?parent=3501"}],"wp:term":[{"taxonomy":"sujet","embeddable":true,"href":"https:\/\/www.ombredestilleuls.com\/es\/wp-json\/wp\/v2\/sujet?post=3501"}],"curies":[{"name":"wp","href":"https:\/\/api.w.org\/{rel}","templated":true}]}}