{"id":3050,"date":"2024-01-17T10:31:27","date_gmt":"2024-01-17T09:31:27","guid":{"rendered":"https:\/\/www.ombredestilleuls.com\/actividades-hautes-pyrenees\/"},"modified":"2024-01-18T14:48:43","modified_gmt":"2024-01-18T13:48:43","slug":"actividades-hautes-pyrenees","status":"publish","type":"page","link":"https:\/\/www.ombredestilleuls.com\/es\/actividades-hautes-pyrenees\/","title":{"rendered":"Para hacer"},"content":{"rendered":"<section id=\"ls-section-block_e0299c3d681fb10b5bf33a4ad1887b81\" class=\"ls-section  home-intro page-one has-m-b m-b-0 has-p-b p-b-0 has-p-l p-l-7 has-p-r p-r-7\" >\r\n        <div class=\"container container--full\">\r\n        \n\n<h1 class=\"ls__heading wp-block-heading has-text-align-center animated fadeIn slower\">Vacaciones con actividades en la naturaleza en los Altos Pirineos<\/h1>\n\n\n\n<p class=\"ls-paragraph has-text-align-center\">Descubra el <strong>esplendor de los Altos Pirineos<\/strong>, un destino donde reina la naturaleza y que ofrece un panorama de actividades para todos los gustos y edades. Ya sea un <strong>excursionista<\/strong> experimentado, una familia en busca de aventuras o un <strong>apasionado de las emociones fuertes<\/strong>, los Altos Pirineos ofrecen un sinf\u00edn de posibilidades para disfrutar de una estancia inolvidable en el coraz\u00f3n de un paisaje impresionante.<\/p>\n\n\r\n    <\/div>\r\n<\/section><section id=\"ls-section-block_14939c239bc520ef7b715841ca3c2bf8\" class=\"ls-section  home-intro page-one has-m-b m-b-0 has-p-l p-l-8 has-p-r p-r-8\" >\r\n        <div class=\"container container--full\">\r\n        \n\n<div class=\"wp-block-columns are-vertically-aligned-center first is-layout-flex wp-container-core-columns-is-layout-9d6595d7 wp-block-columns-is-layout-flex\">\n<div class=\"wp-block-column is-vertically-aligned-center left is-layout-flow wp-block-column-is-layout-flow\" style=\"flex-basis:45%\">\n<h2 class=\"ls__heading wp-block-heading animated fadeInLeft\"><strong>Paseos<\/strong> para todos los niveles<\/h2>\n\n\n\n<p class=\"ls-paragraph has-text-align-left\">Los Altos Pirineos son un para\u00edso para <strong>los amantes del senderismo<\/strong>. Con<strong> multitud de senderos se\u00f1alizados<\/strong> a trav\u00e9s de paisajes variados, cada paso es una invitaci\u00f3n a seguir explorando. Desde <strong>paseos familiares a excursiones de alta monta\u00f1a<\/strong>, cada itinerario promete una escapada y una comuni\u00f3n con la naturaleza.<\/p>\n\n\n\n<p class=\"ls-paragraph has-text-align-left\">Descubra la <a href=\"https:\/\/www.rnr-pibeste-aoulhet.com\/\" target=\"_blank\" rel=\"noreferrer noopener\">reserva natural de Pibeste-Aoulhet<\/a>, explore los<strong> senderos de Saint-P\u00e9-de-Bigorre<\/strong> y marav\u00edllese ante la <strong>biodiversidad<\/strong> y los impresionantes panoramas que ofrece. Hay un total de 95 km de senderos por descubrir en el coraz\u00f3n de la reserva natural de Pibeste-Aoulhet.<\/p>\n<\/div>\n\n\n\n<div class=\"wp-block-column is-vertically-aligned-center right is-layout-flow wp-block-column-is-layout-flow\" style=\"flex-basis:55%\">\n<figure class=\"wp-block-gallery has-nested-images columns-default is-cropped wp-block-gallery-1 is-layout-flex wp-block-gallery-is-layout-flex\">\n<figure class=\"wp-block-image size-full animated fadeIn delay-100ms\"><a href=\"https:\/\/www.ombredestilleuls.com\/wp-content\/uploads\/2023\/12\/randonnees-pour-tous-les-niveaux.webp\"><img decoding=\"async\" width=\"1200\" height=\"900\" data-id=\"1508\" src=\"https:\/\/www.ombredestilleuls.com\/wp-content\/uploads\/2023\/12\/randonnees-pour-tous-les-niveaux.webp\" alt=\"paseos para todos los niveles\" class=\"wp-image-1508\" srcset=\"https:\/\/www.ombredestilleuls.com\/wp-content\/uploads\/2023\/12\/randonnees-pour-tous-les-niveaux.webp 1200w, https:\/\/www.ombredestilleuls.com\/wp-content\/uploads\/2023\/12\/randonnees-pour-tous-les-niveaux-300x225.webp 300w, https:\/\/www.ombredestilleuls.com\/wp-content\/uploads\/2023\/12\/randonnees-pour-tous-les-niveaux-1024x768.webp 1024w, https:\/\/www.ombredestilleuls.com\/wp-content\/uploads\/2023\/12\/randonnees-pour-tous-les-niveaux-768x576.webp 768w\" sizes=\"(max-width: 1200px) 100vw, 1200px\" \/><\/a><\/figure>\n<\/figure>\n<\/div>\n<\/div>\n\n\r\n    <\/div>\r\n<\/section><section id=\"activites-sportives\" class=\"ls-section  home-piscine page-two has-background-image has-parallax has-m-t m-t-10 has-m-b m-b-10 has-m-l m-l-8 has-m-r m-r-8\" >\r\n    <div class=\"ls-section__background-image opacity-100\"><img decoding=\"async\" src=\"https:\/\/www.ombredestilleuls.com\/wp-content\/uploads\/2023\/12\/activites-sportives-hautes-pyrenees.webp\" alt=\"actividades deportivas en los altos pirineos\"><\/div>    <div class=\"container container--full\">\r\n        \n\n<div class=\"wp-block-columns is-layout-flex wp-container-core-columns-is-layout-9d6595d7 wp-block-columns-is-layout-flex\">\n<div class=\"wp-block-column is-layout-flow wp-block-column-is-layout-flow\" style=\"flex-basis:60%\"><\/div>\n\n\n\n<div class=\"wp-block-column animated fadeInRight is-layout-flow wp-block-column-is-layout-flow\" style=\"flex-basis:40%\">\n<h2 class=\"ls__heading wp-block-heading has-text-align-right\"><strong>Actividades deportivas<\/strong> en Altos Pirineos<\/h2>\n\n\n\n<p class=\"ls-paragraph has-text-align-right\">Los Altos Pirineos son un<strong> terreno de juego ideal para los amantes del deporte y la aventura<\/strong>.<\/p>\n\n\n\n<p class=\"ls-paragraph has-text-align-right\">Entre senderismo, bicicleta de monta\u00f1a, escalada y <strong>espeleolog\u00eda<\/strong> en las numerosas <strong>cuevas del macizo k\u00e1rstico<\/strong>, cada d\u00eda es una nueva aventura.<\/p>\n\n\n\n<p class=\"ls-paragraph has-text-align-right\">La variedad del terreno hace que los entusiastas del deporte de todos los niveles encuentren algo que disfrutar, ya sea una escalada desafiante, un descenso en bicicleta de monta\u00f1a por los valles o una exploraci\u00f3n subterr\u00e1nea de las maravillas ocultas del subsuelo.<\/p>\n<\/div>\n<\/div>\n\n\r\n    <\/div>\r\n<\/section><section id=\"activites-en-eaux-vives\" class=\"ls-section  home-ecologie page-three has-p-l p-l-8 has-p-r p-r-8\" >\r\n        <div class=\"container container--full\">\r\n        \n\n<div class=\"wp-block-columns are-vertically-aligned-center is-layout-flex wp-container-core-columns-is-layout-9d6595d7 wp-block-columns-is-layout-flex\">\n<div class=\"wp-block-column is-vertically-aligned-center is-layout-flow wp-block-column-is-layout-flow\" style=\"flex-basis:55%\">\n<figure class=\"wp-block-gallery has-nested-images columns-default is-cropped wp-block-gallery-2 is-layout-flex wp-block-gallery-is-layout-flex\">\n<figure class=\"wp-block-image size-full animated fadeIn delay-100ms\"><a href=\"https:\/\/www.ombredestilleuls.com\/wp-content\/uploads\/2023\/12\/activites-en-eaux-vives-proches-de-lourdes.webp\"><img decoding=\"async\" width=\"1200\" height=\"797\" data-id=\"1515\" src=\"https:\/\/www.ombredestilleuls.com\/wp-content\/uploads\/2023\/12\/activites-en-eaux-vives-proches-de-lourdes.webp\" alt=\"actividades en aguas bravas cerca de lourdes\" class=\"wp-image-1515\" srcset=\"https:\/\/www.ombredestilleuls.com\/wp-content\/uploads\/2023\/12\/activites-en-eaux-vives-proches-de-lourdes.webp 1200w, https:\/\/www.ombredestilleuls.com\/wp-content\/uploads\/2023\/12\/activites-en-eaux-vives-proches-de-lourdes-300x199.webp 300w, https:\/\/www.ombredestilleuls.com\/wp-content\/uploads\/2023\/12\/activites-en-eaux-vives-proches-de-lourdes-1024x680.webp 1024w, https:\/\/www.ombredestilleuls.com\/wp-content\/uploads\/2023\/12\/activites-en-eaux-vives-proches-de-lourdes-768x510.webp 768w\" sizes=\"(max-width: 1200px) 100vw, 1200px\" \/><\/a><\/figure>\n<\/figure>\n<\/div>\n\n\n\n<div class=\"wp-block-column is-vertically-aligned-center is-layout-flow wp-block-column-is-layout-flow\" style=\"flex-basis:45%\">\n<h2 class=\"ls__heading wp-block-heading animated fadeIn slower\"><strong>Actividades en aguas bravas<\/strong> cerca de Lourdes<\/h2>\n\n\n\n<p class=\"ls-paragraph has-text-align-left\">Cerca de Lourdes, las blancas aguas de los Altos Pirineos le invitan a una aventura refrescante y emocionante durante sus vacaciones en <a href=\"https:\/\/www.ombredestilleuls.com\/es\/\">el camping \u00c0 l&#8217;ombre des tilleuls<\/a>.  <\/p>\n\n\n\n<p class=\"ls-paragraph has-text-align-left\"><strong>Tanto<\/strong> si opta por un descenso en <strong>kayak como en balsa<\/strong> por el Gave de Pau, cada corriente es una <strong>promesa de adrenalina y descubrimiento<\/strong>. Las tumultuosas aguas y el espectacular paisaje ribere\u00f1o ofrecen una experiencia inolvidable tanto a los amantes de las emociones fuertes como a los de la naturaleza.  <\/p>\n\n\n\n<p class=\"ls-paragraph has-text-align-left\">Gu\u00edas experimentados est\u00e1n a su disposici\u00f3n para garantizarle una aventura segura, <strong>tanto<\/strong> si es un <strong>principiante como un balsero experimentado<\/strong>.<\/p>\n<\/div>\n<\/div>\n\n\r\n    <\/div>\r\n<\/section><section id=\"lac-de-lourdes\" class=\"ls-section  home-piscine page-four has-background-image has-parallax has-m-t m-t-10 has-m-b m-b-10 has-m-l m-l-8 has-m-r m-r-8\" >\r\n    <div class=\"ls-section__background-image opacity-100\"><img decoding=\"async\" src=\"https:\/\/www.ombredestilleuls.com\/wp-content\/uploads\/2023\/12\/lac-de-lourdes.webp\" alt=\"lago de lourdes\"><\/div>    <div class=\"container container--full\">\r\n        \n\n<div class=\"wp-block-columns is-layout-flex wp-container-core-columns-is-layout-9d6595d7 wp-block-columns-is-layout-flex\">\n<div class=\"wp-block-column animated fadeInLeft is-layout-flow wp-block-column-is-layout-flow\" style=\"flex-basis:40%\">\n<p class=\"ls-paragraph\">Adem\u00e1s de las aventuras en aguas bravas, la regi\u00f3n ofrece otra opci\u00f3n para relajarse en el agua.<\/p>\n\n\n\n<p class=\"ls-paragraph\">El cercano <strong>Lago de Lourdes<\/strong> es el lugar perfecto para alejarse de todo y disfrutar de un d\u00eda tranquilo.  <\/p>\n\n\n\n<p class=\"ls-paragraph\">Puede rodear el lago atravesando el campo de golf de Lourdes, un bucle de 6,2 km.  <\/p>\n\n\n\n<p class=\"ls-paragraph\">Adem\u00e1s, la <strong>playa del lago<\/strong> ofrece <strong>actividades<\/strong> para toda la familia, como<strong> juegos infantiles <\/strong>y <strong>alquiler de barcas de remos<\/strong>, para que pueda disfrutar al m\u00e1ximo de este tranquilo oasis en el coraz\u00f3n de los Pirineos.<br\/><br\/><\/p>\n<\/div>\n\n\n\n<div class=\"wp-block-column is-layout-flow wp-block-column-is-layout-flow\" style=\"flex-basis:60%\"><\/div>\n<\/div>\n\n\r\n    <\/div>\r\n<\/section><section id=\"ls-section-block_3c870c847a9897d2424e328885ea7885\" class=\"ls-section  page-maillage\" >\r\n        <div class=\"container container--wide\">\r\n        \n\n<div id=\"ls-heading ls-titre-div-block_7514e5a3c1dfe8a9b6d9fdb0d1ac6243\" class=\"ls-titre-div animated fadeIn h2-like\" >\n    Descubra los lugares que hay que visitar<\/div>\n\n\n\n<div id=\"ls-maillage-block_359504935fbee52279c7e18ec18d94ce\" class=\"ls-maillage cta-style-normal\" data-rows=\"3\">\n\n    <div class=\"wp-block-columns\"><div class=\"wp-block-column ls-cta\">\n\n<a href=\"https:\/\/www.ombredestilleuls.com\/es\/turismo-hautes-pyrenees\/#pic-du-midi\" target=\"\" rel=\"noopener\" class=\"ls-cta__link\">\n\n\t<div class=\"ls-cta__image\"><img decoding=\"async\" src=\"https:\/\/www.ombredestilleuls.com\/wp-content\/uploads\/2023\/12\/pic-du-midi-cta-1.webp\" alt=\"pic du midi cta\"><\/div>\n\t<div class=\"ls-cta__title\">\n\t\tEl Pic du Midi\t<\/div>\n\n\t\t\n<\/a><\/div><div class=\"wp-block-column ls-cta\">\n\n<a href=\"https:\/\/www.ombredestilleuls.com\/es\/turismo-hautes-pyrenees\/#chateau-fort\" target=\"\" rel=\"noopener\" class=\"ls-cta__link\">\n\n\t<div class=\"ls-cta__image\"><img decoding=\"async\" src=\"https:\/\/www.ombredestilleuls.com\/wp-content\/uploads\/2023\/12\/chateau-fort-cta-1.webp\" alt=\"chateau fort cta\"><\/div>\n\t<div class=\"ls-cta__title\">\n\t\tCh\u00e2teau-Fort\t<\/div>\n\n\t\t\n<\/a><\/div><div class=\"wp-block-column ls-cta\">\n\n<a href=\"https:\/\/www.ombredestilleuls.com\/es\/turismo-hautes-pyrenees\/#lac-d-estaing\" target=\"\" rel=\"noopener\" class=\"ls-cta__link\">\n\n\t<div class=\"ls-cta__image\"><img decoding=\"async\" src=\"https:\/\/www.ombredestilleuls.com\/wp-content\/uploads\/2023\/12\/lac-d-estaing-cta.webp\" alt=\"lac d estaing cta\"><\/div>\n\t<div class=\"ls-cta__title\">\n\t\tLago Estaing\t<\/div>\n\n\t\t\n<\/a><\/div>\n<\/div>\n\r\n    <\/div>\r\n<\/section>","protected":false},"excerpt":{"rendered":"","protected":false},"author":1,"featured_media":1507,"parent":0,"menu_order":0,"comment_status":"closed","ping_status":"closed","template":"","meta":{"_acf_changed":false,"inline_featured_image":false,"footnotes":""},"sujet":[],"class_list":["post-3050","page","type-page","status-publish","has-post-thumbnail","hentry"],"acf":[],"yoast_head":"<!-- This site is optimized with the Yoast SEO plugin v23.4 - https:\/\/yoast.com\/wordpress\/plugins\/seo\/ -->\n<title>Qu\u00e9 hacer en Altos Pirineos | Senderismo en Altos Pirineos<\/title>\n<meta name=\"description\" content=\"Ll\u00e9nese de actividades en la naturaleza durante sus vacaciones en el camping \u00c0 l&#039;Ombre des Tilleuls, en los Altos Pirineos.\" \/>\n<meta name=\"robots\" content=\"index, follow, max-snippet:-1, max-image-preview:large, max-video-preview:-1\" \/>\n<link rel=\"canonical\" href=\"https:\/\/www.ombredestilleuls.com\/es\/actividades-hautes-pyrenees\/\" \/>\n<meta property=\"og:locale\" content=\"es_ES\" \/>\n<meta property=\"og:type\" content=\"article\" \/>\n<meta property=\"og:title\" content=\"Qu\u00e9 hacer en Altos Pirineos | Senderismo en Altos Pirineos\" \/>\n<meta property=\"og:description\" content=\"Ll\u00e9nese de actividades en la naturaleza durante sus vacaciones en el camping \u00c0 l&#039;Ombre des Tilleuls, en los Altos Pirineos.\" \/>\n<meta property=\"og:url\" content=\"https:\/\/www.ombredestilleuls.com\/es\/actividades-hautes-pyrenees\/\" \/>\n<meta property=\"og:site_name\" content=\"Camping \u00c0 l&#039;ombre des tilleuls\" \/>\n<meta property=\"article:modified_time\" content=\"2024-01-18T13:48:43+00:00\" \/>\n<meta property=\"og:image\" content=\"https:\/\/www.ombredestilleuls.com\/wp-content\/uploads\/2023\/12\/activites-nature-hautes-pyrenees.webp\" \/>\n\t<meta property=\"og:image:width\" content=\"2000\" \/>\n\t<meta property=\"og:image:height\" content=\"1125\" \/>\n\t<meta property=\"og:image:type\" content=\"image\/webp\" \/>\n<meta name=\"twitter:card\" content=\"summary_large_image\" \/>\n<meta name=\"twitter:label1\" content=\"Tiempo de lectura\" \/>\n\t<meta name=\"twitter:data1\" content=\"2 minutos\" \/>\n<script type=\"application\/ld+json\" class=\"yoast-schema-graph\">{\"@context\":\"https:\/\/schema.org\",\"@graph\":[{\"@type\":\"WebPage\",\"@id\":\"https:\/\/www.ombredestilleuls.com\/es\/actividades-hautes-pyrenees\/\",\"url\":\"https:\/\/www.ombredestilleuls.com\/es\/actividades-hautes-pyrenees\/\",\"name\":\"Qu\u00e9 hacer en Altos Pirineos | Senderismo en Altos Pirineos\",\"isPartOf\":{\"@id\":\"https:\/\/www.ombredestilleuls.com\/fr\/#website\"},\"primaryImageOfPage\":{\"@id\":\"https:\/\/www.ombredestilleuls.com\/es\/actividades-hautes-pyrenees\/#primaryimage\"},\"image\":{\"@id\":\"https:\/\/www.ombredestilleuls.com\/es\/actividades-hautes-pyrenees\/#primaryimage\"},\"thumbnailUrl\":\"https:\/\/www.ombredestilleuls.com\/wp-content\/uploads\/2023\/12\/activites-nature-hautes-pyrenees.webp\",\"datePublished\":\"2024-01-17T09:31:27+00:00\",\"dateModified\":\"2024-01-18T13:48:43+00:00\",\"description\":\"Ll\u00e9nese de actividades en la naturaleza durante sus vacaciones en el camping \u00c0 l'Ombre des Tilleuls, en los Altos Pirineos.\",\"breadcrumb\":{\"@id\":\"https:\/\/www.ombredestilleuls.com\/es\/actividades-hautes-pyrenees\/#breadcrumb\"},\"inLanguage\":\"es\",\"potentialAction\":[{\"@type\":\"ReadAction\",\"target\":[\"https:\/\/www.ombredestilleuls.com\/es\/actividades-hautes-pyrenees\/\"]}]},{\"@type\":\"ImageObject\",\"inLanguage\":\"es\",\"@id\":\"https:\/\/www.ombredestilleuls.com\/es\/actividades-hautes-pyrenees\/#primaryimage\",\"url\":\"https:\/\/www.ombredestilleuls.com\/wp-content\/uploads\/2023\/12\/activites-nature-hautes-pyrenees.webp\",\"contentUrl\":\"https:\/\/www.ombredestilleuls.com\/wp-content\/uploads\/2023\/12\/activites-nature-hautes-pyrenees.webp\",\"width\":2000,\"height\":1125,\"caption\":\"actividades en la naturaleza en los altos pirineos\"},{\"@type\":\"BreadcrumbList\",\"@id\":\"https:\/\/www.ombredestilleuls.com\/es\/actividades-hautes-pyrenees\/#breadcrumb\",\"itemListElement\":[{\"@type\":\"ListItem\",\"position\":1,\"name\":\"Camping pr\u00e8s de Lourdes\",\"item\":\"https:\/\/www.ombredestilleuls.com\/es\/\"},{\"@type\":\"ListItem\",\"position\":2,\"name\":\"Qu\u00e9 hacer en Altos Pirineos\"}]},{\"@type\":\"WebSite\",\"@id\":\"https:\/\/www.ombredestilleuls.com\/fr\/#website\",\"url\":\"https:\/\/www.ombredestilleuls.com\/fr\/\",\"name\":\"Camping \u00c0 l&#039;ombre des tilleuls\",\"description\":\"\",\"publisher\":{\"@id\":\"https:\/\/www.ombredestilleuls.com\/fr\/#organization\"},\"potentialAction\":[{\"@type\":\"SearchAction\",\"target\":{\"@type\":\"EntryPoint\",\"urlTemplate\":\"https:\/\/www.ombredestilleuls.com\/fr\/?s={search_term_string}\"},\"query-input\":{\"@type\":\"PropertyValueSpecification\",\"valueRequired\":true,\"valueName\":\"search_term_string\"}}],\"inLanguage\":\"es\"},{\"@type\":\"Organization\",\"@id\":\"https:\/\/www.ombredestilleuls.com\/fr\/#organization\",\"name\":\"Camping \u00c0 l&#039;ombre des tilleuls\",\"url\":\"https:\/\/www.ombredestilleuls.com\/fr\/\",\"logo\":{\"@type\":\"ImageObject\",\"inLanguage\":\"es\",\"@id\":\"https:\/\/www.ombredestilleuls.com\/fr\/#\/schema\/logo\/image\/\",\"url\":\"https:\/\/www.ombredestilleuls.com\/wp-content\/uploads\/2023\/11\/cropped-Camping-A-LOmbre-Des-Tilleuls-logo-1.png\",\"contentUrl\":\"https:\/\/www.ombredestilleuls.com\/wp-content\/uploads\/2023\/11\/cropped-Camping-A-LOmbre-Des-Tilleuls-logo-1.png\",\"width\":1000,\"height\":1000,\"caption\":\"Camping \u00c0 l&#039;ombre des tilleuls\"},\"image\":{\"@id\":\"https:\/\/www.ombredestilleuls.com\/fr\/#\/schema\/logo\/image\/\"}}]}<\/script>\n<!-- \/ Yoast SEO plugin. -->","yoast_head_json":{"title":"Qu\u00e9 hacer en Altos Pirineos | Senderismo en Altos Pirineos","description":"Ll\u00e9nese de actividades en la naturaleza durante sus vacaciones en el camping \u00c0 l'Ombre des Tilleuls, en los Altos Pirineos.","robots":{"index":"index","follow":"follow","max-snippet":"max-snippet:-1","max-image-preview":"max-image-preview:large","max-video-preview":"max-video-preview:-1"},"canonical":"https:\/\/www.ombredestilleuls.com\/es\/actividades-hautes-pyrenees\/","og_locale":"es_ES","og_type":"article","og_title":"Qu\u00e9 hacer en Altos Pirineos | Senderismo en Altos Pirineos","og_description":"Ll\u00e9nese de actividades en la naturaleza durante sus vacaciones en el camping \u00c0 l'Ombre des Tilleuls, en los Altos Pirineos.","og_url":"https:\/\/www.ombredestilleuls.com\/es\/actividades-hautes-pyrenees\/","og_site_name":"Camping \u00c0 l&#039;ombre des tilleuls","article_modified_time":"2024-01-18T13:48:43+00:00","og_image":[{"width":2000,"height":1125,"url":"https:\/\/www.ombredestilleuls.com\/wp-content\/uploads\/2023\/12\/activites-nature-hautes-pyrenees.webp","type":"image\/webp"}],"twitter_card":"summary_large_image","twitter_misc":{"Tiempo de lectura":"2 minutos"},"schema":{"@context":"https:\/\/schema.org","@graph":[{"@type":"WebPage","@id":"https:\/\/www.ombredestilleuls.com\/es\/actividades-hautes-pyrenees\/","url":"https:\/\/www.ombredestilleuls.com\/es\/actividades-hautes-pyrenees\/","name":"Qu\u00e9 hacer en Altos Pirineos | Senderismo en Altos Pirineos","isPartOf":{"@id":"https:\/\/www.ombredestilleuls.com\/fr\/#website"},"primaryImageOfPage":{"@id":"https:\/\/www.ombredestilleuls.com\/es\/actividades-hautes-pyrenees\/#primaryimage"},"image":{"@id":"https:\/\/www.ombredestilleuls.com\/es\/actividades-hautes-pyrenees\/#primaryimage"},"thumbnailUrl":"https:\/\/www.ombredestilleuls.com\/wp-content\/uploads\/2023\/12\/activites-nature-hautes-pyrenees.webp","datePublished":"2024-01-17T09:31:27+00:00","dateModified":"2024-01-18T13:48:43+00:00","description":"Ll\u00e9nese de actividades en la naturaleza durante sus vacaciones en el camping \u00c0 l'Ombre des Tilleuls, en los Altos Pirineos.","breadcrumb":{"@id":"https:\/\/www.ombredestilleuls.com\/es\/actividades-hautes-pyrenees\/#breadcrumb"},"inLanguage":"es","potentialAction":[{"@type":"ReadAction","target":["https:\/\/www.ombredestilleuls.com\/es\/actividades-hautes-pyrenees\/"]}]},{"@type":"ImageObject","inLanguage":"es","@id":"https:\/\/www.ombredestilleuls.com\/es\/actividades-hautes-pyrenees\/#primaryimage","url":"https:\/\/www.ombredestilleuls.com\/wp-content\/uploads\/2023\/12\/activites-nature-hautes-pyrenees.webp","contentUrl":"https:\/\/www.ombredestilleuls.com\/wp-content\/uploads\/2023\/12\/activites-nature-hautes-pyrenees.webp","width":2000,"height":1125,"caption":"actividades en la naturaleza en los altos pirineos"},{"@type":"BreadcrumbList","@id":"https:\/\/www.ombredestilleuls.com\/es\/actividades-hautes-pyrenees\/#breadcrumb","itemListElement":[{"@type":"ListItem","position":1,"name":"Camping pr\u00e8s de Lourdes","item":"https:\/\/www.ombredestilleuls.com\/es\/"},{"@type":"ListItem","position":2,"name":"Qu\u00e9 hacer en Altos Pirineos"}]},{"@type":"WebSite","@id":"https:\/\/www.ombredestilleuls.com\/fr\/#website","url":"https:\/\/www.ombredestilleuls.com\/fr\/","name":"Camping \u00c0 l&#039;ombre des tilleuls","description":"","publisher":{"@id":"https:\/\/www.ombredestilleuls.com\/fr\/#organization"},"potentialAction":[{"@type":"SearchAction","target":{"@type":"EntryPoint","urlTemplate":"https:\/\/www.ombredestilleuls.com\/fr\/?s={search_term_string}"},"query-input":{"@type":"PropertyValueSpecification","valueRequired":true,"valueName":"search_term_string"}}],"inLanguage":"es"},{"@type":"Organization","@id":"https:\/\/www.ombredestilleuls.com\/fr\/#organization","name":"Camping \u00c0 l&#039;ombre des tilleuls","url":"https:\/\/www.ombredestilleuls.com\/fr\/","logo":{"@type":"ImageObject","inLanguage":"es","@id":"https:\/\/www.ombredestilleuls.com\/fr\/#\/schema\/logo\/image\/","url":"https:\/\/www.ombredestilleuls.com\/wp-content\/uploads\/2023\/11\/cropped-Camping-A-LOmbre-Des-Tilleuls-logo-1.png","contentUrl":"https:\/\/www.ombredestilleuls.com\/wp-content\/uploads\/2023\/11\/cropped-Camping-A-LOmbre-Des-Tilleuls-logo-1.png","width":1000,"height":1000,"caption":"Camping \u00c0 l&#039;ombre des tilleuls"},"image":{"@id":"https:\/\/www.ombredestilleuls.com\/fr\/#\/schema\/logo\/image\/"}}]}},"_links":{"self":[{"href":"https:\/\/www.ombredestilleuls.com\/es\/wp-json\/wp\/v2\/pages\/3050","targetHints":{"allow":["GET"]}}],"collection":[{"href":"https:\/\/www.ombredestilleuls.com\/es\/wp-json\/wp\/v2\/pages"}],"about":[{"href":"https:\/\/www.ombredestilleuls.com\/es\/wp-json\/wp\/v2\/types\/page"}],"author":[{"embeddable":true,"href":"https:\/\/www.ombredestilleuls.com\/es\/wp-json\/wp\/v2\/users\/1"}],"replies":[{"embeddable":true,"href":"https:\/\/www.ombredestilleuls.com\/es\/wp-json\/wp\/v2\/comments?post=3050"}],"version-history":[{"count":4,"href":"https:\/\/www.ombredestilleuls.com\/es\/wp-json\/wp\/v2\/pages\/3050\/revisions"}],"predecessor-version":[{"id":3294,"href":"https:\/\/www.ombredestilleuls.com\/es\/wp-json\/wp\/v2\/pages\/3050\/revisions\/3294"}],"wp:featuredmedia":[{"embeddable":true,"href":"https:\/\/www.ombredestilleuls.com\/es\/wp-json\/wp\/v2\/media\/1507"}],"wp:attachment":[{"href":"https:\/\/www.ombredestilleuls.com\/es\/wp-json\/wp\/v2\/media?parent=3050"}],"wp:term":[{"taxonomy":"sujet","embeddable":true,"href":"https:\/\/www.ombredestilleuls.com\/es\/wp-json\/wp\/v2\/sujet?post=3050"}],"curies":[{"name":"wp","href":"https:\/\/api.w.org\/{rel}","templated":true}]}}