{"id":3037,"date":"2024-01-17T10:28:36","date_gmt":"2024-01-17T09:28:36","guid":{"rendered":"https:\/\/www.ombredestilleuls.com\/contacto-acceso\/"},"modified":"2024-01-18T14:02:02","modified_gmt":"2024-01-18T13:02:02","slug":"contacto-acceso","status":"publish","type":"page","link":"https:\/\/www.ombredestilleuls.com\/es\/contacto-acceso\/","title":{"rendered":"Contacto y acceso"},"content":{"rendered":"<section id=\"ls-section-block_9f0d475fab1943c261ad78f2b57be9e8\" class=\"ls-section  home-intro page-one has-m-b m-b-0 has-p-b p-b-0\" >\r\n        <div class=\"container container--full\">\r\n        \n\n<h1 class=\"ls__heading wp-block-heading has-text-align-center animated fadeIn slower\">Contacto y acceso<\/h1>\n\n\r\n    <\/div>\r\n<\/section><section id=\"ls-section-block_b40267536aad790d60171e38ec02fdf3\" class=\"ls-section  home-ecologie page-five has-m-t m-t-0 has-p-t p-t-0 has-p-l p-l-8 has-p-r p-r-8\" >\r\n        <div class=\"container container--full\">\r\n        \n\n<div class=\"wp-block-columns are-vertically-aligned-center is-layout-flex wp-container-core-columns-is-layout-9d6595d7 wp-block-columns-is-layout-flex\">\n<div class=\"wp-block-column is-vertically-aligned-center is-layout-flow wp-block-column-is-layout-flow\" style=\"flex-basis:45%\">\n<h2 class=\"ls__heading wp-block-heading animated fadeIn slower\">P\u00f3ngase en contacto con nosotros<\/h2>\n\n\n\n<p class=\"ls-paragraph\">Nuestro equipo est\u00e1 aqu\u00ed para ayudarle a hacer de su estancia una experiencia inolvidable. Valoramos el respeto por nuestro bello entorno natural y estamos comprometidos con un planteamiento ecol\u00f3gicamente responsable para preservar el medio ambiente que nos rodea.<\/p>\n\n\n\n<p class=\"ls-paragraph\">Si tiene alguna pregunta, no dude en utilizar el <strong>formulario de contacto<\/strong> de nuestro sitio web. Tambi\u00e9n puede ponerse en contacto directamente con nosotros <strong>por tel\u00e9fono: +33 5 62 41 81 54<\/strong>. Para informaci\u00f3n m\u00e1s detallada o solicitudes concretas, escr\u00edbanos a la<strong>siguiente direcci\u00f3n de correo electr\u00f3nico: contact@ombredestilleuls.com.<\/strong><\/p>\n\n\n\n<p class=\"ls-paragraph\">Esperamos darle la bienvenida y ayudarle a descubrir las maravillas de nuestra regi\u00f3n en un ambiente familiar y acogedor.<\/p>\n<\/div>\n\n\n\n<div class=\"wp-block-column is-vertically-aligned-center is-layout-flow wp-block-column-is-layout-flow\" style=\"flex-basis:55%\">\n<div class=\"wpcf7 no-js\" id=\"wpcf7-f2910-o1\" lang=\"es-ES\" dir=\"ltr\">\n<div class=\"screen-reader-response\"><p role=\"status\" aria-live=\"polite\" aria-atomic=\"true\"><\/p> <ul><\/ul><\/div>\n<form action=\"\/es\/wp-json\/wp\/v2\/pages\/3037#wpcf7-f2910-o1\" method=\"post\" class=\"wpcf7-form init\" aria-label=\"Formulario de contacto\" novalidate=\"novalidate\" data-status=\"init\">\n<div style=\"display: none;\">\n<input type=\"hidden\" name=\"_wpcf7\" value=\"2910\" \/>\n<input type=\"hidden\" name=\"_wpcf7_version\" value=\"5.9.8\" \/>\n<input type=\"hidden\" name=\"_wpcf7_locale\" value=\"es_ES\" \/>\n<input type=\"hidden\" name=\"_wpcf7_unit_tag\" value=\"wpcf7-f2910-o1\" \/>\n<input type=\"hidden\" name=\"_wpcf7_container_post\" value=\"0\" \/>\n<input type=\"hidden\" name=\"_wpcf7_posted_data_hash\" value=\"\" \/>\n<input type=\"hidden\" name=\"_wpcf7_recaptcha_response\" value=\"\" \/>\n<\/div>\n<p><label> Su nombre<br \/>\n<span class=\"wpcf7-form-control-wrap\" data-name=\"your-name\"><input size=\"40\" maxlength=\"400\" class=\"wpcf7-form-control wpcf7-text wpcf7-validates-as-required\" autocomplete=\"name\" aria-required=\"true\" aria-invalid=\"false\" value=\"\" type=\"text\" name=\"your-name\" \/><\/span> <\/label>\n<\/p>\n<p><label> Tu e-mail<br \/>\n<span class=\"wpcf7-form-control-wrap\" data-name=\"your-email\"><input size=\"40\" maxlength=\"400\" class=\"wpcf7-form-control wpcf7-email wpcf7-validates-as-required wpcf7-text wpcf7-validates-as-email\" autocomplete=\"email\" aria-required=\"true\" aria-invalid=\"false\" value=\"\" type=\"email\" name=\"your-email\" \/><\/span> <\/label>\n<\/p>\n<p><label> Objeto<br \/>\n<span class=\"wpcf7-form-control-wrap\" data-name=\"your-subject\"><input size=\"40\" maxlength=\"400\" class=\"wpcf7-form-control wpcf7-text wpcf7-validates-as-required\" aria-required=\"true\" aria-invalid=\"false\" value=\"\" type=\"text\" name=\"your-subject\" \/><\/span> <\/label>\n<\/p>\n<p><label> Su mensaje<br \/>\n<span class=\"wpcf7-form-control-wrap\" data-name=\"your-message\"><textarea cols=\"40\" rows=\"10\" maxlength=\"2000\" class=\"wpcf7-form-control wpcf7-textarea wpcf7-validates-as-required\" aria-required=\"true\" aria-invalid=\"false\" name=\"your-message\"><\/textarea><\/span> <\/label>\n<\/p>\n<p><span class=\"wpcf7-form-control-wrap\" data-name=\"acceptance-553\"><span class=\"wpcf7-form-control wpcf7-acceptance\"><span class=\"wpcf7-list-item\"><label><input type=\"checkbox\" name=\"acceptance-553\" value=\"1\" aria-invalid=\"false\" \/><span class=\"wpcf7-list-item-label\">Al marcar esta casilla, acepto la <a href=\"\/es\/politica-de-privacidad\/\" rel=\"nofollow\" target=\"_blank\">Pol\u00edtica de privacidad<\/a> de este sitio.<\/span><\/label><\/span><\/span><\/span>\n<\/p>\n<p><input class=\"wpcf7-form-control wpcf7-submit has-spinner\" type=\"submit\" value=\"Enviar\" \/>\n<\/p><div class=\"wpcf7-response-output\" aria-hidden=\"true\"><\/div>\n<\/form>\n<\/div>\n\n<\/div>\n<\/div>\n\n\r\n    <\/div>\r\n<\/section><section id=\"ls-section-block_0c3d7ec9ada3c7f16d105213d10e6a1c\" class=\"ls-section  home-ecologie page-three has-m-t m-t-0 has-p-t p-t-0 has-p-l p-l-8 has-p-r p-r-8\" >\r\n        <div class=\"container container--full\">\r\n        \n\n<div class=\"wp-block-columns are-vertically-aligned-center is-layout-flex wp-container-core-columns-is-layout-9d6595d7 wp-block-columns-is-layout-flex\">\n<div class=\"wp-block-column is-vertically-aligned-center is-layout-flow wp-block-column-is-layout-flow\" style=\"flex-basis:55%\">\n<iframe loading=\"lazy\" src=\"https:\/\/www.google.com\/maps\/embed?pb=!1m18!1m12!1m3!1d2913.145275561678!2d-0.13056184870941037!3d43.10146177904171!2m3!1f0!2f0!3f0!3m2!1i1024!2i768!4f13.1!3m3!1m2!1s0xd57d22183e633a7%3A0xa679b9a9e3e1caa8!2sCamping+A+l'Ombre+des+Tilleuls!5e0!3m2!1sfr!2sfr!4v1557396558983!5m2!1sfr!2sfr\" width=\"100%\" height=\"450\" style=\"border: 0px none; display: block; margin-left: auto; margin-right: auto;\" frameborder=\"0\" allowfullscreen=\"allowfullscreen\"><\/iframe>\n<\/div>\n\n\n\n<div class=\"wp-block-column is-vertically-aligned-center is-layout-flow wp-block-column-is-layout-flow\" style=\"flex-basis:45%\">\n<h2 class=\"ls__heading wp-block-heading animated fadeIn slower\">Itinerario para su estancia <strong>cerca de Lourdes<\/strong><\/h2>\n\n\n\n<p class=\"ls-paragraph has-text-align-left\">Prep\u00e1rese para una escapada a la naturaleza en el <a href=\"https:\/\/www.ombredestilleuls.com\/es\/\">camping A l&#8217;ombre des Tilleuls <\/a>, cerca de Lourdes.  <\/p>\n\n\n\n<p class=\"ls-paragraph has-text-align-left\">Nuestro camping se encuentra en<strong> 31, route de Pau, 65270 Peyrouse, Francia<\/strong>.  <\/p>\n\n\n\n<p class=\"ls-paragraph has-text-align-left\">Enclavado en el espl\u00e9ndido marco de los Altos Pirineos, nuestro camping es de f\u00e1cil acceso y promete una escapada en un entorno tranquilo y rejuvenecedor.<\/p>\n<\/div>\n<\/div>\n\n\r\n    <\/div>\r\n<\/section>","protected":false},"excerpt":{"rendered":"","protected":false},"author":1,"featured_media":3673,"parent":0,"menu_order":0,"comment_status":"closed","ping_status":"closed","template":"","meta":{"_acf_changed":false,"inline_featured_image":false,"footnotes":""},"sujet":[],"class_list":["post-3037","page","type-page","status-publish","has-post-thumbnail","hentry"],"acf":[],"yoast_head":"<!-- This site is optimized with the Yoast SEO plugin v23.4 - https:\/\/yoast.com\/wordpress\/plugins\/seo\/ -->\n<title>Contacto camping \u00c0 l&#039;Ombre des Tilleuls | Venir al camping Pyr\u00e9n\u00e9es<\/title>\n<meta name=\"description\" content=\"El equipo de su camping \u00c0 l&#039;ombre des tilleuls est\u00e1 deseando recibirle cerca de Lourdes y responder a sus preguntas.\" \/>\n<meta name=\"robots\" content=\"index, follow, max-snippet:-1, max-image-preview:large, max-video-preview:-1\" \/>\n<link rel=\"canonical\" href=\"https:\/\/www.ombredestilleuls.com\/es\/contacto-acceso\/\" \/>\n<meta property=\"og:locale\" content=\"es_ES\" \/>\n<meta property=\"og:type\" content=\"article\" \/>\n<meta property=\"og:title\" content=\"Contacto camping \u00c0 l&#039;Ombre des Tilleuls | Venir al camping Pyr\u00e9n\u00e9es\" \/>\n<meta property=\"og:description\" content=\"El equipo de su camping \u00c0 l&#039;ombre des tilleuls est\u00e1 deseando recibirle cerca de Lourdes y responder a sus preguntas.\" \/>\n<meta property=\"og:url\" content=\"https:\/\/www.ombredestilleuls.com\/es\/contacto-acceso\/\" \/>\n<meta property=\"og:site_name\" content=\"Camping \u00c0 l&#039;ombre des tilleuls\" \/>\n<meta property=\"article:modified_time\" content=\"2024-01-18T13:02:02+00:00\" \/>\n<meta property=\"og:image\" content=\"https:\/\/www.ombredestilleuls.com\/wp-content\/uploads\/2023\/12\/contact-camping-paradis-a-l-ombre-des-tilleuls.webp\" \/>\n\t<meta property=\"og:image:width\" content=\"2000\" \/>\n\t<meta property=\"og:image:height\" content=\"1200\" \/>\n\t<meta property=\"og:image:type\" content=\"image\/webp\" \/>\n<meta name=\"twitter:card\" content=\"summary_large_image\" \/>\n<meta name=\"twitter:label1\" content=\"Tiempo de lectura\" \/>\n\t<meta name=\"twitter:data1\" content=\"1 minuto\" \/>\n<script type=\"application\/ld+json\" class=\"yoast-schema-graph\">{\"@context\":\"https:\/\/schema.org\",\"@graph\":[{\"@type\":\"WebPage\",\"@id\":\"https:\/\/www.ombredestilleuls.com\/es\/contacto-acceso\/\",\"url\":\"https:\/\/www.ombredestilleuls.com\/es\/contacto-acceso\/\",\"name\":\"Contacto camping \u00c0 l'Ombre des Tilleuls | Venir al camping Pyr\u00e9n\u00e9es\",\"isPartOf\":{\"@id\":\"https:\/\/www.ombredestilleuls.com\/fr\/#website\"},\"primaryImageOfPage\":{\"@id\":\"https:\/\/www.ombredestilleuls.com\/es\/contacto-acceso\/#primaryimage\"},\"image\":{\"@id\":\"https:\/\/www.ombredestilleuls.com\/es\/contacto-acceso\/#primaryimage\"},\"thumbnailUrl\":\"https:\/\/www.ombredestilleuls.com\/wp-content\/uploads\/2026\/04\/reception-accueil-camping-ombre-tilleuls.jpg\",\"datePublished\":\"2024-01-17T09:28:36+00:00\",\"dateModified\":\"2024-01-18T13:02:02+00:00\",\"description\":\"El equipo de su camping \u00c0 l'ombre des tilleuls est\u00e1 deseando recibirle cerca de Lourdes y responder a sus preguntas.\",\"breadcrumb\":{\"@id\":\"https:\/\/www.ombredestilleuls.com\/es\/contacto-acceso\/#breadcrumb\"},\"inLanguage\":\"es\",\"potentialAction\":[{\"@type\":\"ReadAction\",\"target\":[\"https:\/\/www.ombredestilleuls.com\/es\/contacto-acceso\/\"]}]},{\"@type\":\"ImageObject\",\"inLanguage\":\"es\",\"@id\":\"https:\/\/www.ombredestilleuls.com\/es\/contacto-acceso\/#primaryimage\",\"url\":\"https:\/\/www.ombredestilleuls.com\/wp-content\/uploads\/2026\/04\/reception-accueil-camping-ombre-tilleuls.jpg\",\"contentUrl\":\"https:\/\/www.ombredestilleuls.com\/wp-content\/uploads\/2026\/04\/reception-accueil-camping-ombre-tilleuls.jpg\",\"width\":1200,\"height\":900},{\"@type\":\"BreadcrumbList\",\"@id\":\"https:\/\/www.ombredestilleuls.com\/es\/contacto-acceso\/#breadcrumb\",\"itemListElement\":[{\"@type\":\"ListItem\",\"position\":1,\"name\":\"Camping pr\u00e8s de Lourdes\",\"item\":\"https:\/\/www.ombredestilleuls.com\/es\/\"},{\"@type\":\"ListItem\",\"position\":2,\"name\":\"Contacto, direcciones\"}]},{\"@type\":\"WebSite\",\"@id\":\"https:\/\/www.ombredestilleuls.com\/fr\/#website\",\"url\":\"https:\/\/www.ombredestilleuls.com\/fr\/\",\"name\":\"Camping \u00c0 l&#039;ombre des tilleuls\",\"description\":\"\",\"publisher\":{\"@id\":\"https:\/\/www.ombredestilleuls.com\/fr\/#organization\"},\"potentialAction\":[{\"@type\":\"SearchAction\",\"target\":{\"@type\":\"EntryPoint\",\"urlTemplate\":\"https:\/\/www.ombredestilleuls.com\/fr\/?s={search_term_string}\"},\"query-input\":{\"@type\":\"PropertyValueSpecification\",\"valueRequired\":true,\"valueName\":\"search_term_string\"}}],\"inLanguage\":\"es\"},{\"@type\":\"Organization\",\"@id\":\"https:\/\/www.ombredestilleuls.com\/fr\/#organization\",\"name\":\"Camping \u00c0 l&#039;ombre des tilleuls\",\"url\":\"https:\/\/www.ombredestilleuls.com\/fr\/\",\"logo\":{\"@type\":\"ImageObject\",\"inLanguage\":\"es\",\"@id\":\"https:\/\/www.ombredestilleuls.com\/fr\/#\/schema\/logo\/image\/\",\"url\":\"https:\/\/www.ombredestilleuls.com\/wp-content\/uploads\/2023\/11\/cropped-Camping-A-LOmbre-Des-Tilleuls-logo-1.png\",\"contentUrl\":\"https:\/\/www.ombredestilleuls.com\/wp-content\/uploads\/2023\/11\/cropped-Camping-A-LOmbre-Des-Tilleuls-logo-1.png\",\"width\":1000,\"height\":1000,\"caption\":\"Camping \u00c0 l&#039;ombre des tilleuls\"},\"image\":{\"@id\":\"https:\/\/www.ombredestilleuls.com\/fr\/#\/schema\/logo\/image\/\"}}]}<\/script>\n<!-- \/ Yoast SEO plugin. -->","yoast_head_json":{"title":"Contacto camping \u00c0 l'Ombre des Tilleuls | Venir al camping Pyr\u00e9n\u00e9es","description":"El equipo de su camping \u00c0 l'ombre des tilleuls est\u00e1 deseando recibirle cerca de Lourdes y responder a sus preguntas.","robots":{"index":"index","follow":"follow","max-snippet":"max-snippet:-1","max-image-preview":"max-image-preview:large","max-video-preview":"max-video-preview:-1"},"canonical":"https:\/\/www.ombredestilleuls.com\/es\/contacto-acceso\/","og_locale":"es_ES","og_type":"article","og_title":"Contacto camping \u00c0 l'Ombre des Tilleuls | Venir al camping Pyr\u00e9n\u00e9es","og_description":"El equipo de su camping \u00c0 l'ombre des tilleuls est\u00e1 deseando recibirle cerca de Lourdes y responder a sus preguntas.","og_url":"https:\/\/www.ombredestilleuls.com\/es\/contacto-acceso\/","og_site_name":"Camping \u00c0 l&#039;ombre des tilleuls","article_modified_time":"2024-01-18T13:02:02+00:00","og_image":[{"width":2000,"height":1200,"url":"https:\/\/www.ombredestilleuls.com\/wp-content\/uploads\/2023\/12\/contact-camping-paradis-a-l-ombre-des-tilleuls.webp","type":"image\/webp"}],"twitter_card":"summary_large_image","twitter_misc":{"Tiempo de lectura":"1 minuto"},"schema":{"@context":"https:\/\/schema.org","@graph":[{"@type":"WebPage","@id":"https:\/\/www.ombredestilleuls.com\/es\/contacto-acceso\/","url":"https:\/\/www.ombredestilleuls.com\/es\/contacto-acceso\/","name":"Contacto camping \u00c0 l'Ombre des Tilleuls | Venir al camping Pyr\u00e9n\u00e9es","isPartOf":{"@id":"https:\/\/www.ombredestilleuls.com\/fr\/#website"},"primaryImageOfPage":{"@id":"https:\/\/www.ombredestilleuls.com\/es\/contacto-acceso\/#primaryimage"},"image":{"@id":"https:\/\/www.ombredestilleuls.com\/es\/contacto-acceso\/#primaryimage"},"thumbnailUrl":"https:\/\/www.ombredestilleuls.com\/wp-content\/uploads\/2026\/04\/reception-accueil-camping-ombre-tilleuls.jpg","datePublished":"2024-01-17T09:28:36+00:00","dateModified":"2024-01-18T13:02:02+00:00","description":"El equipo de su camping \u00c0 l'ombre des tilleuls est\u00e1 deseando recibirle cerca de Lourdes y responder a sus preguntas.","breadcrumb":{"@id":"https:\/\/www.ombredestilleuls.com\/es\/contacto-acceso\/#breadcrumb"},"inLanguage":"es","potentialAction":[{"@type":"ReadAction","target":["https:\/\/www.ombredestilleuls.com\/es\/contacto-acceso\/"]}]},{"@type":"ImageObject","inLanguage":"es","@id":"https:\/\/www.ombredestilleuls.com\/es\/contacto-acceso\/#primaryimage","url":"https:\/\/www.ombredestilleuls.com\/wp-content\/uploads\/2026\/04\/reception-accueil-camping-ombre-tilleuls.jpg","contentUrl":"https:\/\/www.ombredestilleuls.com\/wp-content\/uploads\/2026\/04\/reception-accueil-camping-ombre-tilleuls.jpg","width":1200,"height":900},{"@type":"BreadcrumbList","@id":"https:\/\/www.ombredestilleuls.com\/es\/contacto-acceso\/#breadcrumb","itemListElement":[{"@type":"ListItem","position":1,"name":"Camping pr\u00e8s de Lourdes","item":"https:\/\/www.ombredestilleuls.com\/es\/"},{"@type":"ListItem","position":2,"name":"Contacto, direcciones"}]},{"@type":"WebSite","@id":"https:\/\/www.ombredestilleuls.com\/fr\/#website","url":"https:\/\/www.ombredestilleuls.com\/fr\/","name":"Camping \u00c0 l&#039;ombre des tilleuls","description":"","publisher":{"@id":"https:\/\/www.ombredestilleuls.com\/fr\/#organization"},"potentialAction":[{"@type":"SearchAction","target":{"@type":"EntryPoint","urlTemplate":"https:\/\/www.ombredestilleuls.com\/fr\/?s={search_term_string}"},"query-input":{"@type":"PropertyValueSpecification","valueRequired":true,"valueName":"search_term_string"}}],"inLanguage":"es"},{"@type":"Organization","@id":"https:\/\/www.ombredestilleuls.com\/fr\/#organization","name":"Camping \u00c0 l&#039;ombre des tilleuls","url":"https:\/\/www.ombredestilleuls.com\/fr\/","logo":{"@type":"ImageObject","inLanguage":"es","@id":"https:\/\/www.ombredestilleuls.com\/fr\/#\/schema\/logo\/image\/","url":"https:\/\/www.ombredestilleuls.com\/wp-content\/uploads\/2023\/11\/cropped-Camping-A-LOmbre-Des-Tilleuls-logo-1.png","contentUrl":"https:\/\/www.ombredestilleuls.com\/wp-content\/uploads\/2023\/11\/cropped-Camping-A-LOmbre-Des-Tilleuls-logo-1.png","width":1000,"height":1000,"caption":"Camping \u00c0 l&#039;ombre des tilleuls"},"image":{"@id":"https:\/\/www.ombredestilleuls.com\/fr\/#\/schema\/logo\/image\/"}}]}},"_links":{"self":[{"href":"https:\/\/www.ombredestilleuls.com\/es\/wp-json\/wp\/v2\/pages\/3037","targetHints":{"allow":["GET"]}}],"collection":[{"href":"https:\/\/www.ombredestilleuls.com\/es\/wp-json\/wp\/v2\/pages"}],"about":[{"href":"https:\/\/www.ombredestilleuls.com\/es\/wp-json\/wp\/v2\/types\/page"}],"author":[{"embeddable":true,"href":"https:\/\/www.ombredestilleuls.com\/es\/wp-json\/wp\/v2\/users\/1"}],"replies":[{"embeddable":true,"href":"https:\/\/www.ombredestilleuls.com\/es\/wp-json\/wp\/v2\/comments?post=3037"}],"version-history":[{"count":2,"href":"https:\/\/www.ombredestilleuls.com\/es\/wp-json\/wp\/v2\/pages\/3037\/revisions"}],"predecessor-version":[{"id":3250,"href":"https:\/\/www.ombredestilleuls.com\/es\/wp-json\/wp\/v2\/pages\/3037\/revisions\/3250"}],"wp:featuredmedia":[{"embeddable":true,"href":"https:\/\/www.ombredestilleuls.com\/es\/wp-json\/wp\/v2\/media\/3673"}],"wp:attachment":[{"href":"https:\/\/www.ombredestilleuls.com\/es\/wp-json\/wp\/v2\/media?parent=3037"}],"wp:term":[{"taxonomy":"sujet","embeddable":true,"href":"https:\/\/www.ombredestilleuls.com\/es\/wp-json\/wp\/v2\/sujet?post=3037"}],"curies":[{"name":"wp","href":"https:\/\/api.w.org\/{rel}","templated":true}]}}