{"id":2985,"date":"2024-01-17T10:19:55","date_gmt":"2024-01-17T09:19:55","guid":{"rendered":"https:\/\/www.ombredestilleuls.com\/camping-barato-peyrouse\/"},"modified":"2024-03-25T12:25:51","modified_gmt":"2024-03-25T11:25:51","slug":"camping-barato-peyrouse","status":"publish","type":"page","link":"https:\/\/www.ombredestilleuls.com\/es\/camping-barato-peyrouse\/","title":{"rendered":"Tarifas"},"content":{"rendered":"<section id=\"ls-section-block_13e4319a1b58216a915fc69ad3d0b99f\" class=\"ls-section  has-m-b m-b-0 has-p-b p-b-0\" >\r\n        <div class=\"container \">\r\n        \n\n<h1 class=\"ls__heading wp-block-heading\">Acampar a bajo precio en los Altos Pirineos<\/h1>\n\n\r\n    <\/div>\r\n<\/section><section id=\"ls-section-block_5d4f6d5237c925e85ef740c136a5d508\" class=\"ls-section  page-iframe_tarifs has-m-t m-t-4 has-p-t p-t-4\" >\r\n        <div class=\"container container--wide\">\r\n        \n\n<iframe loading=\"lazy\" class=\"widget-emplacements\" src=\"\/wp-content\/themes\/lasai-child\/partials\/loops\/frame-thelis-tarifs.php?lang=fr\" width=\"100%\" height=\"700px\"><\/iframe>\n\n\r\n    <\/div>\r\n<\/section><section id=\"ls-section-block_0e8fa0f0c98a40d8766f6ffc7717fa84\" class=\"ls-section  home-intro page-one has-m-b m-b-0 has-p-l p-l-8 has-p-r p-r-8\" >\r\n        <div class=\"container container--full\">\r\n        \n\n<div class=\"wp-block-columns are-vertically-aligned-center first is-layout-flex wp-container-core-columns-is-layout-9d6595d7 wp-block-columns-is-layout-flex\">\n<div class=\"wp-block-column is-vertically-aligned-center left is-layout-flow wp-block-column-is-layout-flow\" style=\"flex-basis:45%\">\n<h2 class=\"ls__heading wp-block-heading animated fadeInLeft\"><strong>Alquiler de alojamientos baratos<\/strong> cerca de Lourdes<\/h2>\n\n\n\n<p class=\"ls-paragraph\">\u00bfListo para un soplo de aire fresco en el coraz\u00f3n de los Altos Pirineos, a las afueras de Lourdes? Nuestro camping <strong>ofrece alojamiento econ\u00f3mico<\/strong> para unas vacaciones familiares en las que la naturaleza y el respeto por el medio ambiente son los invitados de honor.  <\/p>\n\n\n\n<p class=\"ls-paragraph\">Se ajustar\u00e1 a su presupuesto y podr\u00e1 disfrutar de todas las actividades que ofrecen los Altos Pirineos. Por eso le ofrecemos la <strong>mejor relaci\u00f3n calidad-precio en alojamientos de alquiler<\/strong>.<\/p>\n\n\n\n<p class=\"ls-paragraph\">Nuestro alojamiento eco-responsable le garantiza una estancia acogedora y respetuosa con nuestra magn\u00edfica regi\u00f3n.  <\/p>\n\n\n\n<p class=\"ls-paragraph\">Al optar por la reserva directa, no s\u00f3lo se beneficia de las mejores tarifas, sino que tambi\u00e9n echa una mano a una empresa local apasionada por la conservaci\u00f3n de su patrimonio natural y cultural. \u00bfLe interesan nuestras ofertas de miniprecios?  <\/p>\n\n\n\n<p class=\"ls-paragraph\">Reserve su estancia ahora y venga a crear recuerdos con nosotros.<\/p>\n<\/div>\n\n\n\n<div class=\"wp-block-column is-vertically-aligned-center right is-layout-flow wp-block-column-is-layout-flow\" style=\"flex-basis:55%\">\n<figure class=\"wp-block-gallery has-nested-images columns-default is-cropped wp-block-gallery-1 is-layout-flex wp-block-gallery-is-layout-flex\">\n<figure class=\"wp-block-image size-full animated fadeIn delay-100ms\"><a href=\"https:\/\/www.ombredestilleuls.com\/wp-content\/uploads\/2023\/12\/locatifs-au-meilleur-rapport-qualite-prix.webp\"><img decoding=\"async\" width=\"1200\" height=\"900\" data-id=\"2225\" src=\"https:\/\/www.ombredestilleuls.com\/wp-content\/uploads\/2023\/12\/locatifs-au-meilleur-rapport-qualite-prix.webp\" alt=\"alquileres con la mejor relaci&#xF3;n calidad-precio\" class=\"wp-image-2225\" srcset=\"https:\/\/www.ombredestilleuls.com\/wp-content\/uploads\/2023\/12\/locatifs-au-meilleur-rapport-qualite-prix.webp 1200w, https:\/\/www.ombredestilleuls.com\/wp-content\/uploads\/2023\/12\/locatifs-au-meilleur-rapport-qualite-prix-300x225.webp 300w, https:\/\/www.ombredestilleuls.com\/wp-content\/uploads\/2023\/12\/locatifs-au-meilleur-rapport-qualite-prix-1024x768.webp 1024w, https:\/\/www.ombredestilleuls.com\/wp-content\/uploads\/2023\/12\/locatifs-au-meilleur-rapport-qualite-prix-768x576.webp 768w\" sizes=\"(max-width: 1200px) 100vw, 1200px\" \/><\/a><\/figure>\n<\/figure>\n<\/div>\n<\/div>\n\n\r\n    <\/div>\r\n<\/section><section id=\"ls-section-block_b4f99a6523c25a6ce4e7cd6af106ea20\" class=\"ls-section  home-piscine page-two has-background-image has-parallax has-m-t m-t-10 has-m-b m-b-10 has-m-l m-l-8 has-m-r m-r-8\" >\r\n    <div class=\"ls-section__background-image opacity-100\"><img decoding=\"async\" src=\"https:\/\/www.ombredestilleuls.com\/wp-content\/uploads\/2023\/12\/offres-promotionnelles-du-camping-peyrouse.webp\" alt=\"ofertas promocionales en el camping peyrouse\"><\/div>    <div class=\"container container--full\">\r\n        \n\n<div class=\"wp-block-columns is-layout-flex wp-container-core-columns-is-layout-9d6595d7 wp-block-columns-is-layout-flex\">\n<div class=\"wp-block-column is-layout-flow wp-block-column-is-layout-flow\" style=\"flex-basis:60%\"><\/div>\n\n\n\n<div class=\"wp-block-column animated fadeInRight is-layout-flow wp-block-column-is-layout-flow\" style=\"flex-basis:40%\">\n<h2 class=\"ls__heading wp-block-heading has-text-align-right\"><strong>Ofertas promocionales<\/strong> en el camping<\/h2>\n\n\n\n<p class=\"ls-paragraph has-text-align-right\">Nuestro <a href=\"https:\/\/www.ombredestilleuls.com\/es\/\">camping cerca de Lourdes<\/a> le recibe con los brazos abiertos para una estancia a bajo precio gracias a nuestras <strong>ofertas especiales<\/strong>. A lo largo de la temporada, le ofrecemos ofertas especiales de Camping Paradis, cuidadosamente dise\u00f1adas para proporcionarle alojamiento a bajo precio.<\/p>\n\n\n\n<p class=\"ls-paragraph has-text-align-right\">Cada oferta promocional en nuestro camping cerca de Lourdes es una oportunidad para <strong>reservar unas vacaciones a bajo<\/strong> precio. Entonces, \u00bfest\u00e1 listo para sumergirse en nuestras ofertas de Camping Paradis y llenarse de momentos preciosos sin que le duela la cartera?<\/p>\n<\/div>\n<\/div>\n\n\r\n    <\/div>\r\n<\/section><section id=\"ls-section-block_34375370340167cdff3777bd8a6d164c\" class=\"ls-section  home-ecologie page-three has-p-l p-l-8 has-p-r p-r-8\" >\r\n        <div class=\"container container--full\">\r\n        \n\n<div class=\"wp-block-columns are-vertically-aligned-center is-layout-flex wp-container-core-columns-is-layout-9d6595d7 wp-block-columns-is-layout-flex\">\n<div class=\"wp-block-column is-vertically-aligned-center is-layout-flow wp-block-column-is-layout-flow\" style=\"flex-basis:55%\">\n<figure class=\"wp-block-gallery has-nested-images columns-default is-cropped wp-block-gallery-2 is-layout-flex wp-block-gallery-is-layout-flex\">\n<figure class=\"wp-block-image size-full animated fadeIn delay-100ms\"><a href=\"https:\/\/www.ombredestilleuls.com\/wp-content\/uploads\/2024\/01\/camping-pas-cher-pyrenees-1.webp\"><img decoding=\"async\" width=\"1200\" height=\"900\" data-id=\"2898\" src=\"https:\/\/www.ombredestilleuls.com\/wp-content\/uploads\/2024\/01\/camping-pas-cher-pyrenees-1.webp\" alt=\"camping pas cher pyrenees\" class=\"wp-image-2898\" srcset=\"https:\/\/www.ombredestilleuls.com\/wp-content\/uploads\/2024\/01\/camping-pas-cher-pyrenees-1.webp 1200w, https:\/\/www.ombredestilleuls.com\/wp-content\/uploads\/2024\/01\/camping-pas-cher-pyrenees-1-300x225.webp 300w, https:\/\/www.ombredestilleuls.com\/wp-content\/uploads\/2024\/01\/camping-pas-cher-pyrenees-1-1024x768.webp 1024w, https:\/\/www.ombredestilleuls.com\/wp-content\/uploads\/2024\/01\/camping-pas-cher-pyrenees-1-768x576.webp 768w\" sizes=\"(max-width: 1200px) 100vw, 1200px\" \/><\/a><\/figure>\n<\/figure>\n<\/div>\n\n\n\n<div class=\"wp-block-column is-vertically-aligned-center is-layout-flow wp-block-column-is-layout-flow\" style=\"flex-basis:45%\">\n<h2 class=\"ls__heading wp-block-heading animated fadeIn slower\"><strong>Reserva<\/strong> directa<\/h2>\n\n\n\n<p class=\"ls-paragraph has-text-align-left\">Queremos ser transparentes con usted y mantener la confianza que nos une. Reservando directamente en nuestra web, le garantizamos las<strong> tarifas m\u00e1s bajas<\/strong>.  <\/p>\n\n\n\n<p class=\"ls-paragraph has-text-align-left\">Sin costes ocultos ni sorpresas inesperadas, s\u00f3lo el compromiso de una estancia asequible y de alta calidad.<\/p>\n\n\n\n<p class=\"ls-paragraph has-text-align-left\">Entonces, \u00bfest\u00e1 listo para sumergirse en una aventura despreocupada con nosotros, eligiendo <strong>reservar<\/strong> en l\u00ednea su pr\u00f3ximo retiro en la naturaleza?<\/p>\n<\/div>\n<\/div>\n\n\r\n    <\/div>\r\n<\/section><section id=\"ls-section-block_b78dc08bfeae4b38c6875a73b26b47d8\" class=\"ls-section  page-maillage\" >\r\n        <div class=\"container container--wide\">\r\n        \n\n<div id=\"ls-heading ls-titre-div-block_2015f01cf0d86d46921f85b422d0bfce\" class=\"ls-titre-div animated fadeIn h2-like\" >\n    Descubra nuestras actividades, servicios y zona acu\u00e1tica.<\/div>\n\n\n\n<div id=\"ls-maillage-block_a49297a611530413cb5dbde8a86955f3\" class=\"ls-maillage cta-style-normal\" data-rows=\"3\">\n\n    <div class=\"wp-block-columns\"><div class=\"wp-block-column ls-cta\">\n\n<a href=\"https:\/\/www.ombredestilleuls.com\/es\/camping-familiar-peyrouse\/\" target=\"\" rel=\"noopener\" class=\"ls-cta__link\">\n\n\t<div class=\"ls-cta__image\"><img decoding=\"async\" src=\"https:\/\/www.ombredestilleuls.com\/wp-content\/uploads\/2026\/04\/camping-familial-peyrouse-ombre-tilleuls-services.jpg\" alt=\"\"><\/div>\n\t<div class=\"ls-cta__title\">\n\t\tServicios\t<\/div>\n\n\t\t\n<\/a><\/div><div class=\"wp-block-column ls-cta\">\n\n<a href=\"https:\/\/www.ombredestilleuls.com\/es\/camping-con-piscina-peyrouse\/\" target=\"\" rel=\"noopener\" class=\"ls-cta__link\">\n\n\t<div class=\"ls-cta__image\"><img decoding=\"async\" src=\"https:\/\/www.ombredestilleuls.com\/wp-content\/uploads\/2023\/12\/camping-piscine-peyrouse.webp\" alt=\"camping piscina peyrouse\"><\/div>\n\t<div class=\"ls-cta__title\">\n\t\tZona acu\u00e1tica\t<\/div>\n\n\t\t\n<\/a><div class=\"wp-block-column ls-cta\">\n\n<a href=\"https:\/\/www.ombredestilleuls.com\/es\/camping-con-animacion-peyrouse\/\" target=\"\" rel=\"noopener\" class=\"ls-cta__link\">\n\n\t<div class=\"ls-cta__image\"><img decoding=\"async\" src=\"https:\/\/www.ombredestilleuls.com\/wp-content\/uploads\/2026\/04\/animations-concert-couverture-camping-ombre-des-tilleuls-e1776089435621.jpg\" alt=\"\"><\/div>\n\t<div class=\"ls-cta__title\">\n\t\tEntretenimiento\t<\/div>\n\n\t\t\n<\/a><\/div><\/div>\n<\/div>\n\r\n    <\/div>\r\n<\/section>","protected":false},"excerpt":{"rendered":"","protected":false},"author":1,"featured_media":2224,"parent":0,"menu_order":0,"comment_status":"closed","ping_status":"closed","template":"","meta":{"_acf_changed":false,"inline_featured_image":false,"footnotes":""},"sujet":[],"class_list":["post-2985","page","type-page","status-publish","has-post-thumbnail","hentry"],"acf":[],"yoast_head":"<!-- This site is optimized with the Yoast SEO plugin v23.4 - https:\/\/yoast.com\/wordpress\/plugins\/seo\/ -->\n<title>Camping barato cerca de Lourdes | Camping al mejor precio Altos Pirineos<\/title>\n<meta name=\"description\" content=\"Disfrute de la mejor relaci\u00f3n calidad-precio en sus vacaciones de camping en Altos Pirineos, cerca de Lourdes.\" \/>\n<meta name=\"robots\" content=\"index, follow, max-snippet:-1, max-image-preview:large, max-video-preview:-1\" \/>\n<link rel=\"canonical\" href=\"https:\/\/www.ombredestilleuls.com\/es\/camping-barato-peyrouse\/\" \/>\n<meta property=\"og:locale\" content=\"es_ES\" \/>\n<meta property=\"og:type\" content=\"article\" \/>\n<meta property=\"og:title\" content=\"Camping barato cerca de Lourdes | Camping al mejor precio Altos Pirineos\" \/>\n<meta property=\"og:description\" content=\"Disfrute de la mejor relaci\u00f3n calidad-precio en sus vacaciones de camping en Altos Pirineos, cerca de Lourdes.\" \/>\n<meta property=\"og:url\" content=\"https:\/\/www.ombredestilleuls.com\/es\/camping-barato-peyrouse\/\" \/>\n<meta property=\"og:site_name\" content=\"Camping \u00c0 l&#039;ombre des tilleuls\" \/>\n<meta property=\"article:modified_time\" content=\"2024-03-25T11:25:51+00:00\" \/>\n<meta property=\"og:image\" content=\"https:\/\/www.ombredestilleuls.com\/wp-content\/uploads\/2023\/12\/camping-pas-cher-peyrouse.webp\" \/>\n\t<meta property=\"og:image:width\" content=\"2000\" \/>\n\t<meta property=\"og:image:height\" content=\"960\" \/>\n\t<meta property=\"og:image:type\" content=\"image\/webp\" \/>\n<meta name=\"twitter:card\" content=\"summary_large_image\" \/>\n<meta name=\"twitter:label1\" content=\"Tiempo de lectura\" \/>\n\t<meta name=\"twitter:data1\" content=\"2 minutos\" \/>\n<script type=\"application\/ld+json\" class=\"yoast-schema-graph\">{\"@context\":\"https:\/\/schema.org\",\"@graph\":[{\"@type\":\"WebPage\",\"@id\":\"https:\/\/www.ombredestilleuls.com\/es\/camping-barato-peyrouse\/\",\"url\":\"https:\/\/www.ombredestilleuls.com\/es\/camping-barato-peyrouse\/\",\"name\":\"Camping barato cerca de Lourdes | Camping al mejor precio Altos Pirineos\",\"isPartOf\":{\"@id\":\"https:\/\/www.ombredestilleuls.com\/fr\/#website\"},\"primaryImageOfPage\":{\"@id\":\"https:\/\/www.ombredestilleuls.com\/es\/camping-barato-peyrouse\/#primaryimage\"},\"image\":{\"@id\":\"https:\/\/www.ombredestilleuls.com\/es\/camping-barato-peyrouse\/#primaryimage\"},\"thumbnailUrl\":\"https:\/\/www.ombredestilleuls.com\/wp-content\/uploads\/2023\/12\/camping-pas-cher-peyrouse.webp\",\"datePublished\":\"2024-01-17T09:19:55+00:00\",\"dateModified\":\"2024-03-25T11:25:51+00:00\",\"description\":\"Disfrute de la mejor relaci\u00f3n calidad-precio en sus vacaciones de camping en Altos Pirineos, cerca de Lourdes.\",\"breadcrumb\":{\"@id\":\"https:\/\/www.ombredestilleuls.com\/es\/camping-barato-peyrouse\/#breadcrumb\"},\"inLanguage\":\"es\",\"potentialAction\":[{\"@type\":\"ReadAction\",\"target\":[\"https:\/\/www.ombredestilleuls.com\/es\/camping-barato-peyrouse\/\"]}]},{\"@type\":\"ImageObject\",\"inLanguage\":\"es\",\"@id\":\"https:\/\/www.ombredestilleuls.com\/es\/camping-barato-peyrouse\/#primaryimage\",\"url\":\"https:\/\/www.ombredestilleuls.com\/wp-content\/uploads\/2023\/12\/camping-pas-cher-peyrouse.webp\",\"contentUrl\":\"https:\/\/www.ombredestilleuls.com\/wp-content\/uploads\/2023\/12\/camping-pas-cher-peyrouse.webp\",\"width\":2000,\"height\":960,\"caption\":\"peyrouse camping barato\"},{\"@type\":\"BreadcrumbList\",\"@id\":\"https:\/\/www.ombredestilleuls.com\/es\/camping-barato-peyrouse\/#breadcrumb\",\"itemListElement\":[{\"@type\":\"ListItem\",\"position\":1,\"name\":\"Camping pr\u00e8s de Lourdes\",\"item\":\"https:\/\/www.ombredestilleuls.com\/es\/\"},{\"@type\":\"ListItem\",\"position\":2,\"name\":\"Camping al mejor precio cerca de Lourdes\"}]},{\"@type\":\"WebSite\",\"@id\":\"https:\/\/www.ombredestilleuls.com\/fr\/#website\",\"url\":\"https:\/\/www.ombredestilleuls.com\/fr\/\",\"name\":\"Camping \u00c0 l&#039;ombre des tilleuls\",\"description\":\"\",\"publisher\":{\"@id\":\"https:\/\/www.ombredestilleuls.com\/fr\/#organization\"},\"potentialAction\":[{\"@type\":\"SearchAction\",\"target\":{\"@type\":\"EntryPoint\",\"urlTemplate\":\"https:\/\/www.ombredestilleuls.com\/fr\/?s={search_term_string}\"},\"query-input\":{\"@type\":\"PropertyValueSpecification\",\"valueRequired\":true,\"valueName\":\"search_term_string\"}}],\"inLanguage\":\"es\"},{\"@type\":\"Organization\",\"@id\":\"https:\/\/www.ombredestilleuls.com\/fr\/#organization\",\"name\":\"Camping \u00c0 l&#039;ombre des tilleuls\",\"url\":\"https:\/\/www.ombredestilleuls.com\/fr\/\",\"logo\":{\"@type\":\"ImageObject\",\"inLanguage\":\"es\",\"@id\":\"https:\/\/www.ombredestilleuls.com\/fr\/#\/schema\/logo\/image\/\",\"url\":\"https:\/\/www.ombredestilleuls.com\/wp-content\/uploads\/2023\/11\/cropped-Camping-A-LOmbre-Des-Tilleuls-logo-1.png\",\"contentUrl\":\"https:\/\/www.ombredestilleuls.com\/wp-content\/uploads\/2023\/11\/cropped-Camping-A-LOmbre-Des-Tilleuls-logo-1.png\",\"width\":1000,\"height\":1000,\"caption\":\"Camping \u00c0 l&#039;ombre des tilleuls\"},\"image\":{\"@id\":\"https:\/\/www.ombredestilleuls.com\/fr\/#\/schema\/logo\/image\/\"}}]}<\/script>\n<!-- \/ Yoast SEO plugin. -->","yoast_head_json":{"title":"Camping barato cerca de Lourdes | Camping al mejor precio Altos Pirineos","description":"Disfrute de la mejor relaci\u00f3n calidad-precio en sus vacaciones de camping en Altos Pirineos, cerca de Lourdes.","robots":{"index":"index","follow":"follow","max-snippet":"max-snippet:-1","max-image-preview":"max-image-preview:large","max-video-preview":"max-video-preview:-1"},"canonical":"https:\/\/www.ombredestilleuls.com\/es\/camping-barato-peyrouse\/","og_locale":"es_ES","og_type":"article","og_title":"Camping barato cerca de Lourdes | Camping al mejor precio Altos Pirineos","og_description":"Disfrute de la mejor relaci\u00f3n calidad-precio en sus vacaciones de camping en Altos Pirineos, cerca de Lourdes.","og_url":"https:\/\/www.ombredestilleuls.com\/es\/camping-barato-peyrouse\/","og_site_name":"Camping \u00c0 l&#039;ombre des tilleuls","article_modified_time":"2024-03-25T11:25:51+00:00","og_image":[{"width":2000,"height":960,"url":"https:\/\/www.ombredestilleuls.com\/wp-content\/uploads\/2023\/12\/camping-pas-cher-peyrouse.webp","type":"image\/webp"}],"twitter_card":"summary_large_image","twitter_misc":{"Tiempo de lectura":"2 minutos"},"schema":{"@context":"https:\/\/schema.org","@graph":[{"@type":"WebPage","@id":"https:\/\/www.ombredestilleuls.com\/es\/camping-barato-peyrouse\/","url":"https:\/\/www.ombredestilleuls.com\/es\/camping-barato-peyrouse\/","name":"Camping barato cerca de Lourdes | Camping al mejor precio Altos Pirineos","isPartOf":{"@id":"https:\/\/www.ombredestilleuls.com\/fr\/#website"},"primaryImageOfPage":{"@id":"https:\/\/www.ombredestilleuls.com\/es\/camping-barato-peyrouse\/#primaryimage"},"image":{"@id":"https:\/\/www.ombredestilleuls.com\/es\/camping-barato-peyrouse\/#primaryimage"},"thumbnailUrl":"https:\/\/www.ombredestilleuls.com\/wp-content\/uploads\/2023\/12\/camping-pas-cher-peyrouse.webp","datePublished":"2024-01-17T09:19:55+00:00","dateModified":"2024-03-25T11:25:51+00:00","description":"Disfrute de la mejor relaci\u00f3n calidad-precio en sus vacaciones de camping en Altos Pirineos, cerca de Lourdes.","breadcrumb":{"@id":"https:\/\/www.ombredestilleuls.com\/es\/camping-barato-peyrouse\/#breadcrumb"},"inLanguage":"es","potentialAction":[{"@type":"ReadAction","target":["https:\/\/www.ombredestilleuls.com\/es\/camping-barato-peyrouse\/"]}]},{"@type":"ImageObject","inLanguage":"es","@id":"https:\/\/www.ombredestilleuls.com\/es\/camping-barato-peyrouse\/#primaryimage","url":"https:\/\/www.ombredestilleuls.com\/wp-content\/uploads\/2023\/12\/camping-pas-cher-peyrouse.webp","contentUrl":"https:\/\/www.ombredestilleuls.com\/wp-content\/uploads\/2023\/12\/camping-pas-cher-peyrouse.webp","width":2000,"height":960,"caption":"peyrouse camping barato"},{"@type":"BreadcrumbList","@id":"https:\/\/www.ombredestilleuls.com\/es\/camping-barato-peyrouse\/#breadcrumb","itemListElement":[{"@type":"ListItem","position":1,"name":"Camping pr\u00e8s de Lourdes","item":"https:\/\/www.ombredestilleuls.com\/es\/"},{"@type":"ListItem","position":2,"name":"Camping al mejor precio cerca de Lourdes"}]},{"@type":"WebSite","@id":"https:\/\/www.ombredestilleuls.com\/fr\/#website","url":"https:\/\/www.ombredestilleuls.com\/fr\/","name":"Camping \u00c0 l&#039;ombre des tilleuls","description":"","publisher":{"@id":"https:\/\/www.ombredestilleuls.com\/fr\/#organization"},"potentialAction":[{"@type":"SearchAction","target":{"@type":"EntryPoint","urlTemplate":"https:\/\/www.ombredestilleuls.com\/fr\/?s={search_term_string}"},"query-input":{"@type":"PropertyValueSpecification","valueRequired":true,"valueName":"search_term_string"}}],"inLanguage":"es"},{"@type":"Organization","@id":"https:\/\/www.ombredestilleuls.com\/fr\/#organization","name":"Camping \u00c0 l&#039;ombre des tilleuls","url":"https:\/\/www.ombredestilleuls.com\/fr\/","logo":{"@type":"ImageObject","inLanguage":"es","@id":"https:\/\/www.ombredestilleuls.com\/fr\/#\/schema\/logo\/image\/","url":"https:\/\/www.ombredestilleuls.com\/wp-content\/uploads\/2023\/11\/cropped-Camping-A-LOmbre-Des-Tilleuls-logo-1.png","contentUrl":"https:\/\/www.ombredestilleuls.com\/wp-content\/uploads\/2023\/11\/cropped-Camping-A-LOmbre-Des-Tilleuls-logo-1.png","width":1000,"height":1000,"caption":"Camping \u00c0 l&#039;ombre des tilleuls"},"image":{"@id":"https:\/\/www.ombredestilleuls.com\/fr\/#\/schema\/logo\/image\/"}}]}},"_links":{"self":[{"href":"https:\/\/www.ombredestilleuls.com\/es\/wp-json\/wp\/v2\/pages\/2985","targetHints":{"allow":["GET"]}}],"collection":[{"href":"https:\/\/www.ombredestilleuls.com\/es\/wp-json\/wp\/v2\/pages"}],"about":[{"href":"https:\/\/www.ombredestilleuls.com\/es\/wp-json\/wp\/v2\/types\/page"}],"author":[{"embeddable":true,"href":"https:\/\/www.ombredestilleuls.com\/es\/wp-json\/wp\/v2\/users\/1"}],"replies":[{"embeddable":true,"href":"https:\/\/www.ombredestilleuls.com\/es\/wp-json\/wp\/v2\/comments?post=2985"}],"version-history":[{"count":8,"href":"https:\/\/www.ombredestilleuls.com\/es\/wp-json\/wp\/v2\/pages\/2985\/revisions"}],"predecessor-version":[{"id":3374,"href":"https:\/\/www.ombredestilleuls.com\/es\/wp-json\/wp\/v2\/pages\/2985\/revisions\/3374"}],"wp:featuredmedia":[{"embeddable":true,"href":"https:\/\/www.ombredestilleuls.com\/es\/wp-json\/wp\/v2\/media\/2224"}],"wp:attachment":[{"href":"https:\/\/www.ombredestilleuls.com\/es\/wp-json\/wp\/v2\/media?parent=2985"}],"wp:term":[{"taxonomy":"sujet","embeddable":true,"href":"https:\/\/www.ombredestilleuls.com\/es\/wp-json\/wp\/v2\/sujet?post=2985"}],"curies":[{"name":"wp","href":"https:\/\/api.w.org\/{rel}","templated":true}]}}