{"id":3027,"date":"2024-01-17T10:28:11","date_gmt":"2024-01-17T09:28:11","guid":{"rendered":"https:\/\/www.ombredestilleuls.com\/contact-and-access\/"},"modified":"2024-01-18T14:02:46","modified_gmt":"2024-01-18T13:02:46","slug":"contact-and-access","status":"publish","type":"page","link":"https:\/\/www.ombredestilleuls.com\/en\/contact-and-access\/","title":{"rendered":"Contact and access"},"content":{"rendered":"<section id=\"ls-section-block_9231b78762d50250d634f4394ee76ef7\" class=\"ls-section  home-intro page-one has-m-b m-b-0 has-p-b p-b-0\" >\r\n        <div class=\"container container--full\">\r\n        \n\n<h1 class=\"ls__heading wp-block-heading has-text-align-center animated fadeIn slower\">Contact and access<\/h1>\n\n\r\n    <\/div>\r\n<\/section><section id=\"ls-section-block_fdcd459b7a5962f1f36f6abf2f88e674\" class=\"ls-section  home-ecologie page-five has-m-t m-t-0 has-p-t p-t-0 has-p-l p-l-8 has-p-r p-r-8\" >\r\n        <div class=\"container container--full\">\r\n        \n\n<div class=\"wp-block-columns are-vertically-aligned-center is-layout-flex wp-container-core-columns-is-layout-9d6595d7 wp-block-columns-is-layout-flex\">\n<div class=\"wp-block-column is-vertically-aligned-center is-layout-flow wp-block-column-is-layout-flow\" style=\"flex-basis:45%\">\n<h2 class=\"ls__heading wp-block-heading animated fadeIn slower\">Contact us<\/h2>\n\n\n\n<p class=\"ls-paragraph\">Our team is at your service to make your stay an unforgettable experience. We value respect for our beautiful natural surroundings and are committed to an ecologically responsible approach to preserving the environment around us.<\/p>\n\n\n\n<p class=\"ls-paragraph\">For further information, please use the <strong>contact form<\/strong> on our website. You can also contact us directly <strong>by phone: +33 5 62 41 81 54<\/strong>. For more detailed information or specific requests, please write to us at the<strong>following e-mail address: contact@ombredestilleuls.com<\/strong>.<\/p>\n\n\n\n<p class=\"ls-paragraph\">We look forward to welcoming you and helping you discover the wonders of our region in a friendly, family atmosphere.<\/p>\n<\/div>\n\n\n\n<div class=\"wp-block-column is-vertically-aligned-center is-layout-flow wp-block-column-is-layout-flow\" style=\"flex-basis:55%\">\n<div class=\"wpcf7 no-js\" id=\"wpcf7-f2909-o1\" lang=\"en-US\" dir=\"ltr\">\n<div class=\"screen-reader-response\"><p role=\"status\" aria-live=\"polite\" aria-atomic=\"true\"><\/p> <ul><\/ul><\/div>\n<form action=\"\/en\/wp-json\/wp\/v2\/pages\/3027#wpcf7-f2909-o1\" method=\"post\" class=\"wpcf7-form init\" aria-label=\"Contact form\" novalidate=\"novalidate\" data-status=\"init\">\n<div style=\"display: none;\">\n<input type=\"hidden\" name=\"_wpcf7\" value=\"2909\" \/>\n<input type=\"hidden\" name=\"_wpcf7_version\" value=\"5.9.8\" \/>\n<input type=\"hidden\" name=\"_wpcf7_locale\" value=\"en_US\" \/>\n<input type=\"hidden\" name=\"_wpcf7_unit_tag\" value=\"wpcf7-f2909-o1\" \/>\n<input type=\"hidden\" name=\"_wpcf7_container_post\" value=\"0\" \/>\n<input type=\"hidden\" name=\"_wpcf7_posted_data_hash\" value=\"\" \/>\n<input type=\"hidden\" name=\"_wpcf7_recaptcha_response\" value=\"\" \/>\n<\/div>\n<p><label> Your name<br \/>\n<span class=\"wpcf7-form-control-wrap\" data-name=\"your-name\"><input size=\"40\" maxlength=\"400\" class=\"wpcf7-form-control wpcf7-text wpcf7-validates-as-required\" autocomplete=\"name\" aria-required=\"true\" aria-invalid=\"false\" value=\"\" type=\"text\" name=\"your-name\" \/><\/span> <\/label>\n<\/p>\n<p><label> Your e-mail<br \/>\n<span class=\"wpcf7-form-control-wrap\" data-name=\"your-email\"><input size=\"40\" maxlength=\"400\" class=\"wpcf7-form-control wpcf7-email wpcf7-validates-as-required wpcf7-text wpcf7-validates-as-email\" autocomplete=\"email\" aria-required=\"true\" aria-invalid=\"false\" value=\"\" type=\"email\" name=\"your-email\" \/><\/span> <\/label>\n<\/p>\n<p><label> Object<br \/>\n<span class=\"wpcf7-form-control-wrap\" data-name=\"your-subject\"><input size=\"40\" maxlength=\"400\" class=\"wpcf7-form-control wpcf7-text wpcf7-validates-as-required\" aria-required=\"true\" aria-invalid=\"false\" value=\"\" type=\"text\" name=\"your-subject\" \/><\/span> <\/label>\n<\/p>\n<p><label> Your message<br \/>\n<span class=\"wpcf7-form-control-wrap\" data-name=\"your-message\"><textarea cols=\"40\" rows=\"10\" maxlength=\"2000\" class=\"wpcf7-form-control wpcf7-textarea wpcf7-validates-as-required\" aria-required=\"true\" aria-invalid=\"false\" name=\"your-message\"><\/textarea><\/span> <\/label>\n<\/p>\n<p><span class=\"wpcf7-form-control-wrap\" data-name=\"acceptance-553\"><span class=\"wpcf7-form-control wpcf7-acceptance\"><span class=\"wpcf7-list-item\"><label><input type=\"checkbox\" name=\"acceptance-553\" value=\"1\" aria-invalid=\"false\" \/><span class=\"wpcf7-list-item-label\">By checking this box, I accept the <a href=\"\/en\/privacy-policy\/\" rel=\"nofollow\" target=\"_blank\">Privacy Policy<\/a> of this site.<\/span><\/label><\/span><\/span><\/span>\n<\/p>\n<p><input class=\"wpcf7-form-control wpcf7-submit has-spinner\" type=\"submit\" value=\"Send\" \/>\n<\/p><div class=\"wpcf7-response-output\" aria-hidden=\"true\"><\/div>\n<\/form>\n<\/div>\n\n<\/div>\n<\/div>\n\n\r\n    <\/div>\r\n<\/section><section id=\"ls-section-block_630b4a63aa85030ca16507986a458f7e\" class=\"ls-section  home-ecologie page-three has-m-t m-t-0 has-p-t p-t-0 has-p-l p-l-8 has-p-r p-r-8\" >\r\n        <div class=\"container container--full\">\r\n        \n\n<div class=\"wp-block-columns are-vertically-aligned-center is-layout-flex wp-container-core-columns-is-layout-9d6595d7 wp-block-columns-is-layout-flex\">\n<div class=\"wp-block-column is-vertically-aligned-center is-layout-flow wp-block-column-is-layout-flow\" style=\"flex-basis:55%\">\n<iframe loading=\"lazy\" src=\"https:\/\/www.google.com\/maps\/embed?pb=!1m18!1m12!1m3!1d2913.145275561678!2d-0.13056184870941037!3d43.10146177904171!2m3!1f0!2f0!3f0!3m2!1i1024!2i768!4f13.1!3m3!1m2!1s0xd57d22183e633a7%3A0xa679b9a9e3e1caa8!2sCamping+A+l'Ombre+des+Tilleuls!5e0!3m2!1sfr!2sfr!4v1557396558983!5m2!1sfr!2sfr\" width=\"100%\" height=\"450\" style=\"border: 0px none; display: block; margin-left: auto; margin-right: auto;\" frameborder=\"0\" allowfullscreen=\"allowfullscreen\"><\/iframe>\n<\/div>\n\n\n\n<div class=\"wp-block-column is-vertically-aligned-center is-layout-flow wp-block-column-is-layout-flow\" style=\"flex-basis:45%\">\n<h2 class=\"ls__heading wp-block-heading animated fadeIn slower\">Itinerary for your stay <strong>near Lourdes<\/strong><\/h2>\n\n\n\n<p class=\"ls-paragraph has-text-align-left\">Get ready for a nature getaway at the <a href=\"https:\/\/www.ombredestilleuls.com\/en\/\">A l&#8217;ombre des Tilleuls campsite <\/a>near Lourdes.  <\/p>\n\n\n\n<p class=\"ls-paragraph has-text-align-left\">Our campsite is located at<strong> 31, route de Pau, 65270 Peyrouse, France<\/strong>.  <\/p>\n\n\n\n<p class=\"ls-paragraph has-text-align-left\">Nestled in the splendid setting of the Hautes-Pyr\u00e9n\u00e9es, our campsite is easily accessible and promises a peaceful, rejuvenating escape.<\/p>\n<\/div>\n<\/div>\n\n\r\n    <\/div>\r\n<\/section>","protected":false},"excerpt":{"rendered":"","protected":false},"author":1,"featured_media":3672,"parent":0,"menu_order":0,"comment_status":"closed","ping_status":"closed","template":"","meta":{"_acf_changed":false,"inline_featured_image":false,"footnotes":""},"sujet":[],"class_list":["post-3027","page","type-page","status-publish","has-post-thumbnail","hentry"],"acf":[],"yoast_head":"<!-- This site is optimized with the Yoast SEO plugin v23.4 - https:\/\/yoast.com\/wordpress\/plugins\/seo\/ -->\n<title>Contact camping \u00c0 l&#039;Ombre des Tilleuls | Coming to camping Pyr\u00e9n\u00e9es<\/title>\n<meta name=\"description\" content=\"The team at your \u00c0 l&#039;ombre des tilleuls campsite looks forward to welcoming you near Lourdes and answering your questions.\" \/>\n<meta name=\"robots\" content=\"index, follow, max-snippet:-1, max-image-preview:large, max-video-preview:-1\" \/>\n<link rel=\"canonical\" href=\"https:\/\/www.ombredestilleuls.com\/en\/contact-and-access\/\" \/>\n<meta property=\"og:locale\" content=\"en_US\" \/>\n<meta property=\"og:type\" content=\"article\" \/>\n<meta property=\"og:title\" content=\"Contact camping \u00c0 l&#039;Ombre des Tilleuls | Coming to camping Pyr\u00e9n\u00e9es\" \/>\n<meta property=\"og:description\" content=\"The team at your \u00c0 l&#039;ombre des tilleuls campsite looks forward to welcoming you near Lourdes and answering your questions.\" \/>\n<meta property=\"og:url\" content=\"https:\/\/www.ombredestilleuls.com\/en\/contact-and-access\/\" \/>\n<meta property=\"og:site_name\" content=\"Camping \u00c0 l&#039;ombre des tilleuls\" \/>\n<meta property=\"article:modified_time\" content=\"2024-01-18T13:02:46+00:00\" \/>\n<meta property=\"og:image\" content=\"https:\/\/www.ombredestilleuls.com\/wp-content\/uploads\/2023\/12\/contact-camping-paradis-a-l-ombre-des-tilleuls.webp\" \/>\n\t<meta property=\"og:image:width\" content=\"2000\" \/>\n\t<meta property=\"og:image:height\" content=\"1200\" \/>\n\t<meta property=\"og:image:type\" content=\"image\/webp\" \/>\n<meta name=\"twitter:card\" content=\"summary_large_image\" \/>\n<meta name=\"twitter:label1\" content=\"Est. reading time\" \/>\n\t<meta name=\"twitter:data1\" content=\"1 minute\" \/>\n<script type=\"application\/ld+json\" class=\"yoast-schema-graph\">{\"@context\":\"https:\/\/schema.org\",\"@graph\":[{\"@type\":\"WebPage\",\"@id\":\"https:\/\/www.ombredestilleuls.com\/en\/contact-and-access\/\",\"url\":\"https:\/\/www.ombredestilleuls.com\/en\/contact-and-access\/\",\"name\":\"Contact camping \u00c0 l'Ombre des Tilleuls | Coming to camping Pyr\u00e9n\u00e9es\",\"isPartOf\":{\"@id\":\"https:\/\/www.ombredestilleuls.com\/fr\/#website\"},\"primaryImageOfPage\":{\"@id\":\"https:\/\/www.ombredestilleuls.com\/en\/contact-and-access\/#primaryimage\"},\"image\":{\"@id\":\"https:\/\/www.ombredestilleuls.com\/en\/contact-and-access\/#primaryimage\"},\"thumbnailUrl\":\"https:\/\/www.ombredestilleuls.com\/wp-content\/uploads\/2026\/04\/reception-accueil-camping-ombre-tilleuls.jpg\",\"datePublished\":\"2024-01-17T09:28:11+00:00\",\"dateModified\":\"2024-01-18T13:02:46+00:00\",\"description\":\"The team at your \u00c0 l'ombre des tilleuls campsite looks forward to welcoming you near Lourdes and answering your questions.\",\"breadcrumb\":{\"@id\":\"https:\/\/www.ombredestilleuls.com\/en\/contact-and-access\/#breadcrumb\"},\"inLanguage\":\"en-US\",\"potentialAction\":[{\"@type\":\"ReadAction\",\"target\":[\"https:\/\/www.ombredestilleuls.com\/en\/contact-and-access\/\"]}]},{\"@type\":\"ImageObject\",\"inLanguage\":\"en-US\",\"@id\":\"https:\/\/www.ombredestilleuls.com\/en\/contact-and-access\/#primaryimage\",\"url\":\"https:\/\/www.ombredestilleuls.com\/wp-content\/uploads\/2026\/04\/reception-accueil-camping-ombre-tilleuls.jpg\",\"contentUrl\":\"https:\/\/www.ombredestilleuls.com\/wp-content\/uploads\/2026\/04\/reception-accueil-camping-ombre-tilleuls.jpg\",\"width\":1200,\"height\":900},{\"@type\":\"BreadcrumbList\",\"@id\":\"https:\/\/www.ombredestilleuls.com\/en\/contact-and-access\/#breadcrumb\",\"itemListElement\":[{\"@type\":\"ListItem\",\"position\":1,\"name\":\"Camping pr\u00e8s de Lourdes\",\"item\":\"https:\/\/www.ombredestilleuls.com\/en\/\"},{\"@type\":\"ListItem\",\"position\":2,\"name\":\"Contact, directions\"}]},{\"@type\":\"WebSite\",\"@id\":\"https:\/\/www.ombredestilleuls.com\/fr\/#website\",\"url\":\"https:\/\/www.ombredestilleuls.com\/fr\/\",\"name\":\"Camping \u00c0 l&#039;ombre des tilleuls\",\"description\":\"\",\"publisher\":{\"@id\":\"https:\/\/www.ombredestilleuls.com\/fr\/#organization\"},\"potentialAction\":[{\"@type\":\"SearchAction\",\"target\":{\"@type\":\"EntryPoint\",\"urlTemplate\":\"https:\/\/www.ombredestilleuls.com\/fr\/?s={search_term_string}\"},\"query-input\":{\"@type\":\"PropertyValueSpecification\",\"valueRequired\":true,\"valueName\":\"search_term_string\"}}],\"inLanguage\":\"en-US\"},{\"@type\":\"Organization\",\"@id\":\"https:\/\/www.ombredestilleuls.com\/fr\/#organization\",\"name\":\"Camping \u00c0 l&#039;ombre des tilleuls\",\"url\":\"https:\/\/www.ombredestilleuls.com\/fr\/\",\"logo\":{\"@type\":\"ImageObject\",\"inLanguage\":\"en-US\",\"@id\":\"https:\/\/www.ombredestilleuls.com\/fr\/#\/schema\/logo\/image\/\",\"url\":\"https:\/\/www.ombredestilleuls.com\/wp-content\/uploads\/2023\/11\/cropped-Camping-A-LOmbre-Des-Tilleuls-logo-1.png\",\"contentUrl\":\"https:\/\/www.ombredestilleuls.com\/wp-content\/uploads\/2023\/11\/cropped-Camping-A-LOmbre-Des-Tilleuls-logo-1.png\",\"width\":1000,\"height\":1000,\"caption\":\"Camping \u00c0 l&#039;ombre des tilleuls\"},\"image\":{\"@id\":\"https:\/\/www.ombredestilleuls.com\/fr\/#\/schema\/logo\/image\/\"}}]}<\/script>\n<!-- \/ Yoast SEO plugin. -->","yoast_head_json":{"title":"Contact camping \u00c0 l'Ombre des Tilleuls | Coming to camping Pyr\u00e9n\u00e9es","description":"The team at your \u00c0 l'ombre des tilleuls campsite looks forward to welcoming you near Lourdes and answering your questions.","robots":{"index":"index","follow":"follow","max-snippet":"max-snippet:-1","max-image-preview":"max-image-preview:large","max-video-preview":"max-video-preview:-1"},"canonical":"https:\/\/www.ombredestilleuls.com\/en\/contact-and-access\/","og_locale":"en_US","og_type":"article","og_title":"Contact camping \u00c0 l'Ombre des Tilleuls | Coming to camping Pyr\u00e9n\u00e9es","og_description":"The team at your \u00c0 l'ombre des tilleuls campsite looks forward to welcoming you near Lourdes and answering your questions.","og_url":"https:\/\/www.ombredestilleuls.com\/en\/contact-and-access\/","og_site_name":"Camping \u00c0 l&#039;ombre des tilleuls","article_modified_time":"2024-01-18T13:02:46+00:00","og_image":[{"width":2000,"height":1200,"url":"https:\/\/www.ombredestilleuls.com\/wp-content\/uploads\/2023\/12\/contact-camping-paradis-a-l-ombre-des-tilleuls.webp","type":"image\/webp"}],"twitter_card":"summary_large_image","twitter_misc":{"Est. reading time":"1 minute"},"schema":{"@context":"https:\/\/schema.org","@graph":[{"@type":"WebPage","@id":"https:\/\/www.ombredestilleuls.com\/en\/contact-and-access\/","url":"https:\/\/www.ombredestilleuls.com\/en\/contact-and-access\/","name":"Contact camping \u00c0 l'Ombre des Tilleuls | Coming to camping Pyr\u00e9n\u00e9es","isPartOf":{"@id":"https:\/\/www.ombredestilleuls.com\/fr\/#website"},"primaryImageOfPage":{"@id":"https:\/\/www.ombredestilleuls.com\/en\/contact-and-access\/#primaryimage"},"image":{"@id":"https:\/\/www.ombredestilleuls.com\/en\/contact-and-access\/#primaryimage"},"thumbnailUrl":"https:\/\/www.ombredestilleuls.com\/wp-content\/uploads\/2026\/04\/reception-accueil-camping-ombre-tilleuls.jpg","datePublished":"2024-01-17T09:28:11+00:00","dateModified":"2024-01-18T13:02:46+00:00","description":"The team at your \u00c0 l'ombre des tilleuls campsite looks forward to welcoming you near Lourdes and answering your questions.","breadcrumb":{"@id":"https:\/\/www.ombredestilleuls.com\/en\/contact-and-access\/#breadcrumb"},"inLanguage":"en-US","potentialAction":[{"@type":"ReadAction","target":["https:\/\/www.ombredestilleuls.com\/en\/contact-and-access\/"]}]},{"@type":"ImageObject","inLanguage":"en-US","@id":"https:\/\/www.ombredestilleuls.com\/en\/contact-and-access\/#primaryimage","url":"https:\/\/www.ombredestilleuls.com\/wp-content\/uploads\/2026\/04\/reception-accueil-camping-ombre-tilleuls.jpg","contentUrl":"https:\/\/www.ombredestilleuls.com\/wp-content\/uploads\/2026\/04\/reception-accueil-camping-ombre-tilleuls.jpg","width":1200,"height":900},{"@type":"BreadcrumbList","@id":"https:\/\/www.ombredestilleuls.com\/en\/contact-and-access\/#breadcrumb","itemListElement":[{"@type":"ListItem","position":1,"name":"Camping pr\u00e8s de Lourdes","item":"https:\/\/www.ombredestilleuls.com\/en\/"},{"@type":"ListItem","position":2,"name":"Contact, directions"}]},{"@type":"WebSite","@id":"https:\/\/www.ombredestilleuls.com\/fr\/#website","url":"https:\/\/www.ombredestilleuls.com\/fr\/","name":"Camping \u00c0 l&#039;ombre des tilleuls","description":"","publisher":{"@id":"https:\/\/www.ombredestilleuls.com\/fr\/#organization"},"potentialAction":[{"@type":"SearchAction","target":{"@type":"EntryPoint","urlTemplate":"https:\/\/www.ombredestilleuls.com\/fr\/?s={search_term_string}"},"query-input":{"@type":"PropertyValueSpecification","valueRequired":true,"valueName":"search_term_string"}}],"inLanguage":"en-US"},{"@type":"Organization","@id":"https:\/\/www.ombredestilleuls.com\/fr\/#organization","name":"Camping \u00c0 l&#039;ombre des tilleuls","url":"https:\/\/www.ombredestilleuls.com\/fr\/","logo":{"@type":"ImageObject","inLanguage":"en-US","@id":"https:\/\/www.ombredestilleuls.com\/fr\/#\/schema\/logo\/image\/","url":"https:\/\/www.ombredestilleuls.com\/wp-content\/uploads\/2023\/11\/cropped-Camping-A-LOmbre-Des-Tilleuls-logo-1.png","contentUrl":"https:\/\/www.ombredestilleuls.com\/wp-content\/uploads\/2023\/11\/cropped-Camping-A-LOmbre-Des-Tilleuls-logo-1.png","width":1000,"height":1000,"caption":"Camping \u00c0 l&#039;ombre des tilleuls"},"image":{"@id":"https:\/\/www.ombredestilleuls.com\/fr\/#\/schema\/logo\/image\/"}}]}},"_links":{"self":[{"href":"https:\/\/www.ombredestilleuls.com\/en\/wp-json\/wp\/v2\/pages\/3027","targetHints":{"allow":["GET"]}}],"collection":[{"href":"https:\/\/www.ombredestilleuls.com\/en\/wp-json\/wp\/v2\/pages"}],"about":[{"href":"https:\/\/www.ombredestilleuls.com\/en\/wp-json\/wp\/v2\/types\/page"}],"author":[{"embeddable":true,"href":"https:\/\/www.ombredestilleuls.com\/en\/wp-json\/wp\/v2\/users\/1"}],"replies":[{"embeddable":true,"href":"https:\/\/www.ombredestilleuls.com\/en\/wp-json\/wp\/v2\/comments?post=3027"}],"version-history":[{"count":4,"href":"https:\/\/www.ombredestilleuls.com\/en\/wp-json\/wp\/v2\/pages\/3027\/revisions"}],"predecessor-version":[{"id":3256,"href":"https:\/\/www.ombredestilleuls.com\/en\/wp-json\/wp\/v2\/pages\/3027\/revisions\/3256"}],"wp:featuredmedia":[{"embeddable":true,"href":"https:\/\/www.ombredestilleuls.com\/en\/wp-json\/wp\/v2\/media\/3672"}],"wp:attachment":[{"href":"https:\/\/www.ombredestilleuls.com\/en\/wp-json\/wp\/v2\/media?parent=3027"}],"wp:term":[{"taxonomy":"sujet","embeddable":true,"href":"https:\/\/www.ombredestilleuls.com\/en\/wp-json\/wp\/v2\/sujet?post=3027"}],"curies":[{"name":"wp","href":"https:\/\/api.w.org\/{rel}","templated":true}]}}