{"id":3009,"date":"2024-01-17T10:25:12","date_gmt":"2024-01-17T09:25:12","guid":{"rendered":"https:\/\/www.ombredestilleuls.com\/rent-a-pitch-peyrouse\/"},"modified":"2024-01-18T14:02:20","modified_gmt":"2024-01-18T13:02:20","slug":"rent-a-pitch-peyrouse","status":"publish","type":"page","link":"https:\/\/www.ombredestilleuls.com\/en\/rent-a-pitch-peyrouse\/","title":{"rendered":"Pitches"},"content":{"rendered":"<section id=\"ls-section-block_529b9b5ae5dbdc7b9d1bd152be632432\" class=\"ls-section  has-m-b m-b-2 has-p-b p-b-0\" >\r\n        <div class=\"container \">\r\n        \n\n<h1 class=\"ls__heading wp-block-heading\">Rent a pitch near Lourdes<\/h1>\n\n\r\n    <\/div>\r\n<\/section><section id=\"ls-section-block_d213a34354c0e19f775b29c49edcba31\" class=\"ls-section  page-iframe_emplacement has-m-t m-t-4 has-p-t p-t-4\" >\r\n        <div class=\"container container--wide\">\r\n        \n\n<iframe loading=\"lazy\" class=\"widget-emplacements\" src=\"\/wp-content\/themes\/lasai-child\/partials\/loops\/frame-thelis-emplacements.php?lang=fr\" width=\"100%\" height=\"700px\"><\/iframe>\n\n\r\n    <\/div>\r\n<\/section><section id=\"ls-section-block_3deecd49b309134cef40028e563132e2\" class=\"ls-section  home-intro page-one has-m-b m-b-0 has-p-l p-l-8 has-p-r p-r-8\" >\r\n        <div class=\"container container--full\">\r\n        \n\n<div class=\"wp-block-columns are-vertically-aligned-center first is-layout-flex wp-container-core-columns-is-layout-9d6595d7 wp-block-columns-is-layout-flex\">\n<div class=\"wp-block-column is-vertically-aligned-center left is-layout-flow wp-block-column-is-layout-flow\" style=\"flex-basis:45%\">\n<h2 class=\"ls__heading wp-block-heading animated fadeInLeft\"><strong>Rent a<\/strong> spacious <strong>pitch<\/strong> in the Hautes-Pyr\u00e9n\u00e9es<\/h2>\n\n\n\n<p class=\"ls-paragraph\">Looking for a breath of fresh air in the heart of the Hautes-Pyr\u00e9n\u00e9es? All our rental pitches, nestled in greenery, have 10A electricity. With spaces ranging from<strong> 100 m\u00b2 to over 150 m\u00b2<\/strong>, accommodating from <strong>1 to 6 people<\/strong>, you can choose your own <strong>sunny or shady<\/strong> corner of paradise, for tailor-made moments of relaxation.<\/p>\n\n\n\n<p class=\"ls-paragraph\">Here, the<strong>authentic family spirit of camping<\/strong> reigns, where the pitches, free of hedges, cultivate<strong> sharing and respect<\/strong> between tent neighbors. Whether you&#8217;re looking to immerse yourself in the peace and quiet of nature, or to build lasting memories with your loved ones, our <strong>spacious and welcoming<\/strong> pitches are your ticket to a family-friendly, eco-friendly getaway in the Hautes-Pyr\u00e9n\u00e9es. Ready to get started?<\/p>\n\n\n\n<p class=\"ls-paragraph\">This year, we are offering our friends who are cyclists, hikers or backpackers, travelling alone, a special package including pitch, access to sanitary facilities and WIFI&#8230;<\/p>\n<\/div>\n\n\n\n<div class=\"wp-block-column is-vertically-aligned-center right is-layout-flow wp-block-column-is-layout-flow\" style=\"flex-basis:55%\">\n<figure class=\"wp-block-gallery has-nested-images columns-default is-cropped wp-block-gallery-1 is-layout-flex wp-block-gallery-is-layout-flex\">\n<figure class=\"wp-block-image size-full animated fadeIn delay-100ms\"><a href=\"https:\/\/www.ombredestilleuls.com\/wp-content\/uploads\/2023\/12\/louer-un-emplacement-dans-les-hautes-pyrenees.webp\"><img decoding=\"async\" width=\"1200\" height=\"900\" data-id=\"2072\" src=\"https:\/\/www.ombredestilleuls.com\/wp-content\/uploads\/2023\/12\/louer-un-emplacement-dans-les-hautes-pyrenees.webp\" alt=\"rent a pitch in the hautes pyrenees\" class=\"wp-image-2072\" srcset=\"https:\/\/www.ombredestilleuls.com\/wp-content\/uploads\/2023\/12\/louer-un-emplacement-dans-les-hautes-pyrenees.webp 1200w, https:\/\/www.ombredestilleuls.com\/wp-content\/uploads\/2023\/12\/louer-un-emplacement-dans-les-hautes-pyrenees-300x225.webp 300w, https:\/\/www.ombredestilleuls.com\/wp-content\/uploads\/2023\/12\/louer-un-emplacement-dans-les-hautes-pyrenees-1024x768.webp 1024w, https:\/\/www.ombredestilleuls.com\/wp-content\/uploads\/2023\/12\/louer-un-emplacement-dans-les-hautes-pyrenees-768x576.webp 768w\" sizes=\"(max-width: 1200px) 100vw, 1200px\" \/><\/a><\/figure>\n<\/figure>\n<\/div>\n<\/div>\n\n\r\n    <\/div>\r\n<\/section><section id=\"ls-section-block_f4b368e51f67a806f79f20499166f155\" class=\"ls-section  home-piscine page-two has-background-image has-parallax has-m-t m-t-10 has-m-b m-b-10 has-m-l m-l-8 has-m-r m-r-8\" >\r\n    <div class=\"ls-section__background-image opacity-100\"><img decoding=\"async\" src=\"https:\/\/www.ombredestilleuls.com\/wp-content\/uploads\/2023\/12\/emplacements-ideaux-pour-cyclistes-et-randonneurs.webp\" alt=\"ideal locations for cyclists and hikers\"><\/div>    <div class=\"container container--full\">\r\n        \n\n<div class=\"wp-block-columns is-layout-flex wp-container-core-columns-is-layout-9d6595d7 wp-block-columns-is-layout-flex\">\n<div class=\"wp-block-column is-layout-flow wp-block-column-is-layout-flow\" style=\"flex-basis:60%\"><\/div>\n\n\n\n<div class=\"wp-block-column animated fadeInRight is-layout-flow wp-block-column-is-layout-flow\" style=\"flex-basis:40%\">\n<h2 class=\"ls__heading wp-block-heading has-text-align-right\"><strong>Ideal pitches<\/strong> for cyclists and hikers near Lourdes<\/h2>\n\n\n\n<p class=\"ls-paragraph has-text-align-right\">What&#8217;s more, our campsite enjoys a privileged location on the Camino de Compostela, making it an ideal stopover for pilgrims looking for a place to rest and recharge their batteries.<\/p>\n\n\n\n<p class=\"ls-paragraph has-text-align-right\"><strong> Cyclists and hikers<\/strong> will also be delighted by our strategic location near the legendary Tourmalet pass.<\/p>\n\n\n\n<p class=\"ls-paragraph has-text-align-right\">In partnership with <a href=\"https:\/\/www.easybalade.fr\/\" target=\"_blank\" rel=\"noreferrer noopener\">Easy Balade in Coarraze<\/a>, we offer a<strong> convenient bike delivery service directly to the campsite<\/strong>, making it easy to explore the beautiful surrounding area. You&#8217;ll benefit from special rates for campers.<\/p>\n\n\n\n<p class=\"ls-paragraph has-text-align-right\">Reserve your bike at the same time as your pitch.<\/p>\n<\/div>\n<\/div>\n\n\r\n    <\/div>\r\n<\/section><section id=\"ls-section-block_779d956f4d5e3b485ae562b9e730e412\" class=\"ls-section  home-ecologie page-three has-p-l p-l-8 has-p-r p-r-8\" >\r\n        <div class=\"container container--full\">\r\n        \n\n<div class=\"wp-block-columns are-vertically-aligned-center is-layout-flex wp-container-core-columns-is-layout-9d6595d7 wp-block-columns-is-layout-flex\">\n<div class=\"wp-block-column is-vertically-aligned-center is-layout-flow wp-block-column-is-layout-flow\" style=\"flex-basis:55%\">\n<figure class=\"wp-block-gallery has-nested-images columns-default is-cropped wp-block-gallery-2 is-layout-flex wp-block-gallery-is-layout-flex\">\n<figure class=\"wp-block-image size-full animated fadeIn delay-100ms\"><a href=\"https:\/\/www.ombredestilleuls.com\/wp-content\/uploads\/2023\/12\/sanitaires-de-qualite.webp\"><img decoding=\"async\" width=\"1200\" height=\"900\" data-id=\"2078\" src=\"https:\/\/www.ombredestilleuls.com\/wp-content\/uploads\/2023\/12\/sanitaires-de-qualite.webp\" alt=\"quality sanitaryware\" class=\"wp-image-2078\" srcset=\"https:\/\/www.ombredestilleuls.com\/wp-content\/uploads\/2023\/12\/sanitaires-de-qualite.webp 1200w, https:\/\/www.ombredestilleuls.com\/wp-content\/uploads\/2023\/12\/sanitaires-de-qualite-300x225.webp 300w, https:\/\/www.ombredestilleuls.com\/wp-content\/uploads\/2023\/12\/sanitaires-de-qualite-1024x768.webp 1024w, https:\/\/www.ombredestilleuls.com\/wp-content\/uploads\/2023\/12\/sanitaires-de-qualite-768x576.webp 768w\" sizes=\"(max-width: 1200px) 100vw, 1200px\" \/><\/a><\/figure>\n<\/figure>\n<\/div>\n\n\n\n<div class=\"wp-block-column is-vertically-aligned-center is-layout-flow wp-block-column-is-layout-flow\" style=\"flex-basis:45%\">\n<h2 class=\"ls__heading wp-block-heading animated fadeIn slower\">Our quality sanitaryware<\/h2>\n\n\n\n<p class=\"ls-paragraph has-text-align-left\">Close to your pitch, you&#8217;ll have <strong>access to our two sanitary blocks<\/strong>, one of which welcomes you throughout the season and another which opens its doors in June, ensuring accessibility and comfort at all times.<\/p>\n\n\n\n<p class=\"ls-paragraph has-text-align-left\">And because everyone deserves a pleasant experience, these <strong>areas are accessible to PRMs <\/strong>and also pamper the little ones with a <strong>baby area<\/strong>.<\/p>\n<\/div>\n<\/div>\n\n\r\n    <\/div>\r\n<\/section><section id=\"ls-section-block_fd5e9d0b7fb4061a9117fcd88892dd01\" class=\"ls-section  home-ecologie page-five has-m-t m-t-0 has-p-t p-t-0 has-p-l p-l-8 has-p-r p-r-8\" >\r\n        <div class=\"container container--full\">\r\n        \n\n<div class=\"wp-block-columns are-vertically-aligned-center is-layout-flex wp-container-core-columns-is-layout-9d6595d7 wp-block-columns-is-layout-flex\">\n<div class=\"wp-block-column is-vertically-aligned-center is-layout-flow wp-block-column-is-layout-flow\" style=\"flex-basis:45%\">\n<h2 class=\"ls__heading wp-block-heading animated fadeIn slower\">Additional equipment<\/h2>\n\n\n\n<p class=\"ls-paragraph\">Stay in a <strong>friendly, serene setting<\/strong> on the outskirts of Lourdes with our <strong>additional rental options<\/strong>. Imagine your days bathed in sunshine and your evenings softly lit, because yes, <strong>all our pitches are equipped with electricity<\/strong>! And don&#8217;t worry about your appliances: adapters are available for a simple \u20ac10 deposit.  <\/p>\n\n\n\n<p class=\"ls-paragraph\">Nestled in the majestic Hautes-Pyr\u00e9n\u00e9es, our <a href=\"https:\/\/www.ombredestilleuls.com\/en\/\">campsite near Lourdes<\/a> is committed to providing you with an eco-friendly adventure that respects our beautiful natural environment, while ensuring that you and your loved ones have the time of your life.<\/p>\n<\/div>\n\n\n\n<div class=\"wp-block-column is-vertically-aligned-center is-layout-flow wp-block-column-is-layout-flow\" style=\"flex-basis:55%\">\n<figure class=\"wp-block-gallery has-nested-images columns-default is-cropped wp-block-gallery-3 is-layout-flex wp-block-gallery-is-layout-flex\">\n<figure class=\"wp-block-image size-full animated zoomIn\"><a href=\"https:\/\/www.ombredestilleuls.com\/wp-content\/uploads\/2023\/12\/emplacements-sont-equipes-d-electricite.webp\"><img decoding=\"async\" width=\"1200\" height=\"900\" data-id=\"2081\" src=\"https:\/\/www.ombredestilleuls.com\/wp-content\/uploads\/2023\/12\/emplacements-sont-equipes-d-electricite.webp\" alt=\"locations equipped with electricity\" class=\"wp-image-2081\" srcset=\"https:\/\/www.ombredestilleuls.com\/wp-content\/uploads\/2023\/12\/emplacements-sont-equipes-d-electricite.webp 1200w, https:\/\/www.ombredestilleuls.com\/wp-content\/uploads\/2023\/12\/emplacements-sont-equipes-d-electricite-300x225.webp 300w, https:\/\/www.ombredestilleuls.com\/wp-content\/uploads\/2023\/12\/emplacements-sont-equipes-d-electricite-1024x768.webp 1024w, https:\/\/www.ombredestilleuls.com\/wp-content\/uploads\/2023\/12\/emplacements-sont-equipes-d-electricite-768x576.webp 768w\" sizes=\"(max-width: 1200px) 100vw, 1200px\" \/><\/a><\/figure>\n<\/figure>\n<\/div>\n<\/div>\n\n\r\n    <\/div>\r\n<\/section><section id=\"ls-section-block_7abc726c1455235d8de0586d1bc6c0e4\" class=\"ls-section  page-maillage\" >\r\n        <div class=\"container container--wide\">\r\n        \n\n<div id=\"ls-heading ls-titre-div-block_11b1195fd1a7035a3f883f9cdcb463e1\" class=\"ls-titre-div animated fadeIn h2-like\" >\n    Discover our services and accommodation!<\/div>\n\n\n\n<div id=\"ls-maillage-block_7807108a72f617f8249e123e5b1e3c18\" class=\"ls-maillage cta-style-normal\" data-rows=\"3\">\n\n    <div class=\"wp-block-columns\"><div class=\"wp-block-column ls-cta\">\n\n<a href=\"https:\/\/www.ombredestilleuls.com\/en\/rent-mobile-home-peyrouse\/\" target=\"\" rel=\"noopener\" class=\"ls-cta__link\">\n\n\t<div class=\"ls-cta__image\"><img decoding=\"async\" src=\"https:\/\/www.ombredestilleuls.com\/wp-content\/uploads\/2023\/12\/location-mobil-home-peyrouse.webp\" alt=\"mobile home rental peyrouse\"><\/div>\n\t<div class=\"ls-cta__title\">\n\t\tRentals\t<\/div>\n\n\t\t\n<\/a><\/div><div class=\"wp-block-column ls-cta\">\n\n<a href=\"https:\/\/www.ombredestilleuls.com\/en\/atypical-rentals-peyrouse\/\" target=\"\" rel=\"noopener\" class=\"ls-cta__link\">\n\n\t<div class=\"ls-cta__image\"><img decoding=\"async\" src=\"https:\/\/www.ombredestilleuls.com\/wp-content\/uploads\/2023\/12\/location-atypique-peyrouse.webp\" alt=\"atypical rental peyrouse\"><\/div>\n\t<div class=\"ls-cta__title\">\n\t\tUnusual\t<\/div>\n\n\t\t\n<\/a><\/div><div class=\"wp-block-column ls-cta\">\n\n<a href=\"https:\/\/www.ombredestilleuls.com\/en\/family-campsite-peyrouse\/\" target=\"\" rel=\"noopener\" class=\"ls-cta__link\">\n\n\t<div class=\"ls-cta__image\"><img decoding=\"async\" src=\"https:\/\/www.ombredestilleuls.com\/wp-content\/uploads\/2023\/12\/camping-familial-peyrouse.webp\" alt=\"camping familial peyrouse\"><\/div>\n\t<div class=\"ls-cta__title\">\n\t\tServices\t<\/div>\n\n\t\t\n<\/a><\/div><\/div>\n<\/div>\n\r\n    <\/div>\r\n<\/section>","protected":false},"excerpt":{"rendered":"","protected":false},"author":1,"featured_media":2069,"parent":0,"menu_order":0,"comment_status":"closed","ping_status":"closed","template":"","meta":{"_acf_changed":false,"inline_featured_image":false,"footnotes":""},"sujet":[],"class_list":["post-3009","page","type-page","status-publish","has-post-thumbnail","hentry"],"acf":[],"yoast_head":"<!-- This site is optimized with the Yoast SEO plugin v23.4 - https:\/\/yoast.com\/wordpress\/plugins\/seo\/ -->\n<title>Rent a caravan site near Lourdes | Emplacement caravaning Hautes-Pyr\u00e9n\u00e9es<\/title>\n<meta name=\"description\" content=\"Our \u00c0 l&#039;Ombre des Tilleuls campsite near Lourdes in the Pyrenees offers Nature pitches for traditional camping enthusiasts.\" \/>\n<meta name=\"robots\" content=\"index, follow, max-snippet:-1, max-image-preview:large, max-video-preview:-1\" \/>\n<link rel=\"canonical\" href=\"https:\/\/www.ombredestilleuls.com\/en\/rent-a-pitch-peyrouse\/\" \/>\n<meta property=\"og:locale\" content=\"en_US\" \/>\n<meta property=\"og:type\" content=\"article\" \/>\n<meta property=\"og:title\" content=\"Rent a caravan site near Lourdes | Emplacement caravaning Hautes-Pyr\u00e9n\u00e9es\" \/>\n<meta property=\"og:description\" content=\"Our \u00c0 l&#039;Ombre des Tilleuls campsite near Lourdes in the Pyrenees offers Nature pitches for traditional camping enthusiasts.\" \/>\n<meta property=\"og:url\" content=\"https:\/\/www.ombredestilleuls.com\/en\/rent-a-pitch-peyrouse\/\" \/>\n<meta property=\"og:site_name\" content=\"Camping Paradis \u00c0 l&#039;ombre des tilleuls\" \/>\n<meta property=\"article:modified_time\" content=\"2024-01-18T13:02:20+00:00\" \/>\n<meta property=\"og:image\" content=\"https:\/\/www.ombredestilleuls.com\/wp-content\/uploads\/2023\/12\/location-emplacement-peyrouse.webp\" \/>\n\t<meta property=\"og:image:width\" content=\"2000\" \/>\n\t<meta property=\"og:image:height\" content=\"1500\" \/>\n\t<meta property=\"og:image:type\" content=\"image\/webp\" \/>\n<meta name=\"twitter:card\" content=\"summary_large_image\" \/>\n<meta name=\"twitter:label1\" content=\"Est. reading time\" \/>\n\t<meta name=\"twitter:data1\" content=\"2 minutes\" \/>\n<script type=\"application\/ld+json\" class=\"yoast-schema-graph\">{\"@context\":\"https:\/\/schema.org\",\"@graph\":[{\"@type\":\"WebPage\",\"@id\":\"https:\/\/www.ombredestilleuls.com\/en\/rent-a-pitch-peyrouse\/\",\"url\":\"https:\/\/www.ombredestilleuls.com\/en\/rent-a-pitch-peyrouse\/\",\"name\":\"Rent a caravan site near Lourdes | Emplacement caravaning Hautes-Pyr\u00e9n\u00e9es\",\"isPartOf\":{\"@id\":\"https:\/\/www.ombredestilleuls.com\/fr\/#website\"},\"primaryImageOfPage\":{\"@id\":\"https:\/\/www.ombredestilleuls.com\/en\/rent-a-pitch-peyrouse\/#primaryimage\"},\"image\":{\"@id\":\"https:\/\/www.ombredestilleuls.com\/en\/rent-a-pitch-peyrouse\/#primaryimage\"},\"thumbnailUrl\":\"https:\/\/www.ombredestilleuls.com\/wp-content\/uploads\/2023\/12\/location-emplacement-peyrouse.webp\",\"datePublished\":\"2024-01-17T09:25:12+00:00\",\"dateModified\":\"2024-01-18T13:02:20+00:00\",\"description\":\"Our \u00c0 l'Ombre des Tilleuls campsite near Lourdes in the Pyrenees offers Nature pitches for traditional camping enthusiasts.\",\"breadcrumb\":{\"@id\":\"https:\/\/www.ombredestilleuls.com\/en\/rent-a-pitch-peyrouse\/#breadcrumb\"},\"inLanguage\":\"en-US\",\"potentialAction\":[{\"@type\":\"ReadAction\",\"target\":[\"https:\/\/www.ombredestilleuls.com\/en\/rent-a-pitch-peyrouse\/\"]}]},{\"@type\":\"ImageObject\",\"inLanguage\":\"en-US\",\"@id\":\"https:\/\/www.ombredestilleuls.com\/en\/rent-a-pitch-peyrouse\/#primaryimage\",\"url\":\"https:\/\/www.ombredestilleuls.com\/wp-content\/uploads\/2023\/12\/location-emplacement-peyrouse.webp\",\"contentUrl\":\"https:\/\/www.ombredestilleuls.com\/wp-content\/uploads\/2023\/12\/location-emplacement-peyrouse.webp\",\"width\":2000,\"height\":1500,\"caption\":\"location peyrouse\"},{\"@type\":\"BreadcrumbList\",\"@id\":\"https:\/\/www.ombredestilleuls.com\/en\/rent-a-pitch-peyrouse\/#breadcrumb\",\"itemListElement\":[{\"@type\":\"ListItem\",\"position\":1,\"name\":\"Camping pr\u00e8s de Lourdes\",\"item\":\"https:\/\/www.ombredestilleuls.com\/en\/\"},{\"@type\":\"ListItem\",\"position\":2,\"name\":\"Caravanning pitches in the Hautes-Pyr\u00e9n\u00e9es\"}]},{\"@type\":\"WebSite\",\"@id\":\"https:\/\/www.ombredestilleuls.com\/fr\/#website\",\"url\":\"https:\/\/www.ombredestilleuls.com\/fr\/\",\"name\":\"Camping Paradis \u00c0 l&#039;ombre des tilleuls\",\"description\":\"\",\"publisher\":{\"@id\":\"https:\/\/www.ombredestilleuls.com\/fr\/#organization\"},\"potentialAction\":[{\"@type\":\"SearchAction\",\"target\":{\"@type\":\"EntryPoint\",\"urlTemplate\":\"https:\/\/www.ombredestilleuls.com\/fr\/?s={search_term_string}\"},\"query-input\":{\"@type\":\"PropertyValueSpecification\",\"valueRequired\":true,\"valueName\":\"search_term_string\"}}],\"inLanguage\":\"en-US\"},{\"@type\":\"Organization\",\"@id\":\"https:\/\/www.ombredestilleuls.com\/fr\/#organization\",\"name\":\"Camping Paradis \u00c0 l&#039;ombre des tilleuls\",\"url\":\"https:\/\/www.ombredestilleuls.com\/fr\/\",\"logo\":{\"@type\":\"ImageObject\",\"inLanguage\":\"en-US\",\"@id\":\"https:\/\/www.ombredestilleuls.com\/fr\/#\/schema\/logo\/image\/\",\"url\":\"https:\/\/www.ombredestilleuls.com\/wp-content\/uploads\/2023\/11\/cropped-camping-a-lombre-des-tilleuls.png\",\"contentUrl\":\"https:\/\/www.ombredestilleuls.com\/wp-content\/uploads\/2023\/11\/cropped-camping-a-lombre-des-tilleuls.png\",\"width\":800,\"height\":493,\"caption\":\"Camping Paradis \u00c0 l&#039;ombre des tilleuls\"},\"image\":{\"@id\":\"https:\/\/www.ombredestilleuls.com\/fr\/#\/schema\/logo\/image\/\"}}]}<\/script>\n<!-- \/ Yoast SEO plugin. -->","yoast_head_json":{"title":"Rent a caravan site near Lourdes | Emplacement caravaning Hautes-Pyr\u00e9n\u00e9es","description":"Our \u00c0 l'Ombre des Tilleuls campsite near Lourdes in the Pyrenees offers Nature pitches for traditional camping enthusiasts.","robots":{"index":"index","follow":"follow","max-snippet":"max-snippet:-1","max-image-preview":"max-image-preview:large","max-video-preview":"max-video-preview:-1"},"canonical":"https:\/\/www.ombredestilleuls.com\/en\/rent-a-pitch-peyrouse\/","og_locale":"en_US","og_type":"article","og_title":"Rent a caravan site near Lourdes | Emplacement caravaning Hautes-Pyr\u00e9n\u00e9es","og_description":"Our \u00c0 l'Ombre des Tilleuls campsite near Lourdes in the Pyrenees offers Nature pitches for traditional camping enthusiasts.","og_url":"https:\/\/www.ombredestilleuls.com\/en\/rent-a-pitch-peyrouse\/","og_site_name":"Camping Paradis \u00c0 l&#039;ombre des tilleuls","article_modified_time":"2024-01-18T13:02:20+00:00","og_image":[{"width":2000,"height":1500,"url":"https:\/\/www.ombredestilleuls.com\/wp-content\/uploads\/2023\/12\/location-emplacement-peyrouse.webp","type":"image\/webp"}],"twitter_card":"summary_large_image","twitter_misc":{"Est. reading time":"2 minutes"},"schema":{"@context":"https:\/\/schema.org","@graph":[{"@type":"WebPage","@id":"https:\/\/www.ombredestilleuls.com\/en\/rent-a-pitch-peyrouse\/","url":"https:\/\/www.ombredestilleuls.com\/en\/rent-a-pitch-peyrouse\/","name":"Rent a caravan site near Lourdes | Emplacement caravaning Hautes-Pyr\u00e9n\u00e9es","isPartOf":{"@id":"https:\/\/www.ombredestilleuls.com\/fr\/#website"},"primaryImageOfPage":{"@id":"https:\/\/www.ombredestilleuls.com\/en\/rent-a-pitch-peyrouse\/#primaryimage"},"image":{"@id":"https:\/\/www.ombredestilleuls.com\/en\/rent-a-pitch-peyrouse\/#primaryimage"},"thumbnailUrl":"https:\/\/www.ombredestilleuls.com\/wp-content\/uploads\/2023\/12\/location-emplacement-peyrouse.webp","datePublished":"2024-01-17T09:25:12+00:00","dateModified":"2024-01-18T13:02:20+00:00","description":"Our \u00c0 l'Ombre des Tilleuls campsite near Lourdes in the Pyrenees offers Nature pitches for traditional camping enthusiasts.","breadcrumb":{"@id":"https:\/\/www.ombredestilleuls.com\/en\/rent-a-pitch-peyrouse\/#breadcrumb"},"inLanguage":"en-US","potentialAction":[{"@type":"ReadAction","target":["https:\/\/www.ombredestilleuls.com\/en\/rent-a-pitch-peyrouse\/"]}]},{"@type":"ImageObject","inLanguage":"en-US","@id":"https:\/\/www.ombredestilleuls.com\/en\/rent-a-pitch-peyrouse\/#primaryimage","url":"https:\/\/www.ombredestilleuls.com\/wp-content\/uploads\/2023\/12\/location-emplacement-peyrouse.webp","contentUrl":"https:\/\/www.ombredestilleuls.com\/wp-content\/uploads\/2023\/12\/location-emplacement-peyrouse.webp","width":2000,"height":1500,"caption":"location peyrouse"},{"@type":"BreadcrumbList","@id":"https:\/\/www.ombredestilleuls.com\/en\/rent-a-pitch-peyrouse\/#breadcrumb","itemListElement":[{"@type":"ListItem","position":1,"name":"Camping pr\u00e8s de Lourdes","item":"https:\/\/www.ombredestilleuls.com\/en\/"},{"@type":"ListItem","position":2,"name":"Caravanning pitches in the Hautes-Pyr\u00e9n\u00e9es"}]},{"@type":"WebSite","@id":"https:\/\/www.ombredestilleuls.com\/fr\/#website","url":"https:\/\/www.ombredestilleuls.com\/fr\/","name":"Camping Paradis \u00c0 l&#039;ombre des tilleuls","description":"","publisher":{"@id":"https:\/\/www.ombredestilleuls.com\/fr\/#organization"},"potentialAction":[{"@type":"SearchAction","target":{"@type":"EntryPoint","urlTemplate":"https:\/\/www.ombredestilleuls.com\/fr\/?s={search_term_string}"},"query-input":{"@type":"PropertyValueSpecification","valueRequired":true,"valueName":"search_term_string"}}],"inLanguage":"en-US"},{"@type":"Organization","@id":"https:\/\/www.ombredestilleuls.com\/fr\/#organization","name":"Camping Paradis \u00c0 l&#039;ombre des tilleuls","url":"https:\/\/www.ombredestilleuls.com\/fr\/","logo":{"@type":"ImageObject","inLanguage":"en-US","@id":"https:\/\/www.ombredestilleuls.com\/fr\/#\/schema\/logo\/image\/","url":"https:\/\/www.ombredestilleuls.com\/wp-content\/uploads\/2023\/11\/cropped-camping-a-lombre-des-tilleuls.png","contentUrl":"https:\/\/www.ombredestilleuls.com\/wp-content\/uploads\/2023\/11\/cropped-camping-a-lombre-des-tilleuls.png","width":800,"height":493,"caption":"Camping Paradis \u00c0 l&#039;ombre des tilleuls"},"image":{"@id":"https:\/\/www.ombredestilleuls.com\/fr\/#\/schema\/logo\/image\/"}}]}},"_links":{"self":[{"href":"https:\/\/www.ombredestilleuls.com\/en\/wp-json\/wp\/v2\/pages\/3009","targetHints":{"allow":["GET"]}}],"collection":[{"href":"https:\/\/www.ombredestilleuls.com\/en\/wp-json\/wp\/v2\/pages"}],"about":[{"href":"https:\/\/www.ombredestilleuls.com\/en\/wp-json\/wp\/v2\/types\/page"}],"author":[{"embeddable":true,"href":"https:\/\/www.ombredestilleuls.com\/en\/wp-json\/wp\/v2\/users\/1"}],"replies":[{"embeddable":true,"href":"https:\/\/www.ombredestilleuls.com\/en\/wp-json\/wp\/v2\/comments?post=3009"}],"version-history":[{"count":16,"href":"https:\/\/www.ombredestilleuls.com\/en\/wp-json\/wp\/v2\/pages\/3009\/revisions"}],"predecessor-version":[{"id":3253,"href":"https:\/\/www.ombredestilleuls.com\/en\/wp-json\/wp\/v2\/pages\/3009\/revisions\/3253"}],"wp:featuredmedia":[{"embeddable":true,"href":"https:\/\/www.ombredestilleuls.com\/en\/wp-json\/wp\/v2\/media\/2069"}],"wp:attachment":[{"href":"https:\/\/www.ombredestilleuls.com\/en\/wp-json\/wp\/v2\/media?parent=3009"}],"wp:term":[{"taxonomy":"sujet","embeddable":true,"href":"https:\/\/www.ombredestilleuls.com\/en\/wp-json\/wp\/v2\/sujet?post=3009"}],"curies":[{"name":"wp","href":"https:\/\/api.w.org\/{rel}","templated":true}]}}