{"id":2989,"date":"2024-01-17T10:22:19","date_gmt":"2024-01-17T09:22:19","guid":{"rendered":"https:\/\/www.ombredestilleuls.com\/camping-mini-farm-peyrouse\/"},"modified":"2024-03-25T11:30:52","modified_gmt":"2024-03-25T10:30:52","slug":"camping-mini-farm-peyrouse","status":"publish","type":"page","link":"https:\/\/www.ombredestilleuls.com\/en\/camping-mini-farm-peyrouse\/","title":{"rendered":"Mini-farm and ecological approach"},"content":{"rendered":"<section id=\"ls-section-block_25187b1a39f78bc66687b7b7773a281f\" class=\"ls-section  home-intro page-one has-m-b m-b-0 has-p-b p-b-0\" >\r\n        <div class=\"container container--full\">\r\n        \n\n<h1 class=\"ls__heading wp-block-heading has-text-align-center animated fadeIn slower\">The ecological commitment of the campsite near Lourdes<\/h1>\n\n\r\n    <\/div>\r\n<\/section><section id=\"ls-section-block_ffc66ddf85f932b2fadb03ecc7aa6918\" class=\"ls-section  home-intro page-one has-m-b m-b-0 has-p-l p-l-8 has-p-r p-r-8\" >\r\n        <div class=\"container container--full\">\r\n        \n\n<div class=\"wp-block-columns are-vertically-aligned-center first is-layout-flex wp-container-core-columns-is-layout-9d6595d7 wp-block-columns-is-layout-flex\">\n<div class=\"wp-block-column is-vertically-aligned-center left is-layout-flow wp-block-column-is-layout-flow\" style=\"flex-basis:45%\">\n<h2 class=\"ls__heading wp-block-heading animated fadeInLeft\"><strong>Ecological camping<\/strong> in the Hautes-Pyr\u00e9n\u00e9es<\/h2>\n\n\n\n<p class=\"ls-paragraph\"><strong>Respect for nature, and therefore for Mother Earth,<\/strong> is very important to us, and that&#8217;s what we want to pass on. That&#8217;s why we also practice<strong>eco-pasturing<\/strong>: needless to say, our animals are delighted, especially our ponies who are masters in the art.<\/p>\n\n\n\n<p class=\"ls-paragraph\">The <strong>chickens<\/strong> are proud too, because they&#8217;re still the<strong> best composter<\/strong> (even though we&#8217;ve made you a composting station) and they thank us with excellent eggs&#8230; Come and ask us, and we&#8217;ll be happy to take you to meet and feed these adorable companions, who have become the stars of our campsite!<\/p>\n<\/div>\n\n\n\n<div class=\"wp-block-column is-vertically-aligned-center right is-layout-flow wp-block-column-is-layout-flow\" style=\"flex-basis:55%\">\n<figure class=\"wp-block-gallery has-nested-images columns-default is-cropped wp-block-gallery-1 is-layout-flex wp-block-gallery-is-layout-flex\">\n<figure class=\"wp-block-image size-full animated fadeIn delay-100ms\"><a href=\"https:\/\/www.ombredestilleuls.com\/wp-content\/uploads\/2024\/01\/camping-ecologique-lourdes-pyrenees-2.webp\"><img decoding=\"async\" width=\"1600\" height=\"1200\" data-id=\"2866\" src=\"https:\/\/www.ombredestilleuls.com\/wp-content\/uploads\/2024\/01\/camping-ecologique-lourdes-pyrenees-2-edited.webp\" alt=\"ecological camping lourdes pyrenees\" class=\"wp-image-2866\" srcset=\"https:\/\/www.ombredestilleuls.com\/wp-content\/uploads\/2024\/01\/camping-ecologique-lourdes-pyrenees-2-edited.webp 1600w, https:\/\/www.ombredestilleuls.com\/wp-content\/uploads\/2024\/01\/camping-ecologique-lourdes-pyrenees-2-edited-300x225.webp 300w, https:\/\/www.ombredestilleuls.com\/wp-content\/uploads\/2024\/01\/camping-ecologique-lourdes-pyrenees-2-edited-1024x768.webp 1024w, https:\/\/www.ombredestilleuls.com\/wp-content\/uploads\/2024\/01\/camping-ecologique-lourdes-pyrenees-2-edited-768x576.webp 768w, https:\/\/www.ombredestilleuls.com\/wp-content\/uploads\/2024\/01\/camping-ecologique-lourdes-pyrenees-2-edited-1536x1152.webp 1536w\" sizes=\"(max-width: 1600px) 100vw, 1600px\" \/><\/a><\/figure>\n<\/figure>\n<\/div>\n<\/div>\n\n\r\n    <\/div>\r\n<\/section><section id=\"ls-section-block_ddf2da928d14c6d26497a46d7c960fb9\" class=\"ls-section  home-piscine page-two has-background-image has-parallax has-m-t m-t-10 has-m-b m-b-10 has-m-l m-l-8 has-m-r m-r-8\" >\r\n    <div class=\"ls-section__background-image opacity-100\"><img decoding=\"async\" src=\"https:\/\/www.ombredestilleuls.com\/wp-content\/uploads\/2023\/12\/espace-de-douceur-et-de-respect-de-l-environnement.webp\" alt=\"a space for gentleness and respect for the environment\"><\/div>    <div class=\"container container--full\">\r\n        \n\n<div class=\"wp-block-columns is-layout-flex wp-container-core-columns-is-layout-9d6595d7 wp-block-columns-is-layout-flex\">\n<div class=\"wp-block-column is-layout-flow wp-block-column-is-layout-flow\" style=\"flex-basis:60%\"><\/div>\n\n\n\n<div class=\"wp-block-column animated fadeInRight is-layout-flow wp-block-column-is-layout-flow\" style=\"flex-basis:40%\">\n<h2 class=\"ls__heading wp-block-heading has-text-align-right\"><strong>The mini-farm<\/strong> will delight your children<\/h2>\n\n\n\n<p class=\"ls-paragraph has-text-align-right\">Our ecological campsite invites you to discover a <strong>gentle, environmentally-friendly space:<\/strong> our mini-farm. Here, young and old are invited to<strong> share unique moments with our animals<\/strong> in a setting where eco-responsible commitments are our priority.<\/p>\n\n\n\n<p class=\"ls-paragraph has-text-align-right\">Why a mini-farm? For the enjoyment of all, young and old alike.<\/p>\n\n\n\n<p class=\"ls-paragraph has-text-align-right\">And to take in abused or retired animals.<br\/><\/p>\n<\/div>\n<\/div>\n\n\r\n    <\/div>\r\n<\/section><section id=\"ls-section-block_ef9c79eeafaad1ec143174552e7f54d2\" class=\"ls-section  home-ecologie page-three has-p-l p-l-8 has-p-r p-r-8\" >\r\n        <div class=\"container container--full\">\r\n        \n\n<div class=\"wp-block-columns are-vertically-aligned-center is-layout-flex wp-container-core-columns-is-layout-9d6595d7 wp-block-columns-is-layout-flex\">\n<div class=\"wp-block-column is-vertically-aligned-center is-layout-flow wp-block-column-is-layout-flow\" style=\"flex-basis:55%\">\n<figure class=\"wp-block-gallery has-nested-images columns-default is-cropped wp-block-gallery-2 is-layout-flex wp-block-gallery-is-layout-flex\">\n<figure class=\"wp-block-image size-full animated fadeIn delay-100ms\"><a href=\"https:\/\/www.ombredestilleuls.com\/wp-content\/uploads\/2023\/12\/chevres-moutons-et-notre-canard-mascotte.webp\"><img decoding=\"async\" width=\"1200\" height=\"863\" data-id=\"1977\" src=\"https:\/\/www.ombredestilleuls.com\/wp-content\/uploads\/2023\/12\/chevres-moutons-et-notre-canard-mascotte.webp\" alt=\"sheep goats and our mascot duck\" class=\"wp-image-1977\" srcset=\"https:\/\/www.ombredestilleuls.com\/wp-content\/uploads\/2023\/12\/chevres-moutons-et-notre-canard-mascotte.webp 1200w, https:\/\/www.ombredestilleuls.com\/wp-content\/uploads\/2023\/12\/chevres-moutons-et-notre-canard-mascotte-300x216.webp 300w, https:\/\/www.ombredestilleuls.com\/wp-content\/uploads\/2023\/12\/chevres-moutons-et-notre-canard-mascotte-1024x736.webp 1024w, https:\/\/www.ombredestilleuls.com\/wp-content\/uploads\/2023\/12\/chevres-moutons-et-notre-canard-mascotte-768x552.webp 768w\" sizes=\"(max-width: 1200px) 100vw, 1200px\" \/><\/a><\/figure>\n<\/figure>\n<\/div>\n\n\n\n<div class=\"wp-block-column is-vertically-aligned-center is-layout-flow wp-block-column-is-layout-flow\" style=\"flex-basis:45%\">\n<p class=\"ls-paragraph has-text-align-left\">On request at reception, Jean will open the doors of this little paradise populated by chickens, ponies, rabbits, goats, sheep and our mascot duck: Paulin.  <\/p>\n\n\n\n<p class=\"ls-paragraph has-text-align-left\">Especially in spring, our duck <strong>Paulin<\/strong> visits residents every evening at aperitif time, moving from bowl to bowl and creating moments of conviviality and shared smiles.<\/p>\n\n\n\n<p class=\"ls-paragraph has-text-align-left\">The mini-farm becomes a place of exchange and learning, where the values of our <a href=\"https:\/\/www.ombredestilleuls.com\/en\/\">ecologically committed campsite<\/a> are transmitted with joy and simplicity.<\/p>\n<\/div>\n<\/div>\n\n\r\n    <\/div>\r\n<\/section><section id=\"ls-section-block_6c8b62c885c5b660d896c9501fcca788\" class=\"ls-section  home-piscine page-four has-background-image has-parallax has-m-t m-t-10 has-m-b m-b-10 has-m-l m-l-8 has-m-r m-r-8\" >\r\n    <div class=\"ls-section__background-image opacity-100\"><img decoding=\"async\" src=\"https:\/\/www.ombredestilleuls.com\/wp-content\/uploads\/2023\/12\/en-faveur-de-l-environnement.webp\" alt=\"in favor of the environment\"><\/div>    <div class=\"container container--full\">\r\n        \n\n<div class=\"wp-block-columns is-layout-flex wp-container-core-columns-is-layout-9d6595d7 wp-block-columns-is-layout-flex\">\n<div class=\"wp-block-column animated fadeInLeft is-layout-flow wp-block-column-is-layout-flow\" style=\"flex-basis:40%\">\n<h2 class=\"ls__heading wp-block-heading has-text-align-left\">Our actions <strong>in favor of the environment<\/strong><\/h2>\n\n\n\n<p class=\"ls-paragraph\">Nestled on the edge of a peaceful lake near Lourdes in the Hautes-Pyr\u00e9n\u00e9es, our eco-friendly campsite is more than just a holiday destination.<\/p>\n\n\n\n<p class=\"ls-paragraph\">It&#8217;s a space where every detail is designed to minimize our impact on the environment and maximize your well-being.<\/p>\n\n\n\n<p class=\"ls-paragraph\"><strong>Rainwater harvesting<\/strong>, for example, allows us not only to reduce our use of drinking water, but also to maintain the lush beauty of our green spaces without drawing on local natural resources.  <\/p>\n<\/div>\n\n\n\n<div class=\"wp-block-column is-layout-flow wp-block-column-is-layout-flow\" style=\"flex-basis:60%\"><\/div>\n<\/div>\n\n\r\n    <\/div>\r\n<\/section><section id=\"ls-section-block_6909d02565dd487b7d360fde4067e88f\" class=\"ls-section  home-ecologie page-five has-p-l p-l-8 has-p-r p-r-8\" >\r\n        <div class=\"container container--full\">\r\n        \n\n<div class=\"wp-block-columns are-vertically-aligned-center is-layout-flex wp-container-core-columns-is-layout-9d6595d7 wp-block-columns-is-layout-flex\">\n<div class=\"wp-block-column is-vertically-aligned-center is-layout-flow wp-block-column-is-layout-flow\" style=\"flex-basis:45%\">\n<p class=\"ls-paragraph\">Our <strong>composting station<\/strong>, fed by the snack bar&#8217;s food scraps and campers&#8217; organic waste, produces rich compost that nourishes our soil and supports the campsite&#8217;s biodiversity.  <\/p>\n\n\n\n<p class=\"ls-paragraph\"><strong>Lighting<\/strong> is also designed to be eco-responsible: <strong>LED bulbs<\/strong>, which consume less energy, illuminate our common areas, while <strong>solar-powered spotlights<\/strong> in all our walkways and <strong>motion sensors <\/strong>in the communal washrooms ensure optimum use of energy, switching on only when they detect a presence.<\/p>\n<\/div>\n\n\n\n<div class=\"wp-block-column is-vertically-aligned-center is-layout-flow wp-block-column-is-layout-flow\" style=\"flex-basis:55%\">\n<figure class=\"wp-block-gallery has-nested-images columns-default is-cropped wp-block-gallery-3 is-layout-flex wp-block-gallery-is-layout-flex\">\n<figure class=\"wp-block-image size-full animated zoomIn\"><a href=\"https:\/\/www.ombredestilleuls.com\/wp-content\/uploads\/2023\/12\/station-de-compostage.webp\"><img decoding=\"async\" width=\"1200\" height=\"900\" data-id=\"1983\" src=\"https:\/\/www.ombredestilleuls.com\/wp-content\/uploads\/2023\/12\/station-de-compostage.webp\" alt=\"composting station\" class=\"wp-image-1983\" srcset=\"https:\/\/www.ombredestilleuls.com\/wp-content\/uploads\/2023\/12\/station-de-compostage.webp 1200w, https:\/\/www.ombredestilleuls.com\/wp-content\/uploads\/2023\/12\/station-de-compostage-300x225.webp 300w, https:\/\/www.ombredestilleuls.com\/wp-content\/uploads\/2023\/12\/station-de-compostage-1024x768.webp 1024w, https:\/\/www.ombredestilleuls.com\/wp-content\/uploads\/2023\/12\/station-de-compostage-768x576.webp 768w\" sizes=\"(max-width: 1200px) 100vw, 1200px\" \/><\/a><\/figure>\n<\/figure>\n<\/div>\n<\/div>\n\n\r\n    <\/div>\r\n<\/section><section id=\"ls-section-block_35d5c84be0d7130e79295dcf7222605e\" class=\"ls-section  home-piscine page-two has-background-image has-parallax has-m-t m-t-10 has-m-b m-b-10 has-m-l m-l-8 has-m-r m-r-8\" >\r\n    <div class=\"ls-section__background-image opacity-100\"><img decoding=\"async\" src=\"https:\/\/www.ombredestilleuls.com\/wp-content\/uploads\/2023\/12\/eco-paturage.webp\" alt=\"eco-shepherding\"><\/div>    <div class=\"container container--full\">\r\n        \n\n<div class=\"wp-block-columns is-layout-flex wp-container-core-columns-is-layout-9d6595d7 wp-block-columns-is-layout-flex\">\n<div class=\"wp-block-column is-layout-flow wp-block-column-is-layout-flow\" style=\"flex-basis:60%\"><\/div>\n\n\n\n<div class=\"wp-block-column animated fadeInRight is-layout-flow wp-block-column-is-layout-flow\" style=\"flex-basis:40%\">\n<p class=\"ls-paragraph has-text-align-right\"><br\/><br\/><br\/><br\/><strong>Eco-pasturing<\/strong> by our <strong>sheep and ponies<\/strong>, and <strong>composting<\/strong> by our <strong>chickens<\/strong>, are perfect examples of our ecological loop philosophy, where every element of the campsite contributes to a sustainable and harmonious system.<br\/><br\/><\/p>\n\n\n\n<p class=\"ls-paragraph has-text-align-right\">Each initiative, explained in detail on our <strong>billboards<\/strong>, is a living testimony to our <strong>eco-responsible commitments<\/strong>, inviting you to stay in a place where respect for nature is at the heart of every action.<br\/><br\/><br\/><br\/><\/p>\n<\/div>\n<\/div>\n\n\r\n    <\/div>\r\n<\/section><section id=\"ls-section-block_5c42f5614098bd50702f8f1964329cc3\" class=\"ls-section  page-maillage\" >\r\n        <div class=\"container container--wide\">\r\n        \n\n<div id=\"ls-heading ls-titre-div-block_e9d7a5e1c8ca4564e0c5be738e82fa51\" class=\"ls-titre-div animated fadeIn h2-like\" >\n    Discover our accommodations!<\/div>\n\n\n\n<div id=\"ls-maillage-block_8376f2e7e267d72400761fe1ecc62638\" class=\"ls-maillage cta-style-normal\" data-rows=\"3\">\n\n    <div class=\"wp-block-columns\"><div class=\"wp-block-column ls-cta\">\n\n<a href=\"https:\/\/www.ombredestilleuls.com\/en\/rent-mobile-home-peyrouse\/\" target=\"\" rel=\"noopener\" class=\"ls-cta__link\">\n\n\t<div class=\"ls-cta__image\"><img decoding=\"async\" src=\"https:\/\/www.ombredestilleuls.com\/wp-content\/uploads\/2023\/12\/location-mobil-home-peyrouse.webp\" alt=\"mobile home rental peyrouse\"><\/div>\n\t<div class=\"ls-cta__title\">\n\t\tRentals\t<\/div>\n\n\t\t\n<\/a><\/div><div class=\"wp-block-column ls-cta\">\n\n<a href=\"https:\/\/www.ombredestilleuls.com\/en\/atypical-rentals-peyrouse\/\" target=\"\" rel=\"noopener\" class=\"ls-cta__link\">\n\n\t<div class=\"ls-cta__image\"><img decoding=\"async\" src=\"https:\/\/www.ombredestilleuls.com\/wp-content\/uploads\/2023\/12\/location-atypique-peyrouse.webp\" alt=\"atypical rental peyrouse\"><\/div>\n\t<div class=\"ls-cta__title\">\n\t\tUnusual\t<\/div>\n\n\t\t\n<\/a><\/div><div class=\"wp-block-column ls-cta\">\n\n<a href=\"https:\/\/www.ombredestilleuls.com\/en\/rent-a-pitch-peyrouse\/\" target=\"\" rel=\"noopener\" class=\"ls-cta__link\">\n\n\t<div class=\"ls-cta__image\"><img decoding=\"async\" src=\"https:\/\/www.ombredestilleuls.com\/wp-content\/uploads\/2023\/12\/location-emplacement-peyrouse.webp\" alt=\"location peyrouse\"><\/div>\n\t<div class=\"ls-cta__title\">\n\t\tPitches\t<\/div>\n\n\t\t\n<\/a><\/div><\/div>\n<\/div>\n\r\n    <\/div>\r\n<\/section>","protected":false},"excerpt":{"rendered":"","protected":false},"author":1,"featured_media":1968,"parent":0,"menu_order":0,"comment_status":"closed","ping_status":"closed","template":"","meta":{"_acf_changed":false,"inline_featured_image":false,"footnotes":""},"sujet":[],"class_list":["post-2989","page","type-page","status-publish","has-post-thumbnail","hentry"],"acf":[],"yoast_head":"<!-- This site is optimized with the Yoast SEO plugin v23.4 - https:\/\/yoast.com\/wordpress\/plugins\/seo\/ -->\n<title>Mini-farm near Lourdes | Engagements \u00e9cologique Hautes-Pyr\u00e9n\u00e9es<\/title>\n<meta name=\"description\" content=\"Your \u00c0 l&#039;Ombre des Tilleuls campsite near Lourdes welcomes you with an ecological approach and invites you to meet the animals on its mini-farm.\" \/>\n<meta name=\"robots\" content=\"index, follow, max-snippet:-1, max-image-preview:large, max-video-preview:-1\" \/>\n<link rel=\"canonical\" href=\"https:\/\/www.ombredestilleuls.com\/en\/camping-mini-farm-peyrouse\/\" \/>\n<meta property=\"og:locale\" content=\"en_US\" \/>\n<meta property=\"og:type\" content=\"article\" \/>\n<meta property=\"og:title\" content=\"Mini-farm near Lourdes | Engagements \u00e9cologique Hautes-Pyr\u00e9n\u00e9es\" \/>\n<meta property=\"og:description\" content=\"Your \u00c0 l&#039;Ombre des Tilleuls campsite near Lourdes welcomes you with an ecological approach and invites you to meet the animals on its mini-farm.\" \/>\n<meta property=\"og:url\" content=\"https:\/\/www.ombredestilleuls.com\/en\/camping-mini-farm-peyrouse\/\" \/>\n<meta property=\"og:site_name\" content=\"Camping \u00c0 l&#039;ombre des tilleuls\" \/>\n<meta property=\"article:modified_time\" content=\"2024-03-25T10:30:52+00:00\" \/>\n<meta property=\"og:image\" content=\"https:\/\/www.ombredestilleuls.com\/wp-content\/uploads\/2023\/12\/camping-ecologique-peyrouse.webp\" \/>\n\t<meta property=\"og:image:width\" content=\"2000\" \/>\n\t<meta property=\"og:image:height\" content=\"1500\" \/>\n\t<meta property=\"og:image:type\" content=\"image\/webp\" \/>\n<meta name=\"twitter:card\" content=\"summary_large_image\" \/>\n<meta name=\"twitter:label1\" content=\"Est. reading time\" \/>\n\t<meta name=\"twitter:data1\" content=\"2 minutes\" \/>\n<script type=\"application\/ld+json\" class=\"yoast-schema-graph\">{\"@context\":\"https:\/\/schema.org\",\"@graph\":[{\"@type\":\"WebPage\",\"@id\":\"https:\/\/www.ombredestilleuls.com\/en\/camping-mini-farm-peyrouse\/\",\"url\":\"https:\/\/www.ombredestilleuls.com\/en\/camping-mini-farm-peyrouse\/\",\"name\":\"Mini-farm near Lourdes | Engagements \u00e9cologique Hautes-Pyr\u00e9n\u00e9es\",\"isPartOf\":{\"@id\":\"https:\/\/www.ombredestilleuls.com\/fr\/#website\"},\"primaryImageOfPage\":{\"@id\":\"https:\/\/www.ombredestilleuls.com\/en\/camping-mini-farm-peyrouse\/#primaryimage\"},\"image\":{\"@id\":\"https:\/\/www.ombredestilleuls.com\/en\/camping-mini-farm-peyrouse\/#primaryimage\"},\"thumbnailUrl\":\"https:\/\/www.ombredestilleuls.com\/wp-content\/uploads\/2023\/12\/camping-ecologique-peyrouse.webp\",\"datePublished\":\"2024-01-17T09:22:19+00:00\",\"dateModified\":\"2024-03-25T10:30:52+00:00\",\"description\":\"Your \u00c0 l'Ombre des Tilleuls campsite near Lourdes welcomes you with an ecological approach and invites you to meet the animals on its mini-farm.\",\"breadcrumb\":{\"@id\":\"https:\/\/www.ombredestilleuls.com\/en\/camping-mini-farm-peyrouse\/#breadcrumb\"},\"inLanguage\":\"en-US\",\"potentialAction\":[{\"@type\":\"ReadAction\",\"target\":[\"https:\/\/www.ombredestilleuls.com\/en\/camping-mini-farm-peyrouse\/\"]}]},{\"@type\":\"ImageObject\",\"inLanguage\":\"en-US\",\"@id\":\"https:\/\/www.ombredestilleuls.com\/en\/camping-mini-farm-peyrouse\/#primaryimage\",\"url\":\"https:\/\/www.ombredestilleuls.com\/wp-content\/uploads\/2023\/12\/camping-ecologique-peyrouse.webp\",\"contentUrl\":\"https:\/\/www.ombredestilleuls.com\/wp-content\/uploads\/2023\/12\/camping-ecologique-peyrouse.webp\",\"width\":2000,\"height\":1500,\"caption\":\"camping ecologique peyrouse\"},{\"@type\":\"BreadcrumbList\",\"@id\":\"https:\/\/www.ombredestilleuls.com\/en\/camping-mini-farm-peyrouse\/#breadcrumb\",\"itemListElement\":[{\"@type\":\"ListItem\",\"position\":1,\"name\":\"Camping pr\u00e8s de Lourdes\",\"item\":\"https:\/\/www.ombredestilleuls.com\/en\/\"},{\"@type\":\"ListItem\",\"position\":2,\"name\":\"Mini farm near Lourdes\"}]},{\"@type\":\"WebSite\",\"@id\":\"https:\/\/www.ombredestilleuls.com\/fr\/#website\",\"url\":\"https:\/\/www.ombredestilleuls.com\/fr\/\",\"name\":\"Camping \u00c0 l&#039;ombre des tilleuls\",\"description\":\"\",\"publisher\":{\"@id\":\"https:\/\/www.ombredestilleuls.com\/fr\/#organization\"},\"potentialAction\":[{\"@type\":\"SearchAction\",\"target\":{\"@type\":\"EntryPoint\",\"urlTemplate\":\"https:\/\/www.ombredestilleuls.com\/fr\/?s={search_term_string}\"},\"query-input\":{\"@type\":\"PropertyValueSpecification\",\"valueRequired\":true,\"valueName\":\"search_term_string\"}}],\"inLanguage\":\"en-US\"},{\"@type\":\"Organization\",\"@id\":\"https:\/\/www.ombredestilleuls.com\/fr\/#organization\",\"name\":\"Camping \u00c0 l&#039;ombre des tilleuls\",\"url\":\"https:\/\/www.ombredestilleuls.com\/fr\/\",\"logo\":{\"@type\":\"ImageObject\",\"inLanguage\":\"en-US\",\"@id\":\"https:\/\/www.ombredestilleuls.com\/fr\/#\/schema\/logo\/image\/\",\"url\":\"https:\/\/www.ombredestilleuls.com\/wp-content\/uploads\/2023\/11\/cropped-Camping-A-LOmbre-Des-Tilleuls-logo-1.png\",\"contentUrl\":\"https:\/\/www.ombredestilleuls.com\/wp-content\/uploads\/2023\/11\/cropped-Camping-A-LOmbre-Des-Tilleuls-logo-1.png\",\"width\":1000,\"height\":1000,\"caption\":\"Camping \u00c0 l&#039;ombre des tilleuls\"},\"image\":{\"@id\":\"https:\/\/www.ombredestilleuls.com\/fr\/#\/schema\/logo\/image\/\"}}]}<\/script>\n<!-- \/ Yoast SEO plugin. -->","yoast_head_json":{"title":"Mini-farm near Lourdes | Engagements \u00e9cologique Hautes-Pyr\u00e9n\u00e9es","description":"Your \u00c0 l'Ombre des Tilleuls campsite near Lourdes welcomes you with an ecological approach and invites you to meet the animals on its mini-farm.","robots":{"index":"index","follow":"follow","max-snippet":"max-snippet:-1","max-image-preview":"max-image-preview:large","max-video-preview":"max-video-preview:-1"},"canonical":"https:\/\/www.ombredestilleuls.com\/en\/camping-mini-farm-peyrouse\/","og_locale":"en_US","og_type":"article","og_title":"Mini-farm near Lourdes | Engagements \u00e9cologique Hautes-Pyr\u00e9n\u00e9es","og_description":"Your \u00c0 l'Ombre des Tilleuls campsite near Lourdes welcomes you with an ecological approach and invites you to meet the animals on its mini-farm.","og_url":"https:\/\/www.ombredestilleuls.com\/en\/camping-mini-farm-peyrouse\/","og_site_name":"Camping \u00c0 l&#039;ombre des tilleuls","article_modified_time":"2024-03-25T10:30:52+00:00","og_image":[{"width":2000,"height":1500,"url":"https:\/\/www.ombredestilleuls.com\/wp-content\/uploads\/2023\/12\/camping-ecologique-peyrouse.webp","type":"image\/webp"}],"twitter_card":"summary_large_image","twitter_misc":{"Est. reading time":"2 minutes"},"schema":{"@context":"https:\/\/schema.org","@graph":[{"@type":"WebPage","@id":"https:\/\/www.ombredestilleuls.com\/en\/camping-mini-farm-peyrouse\/","url":"https:\/\/www.ombredestilleuls.com\/en\/camping-mini-farm-peyrouse\/","name":"Mini-farm near Lourdes | Engagements \u00e9cologique Hautes-Pyr\u00e9n\u00e9es","isPartOf":{"@id":"https:\/\/www.ombredestilleuls.com\/fr\/#website"},"primaryImageOfPage":{"@id":"https:\/\/www.ombredestilleuls.com\/en\/camping-mini-farm-peyrouse\/#primaryimage"},"image":{"@id":"https:\/\/www.ombredestilleuls.com\/en\/camping-mini-farm-peyrouse\/#primaryimage"},"thumbnailUrl":"https:\/\/www.ombredestilleuls.com\/wp-content\/uploads\/2023\/12\/camping-ecologique-peyrouse.webp","datePublished":"2024-01-17T09:22:19+00:00","dateModified":"2024-03-25T10:30:52+00:00","description":"Your \u00c0 l'Ombre des Tilleuls campsite near Lourdes welcomes you with an ecological approach and invites you to meet the animals on its mini-farm.","breadcrumb":{"@id":"https:\/\/www.ombredestilleuls.com\/en\/camping-mini-farm-peyrouse\/#breadcrumb"},"inLanguage":"en-US","potentialAction":[{"@type":"ReadAction","target":["https:\/\/www.ombredestilleuls.com\/en\/camping-mini-farm-peyrouse\/"]}]},{"@type":"ImageObject","inLanguage":"en-US","@id":"https:\/\/www.ombredestilleuls.com\/en\/camping-mini-farm-peyrouse\/#primaryimage","url":"https:\/\/www.ombredestilleuls.com\/wp-content\/uploads\/2023\/12\/camping-ecologique-peyrouse.webp","contentUrl":"https:\/\/www.ombredestilleuls.com\/wp-content\/uploads\/2023\/12\/camping-ecologique-peyrouse.webp","width":2000,"height":1500,"caption":"camping ecologique peyrouse"},{"@type":"BreadcrumbList","@id":"https:\/\/www.ombredestilleuls.com\/en\/camping-mini-farm-peyrouse\/#breadcrumb","itemListElement":[{"@type":"ListItem","position":1,"name":"Camping pr\u00e8s de Lourdes","item":"https:\/\/www.ombredestilleuls.com\/en\/"},{"@type":"ListItem","position":2,"name":"Mini farm near Lourdes"}]},{"@type":"WebSite","@id":"https:\/\/www.ombredestilleuls.com\/fr\/#website","url":"https:\/\/www.ombredestilleuls.com\/fr\/","name":"Camping \u00c0 l&#039;ombre des tilleuls","description":"","publisher":{"@id":"https:\/\/www.ombredestilleuls.com\/fr\/#organization"},"potentialAction":[{"@type":"SearchAction","target":{"@type":"EntryPoint","urlTemplate":"https:\/\/www.ombredestilleuls.com\/fr\/?s={search_term_string}"},"query-input":{"@type":"PropertyValueSpecification","valueRequired":true,"valueName":"search_term_string"}}],"inLanguage":"en-US"},{"@type":"Organization","@id":"https:\/\/www.ombredestilleuls.com\/fr\/#organization","name":"Camping \u00c0 l&#039;ombre des tilleuls","url":"https:\/\/www.ombredestilleuls.com\/fr\/","logo":{"@type":"ImageObject","inLanguage":"en-US","@id":"https:\/\/www.ombredestilleuls.com\/fr\/#\/schema\/logo\/image\/","url":"https:\/\/www.ombredestilleuls.com\/wp-content\/uploads\/2023\/11\/cropped-Camping-A-LOmbre-Des-Tilleuls-logo-1.png","contentUrl":"https:\/\/www.ombredestilleuls.com\/wp-content\/uploads\/2023\/11\/cropped-Camping-A-LOmbre-Des-Tilleuls-logo-1.png","width":1000,"height":1000,"caption":"Camping \u00c0 l&#039;ombre des tilleuls"},"image":{"@id":"https:\/\/www.ombredestilleuls.com\/fr\/#\/schema\/logo\/image\/"}}]}},"_links":{"self":[{"href":"https:\/\/www.ombredestilleuls.com\/en\/wp-json\/wp\/v2\/pages\/2989","targetHints":{"allow":["GET"]}}],"collection":[{"href":"https:\/\/www.ombredestilleuls.com\/en\/wp-json\/wp\/v2\/pages"}],"about":[{"href":"https:\/\/www.ombredestilleuls.com\/en\/wp-json\/wp\/v2\/types\/page"}],"author":[{"embeddable":true,"href":"https:\/\/www.ombredestilleuls.com\/en\/wp-json\/wp\/v2\/users\/1"}],"replies":[{"embeddable":true,"href":"https:\/\/www.ombredestilleuls.com\/en\/wp-json\/wp\/v2\/comments?post=2989"}],"version-history":[{"count":4,"href":"https:\/\/www.ombredestilleuls.com\/en\/wp-json\/wp\/v2\/pages\/2989\/revisions"}],"predecessor-version":[{"id":3329,"href":"https:\/\/www.ombredestilleuls.com\/en\/wp-json\/wp\/v2\/pages\/2989\/revisions\/3329"}],"wp:featuredmedia":[{"embeddable":true,"href":"https:\/\/www.ombredestilleuls.com\/en\/wp-json\/wp\/v2\/media\/1968"}],"wp:attachment":[{"href":"https:\/\/www.ombredestilleuls.com\/en\/wp-json\/wp\/v2\/media?parent=2989"}],"wp:term":[{"taxonomy":"sujet","embeddable":true,"href":"https:\/\/www.ombredestilleuls.com\/en\/wp-json\/wp\/v2\/sujet?post=2989"}],"curies":[{"name":"wp","href":"https:\/\/api.w.org\/{rel}","templated":true}]}}