{"id":2973,"date":"2024-01-17T10:19:31","date_gmt":"2024-01-17T09:19:31","guid":{"rendered":"https:\/\/www.ombredestilleuls.com\/low-cost-camping-peyrouse\/"},"modified":"2026-04-14T14:05:30","modified_gmt":"2026-04-14T12:05:30","slug":"low-cost-camping-peyrouse","status":"publish","type":"page","link":"https:\/\/www.ombredestilleuls.com\/en\/low-cost-camping-peyrouse\/","title":{"rendered":"Rates"},"content":{"rendered":"<section id=\"ls-section-block_4756846704e327b67342b84e570684b7\" class=\"ls-section  has-m-b m-b-0 has-p-b p-b-0\" >\r\n        <div class=\"container \">\r\n        \n\n<h1 class=\"ls__heading wp-block-heading\">Low-cost camping in the Hautes-Pyr\u00e9n\u00e9es<\/h1>\n\n\r\n    <\/div>\r\n<\/section><section id=\"ls-section-block_31ab14741a1ad4b1b1a8379dc66ff392\" class=\"ls-section  page-iframe_tarifs has-m-t m-t-4 has-p-t p-t-4\" >\r\n        <div class=\"container container--wide\">\r\n        \n\n<iframe loading=\"lazy\" class=\"widget-emplacements\" src=\"\/wp-content\/themes\/lasai-child\/partials\/loops\/frame-thelis-tarifs.php?lang=fr\" width=\"100%\" height=\"900px\"><\/iframe>\n\n\r\n    <\/div>\r\n<\/section><section id=\"ls-section-block_58098fe8c9d52fb7b4332ea9cae8dd47\" class=\"ls-section  home-intro page-one has-m-b m-b-0 has-p-l p-l-8 has-p-r p-r-8\" >\r\n        <div class=\"container container--full\">\r\n        \n\n<div class=\"wp-block-columns are-vertically-aligned-center first is-layout-flex wp-container-core-columns-is-layout-9d6595d7 wp-block-columns-is-layout-flex\">\n<div class=\"wp-block-column is-vertically-aligned-center left is-layout-flow wp-block-column-is-layout-flow\" style=\"flex-basis:45%\">\n<h2 class=\"ls__heading wp-block-heading animated fadeInLeft\"><strong>Cheap accommodation rentals<\/strong> near Lourdes<\/h2>\n\n\n\n<p class=\"ls-paragraph\">Ready for a breath of fresh air in the heart of the Hautes-Pyr\u00e9n\u00e9es, just outside Lourdes? Our <strong>campsite offers budget accommodation<\/strong> for family vacations where nature and respect for the environment are the guests of honor!  <\/p>\n\n\n\n<p class=\"ls-paragraph\">You&#8217;ll keep your budget in check and be able to take advantage of all the activities on offer in the Hautes-Pyr\u00e9n\u00e9es. That&#8217;s why we offer you the <strong>best value for money rentals<\/strong>.<\/p>\n\n\n\n<p class=\"ls-paragraph\">Our eco-responsible accommodation guarantees you a stay that&#8217;s both cosy and respectful of our magnificent region.  <\/p>\n\n\n\n<p class=\"ls-paragraph\">By choosing to book direct, not only do you benefit from the best rates, but you also give a helping hand to a local company passionate about preserving its natural and cultural heritage. Would you like to take a look at our low-price offers?  <\/p>\n\n\n\n<p class=\"ls-paragraph\">Book your stay now and make memories with us!<\/p>\n<\/div>\n\n\n\n<div class=\"wp-block-column is-vertically-aligned-center right is-layout-flow wp-block-column-is-layout-flow\" style=\"flex-basis:55%\">\n<figure class=\"wp-block-gallery has-nested-images columns-default is-cropped wp-block-gallery-1 is-layout-flex wp-block-gallery-is-layout-flex\">\n<figure class=\"wp-block-image size-full animated fadeIn delay-100ms\"><a href=\"https:\/\/www.ombredestilleuls.com\/wp-content\/uploads\/2023\/12\/locatifs-au-meilleur-rapport-qualite-prix.webp\"><img decoding=\"async\" width=\"1200\" height=\"900\" data-id=\"2225\" src=\"https:\/\/www.ombredestilleuls.com\/wp-content\/uploads\/2023\/12\/locatifs-au-meilleur-rapport-qualite-prix.webp\" alt=\"best-value rental properties\" class=\"wp-image-2225\" srcset=\"https:\/\/www.ombredestilleuls.com\/wp-content\/uploads\/2023\/12\/locatifs-au-meilleur-rapport-qualite-prix.webp 1200w, https:\/\/www.ombredestilleuls.com\/wp-content\/uploads\/2023\/12\/locatifs-au-meilleur-rapport-qualite-prix-300x225.webp 300w, https:\/\/www.ombredestilleuls.com\/wp-content\/uploads\/2023\/12\/locatifs-au-meilleur-rapport-qualite-prix-1024x768.webp 1024w, https:\/\/www.ombredestilleuls.com\/wp-content\/uploads\/2023\/12\/locatifs-au-meilleur-rapport-qualite-prix-768x576.webp 768w\" sizes=\"(max-width: 1200px) 100vw, 1200px\" \/><\/a><\/figure>\n<\/figure>\n<\/div>\n<\/div>\n\n\r\n    <\/div>\r\n<\/section><section id=\"ls-section-block_289e3624782f7a9b26e50ab26e41fdec\" class=\"ls-section  home-piscine page-two has-background-image has-parallax has-m-t m-t-10 has-m-b m-b-10 has-m-l m-l-8 has-m-r m-r-8\" >\r\n    <div class=\"ls-section__background-image opacity-100\"><img decoding=\"async\" src=\"https:\/\/www.ombredestilleuls.com\/wp-content\/uploads\/2023\/12\/offres-promotionnelles-du-camping-peyrouse.webp\" alt=\"promotional offers from camping peyrouse\"><\/div>    <div class=\"container container--full\">\r\n        \n\n<div class=\"wp-block-columns is-layout-flex wp-container-core-columns-is-layout-9d6595d7 wp-block-columns-is-layout-flex\">\n<div class=\"wp-block-column is-layout-flow wp-block-column-is-layout-flow\" style=\"flex-basis:60%\"><\/div>\n\n\n\n<div class=\"wp-block-column animated fadeInRight is-layout-flow wp-block-column-is-layout-flow\" style=\"flex-basis:40%\">\n<h2 class=\"ls__heading wp-block-heading has-text-align-right\">Campsite <strong>special offers<\/strong> <\/h2>\n\n\n\n<p class=\"ls-paragraph has-text-align-right\">Our <a href=\"https:\/\/www.ombredestilleuls.com\/en\/\">campsite near Lourdes<\/a> welcomes you with open arms for a low-price stay thanks to our <strong>special offers<\/strong>. Throughout the season, we offer you our campsite&#8217;s special offers, carefully designed to provide you with low-cost accommodation.<\/p>\n\n\n\n<p class=\"ls-paragraph has-text-align-right\">Every promotional offer at our campsite near Lourdes is an opportunity to <strong>book a low-price stay<\/strong>. So, are you ready to dive into our special offers and fill up on precious moments without hurting your wallet?<\/p>\n<\/div>\n<\/div>\n\n\r\n    <\/div>\r\n<\/section><section id=\"ls-section-block_d1c8e3af3d62d6f801a1b19bf3a9c7f1\" class=\"ls-section  home-ecologie page-three has-p-l p-l-8 has-p-r p-r-8\" >\r\n        <div class=\"container container--full\">\r\n        \n\n<div class=\"wp-block-columns are-vertically-aligned-center is-layout-flex wp-container-core-columns-is-layout-9d6595d7 wp-block-columns-is-layout-flex\">\n<div class=\"wp-block-column is-vertically-aligned-center is-layout-flow wp-block-column-is-layout-flow\" style=\"flex-basis:55%\">\n<figure class=\"wp-block-gallery has-nested-images columns-default is-cropped wp-block-gallery-2 is-layout-flex wp-block-gallery-is-layout-flex\">\n<figure class=\"wp-block-image size-full animated fadeIn delay-100ms\"><a href=\"https:\/\/www.ombredestilleuls.com\/wp-content\/uploads\/2026\/04\/reception-ombre-des-tilleuls-accueil.jpg\"><img decoding=\"async\" width=\"800\" height=\"801\" data-id=\"3632\" src=\"https:\/\/www.ombredestilleuls.com\/wp-content\/uploads\/2026\/04\/reception-ombre-des-tilleuls-accueil.jpg\" alt=\"re&#x301;ception ombre des tilleuls accueil\" class=\"wp-image-3632\" srcset=\"https:\/\/www.ombredestilleuls.com\/wp-content\/uploads\/2026\/04\/reception-ombre-des-tilleuls-accueil.jpg 800w, https:\/\/www.ombredestilleuls.com\/wp-content\/uploads\/2026\/04\/reception-ombre-des-tilleuls-accueil-300x300.jpg 300w, https:\/\/www.ombredestilleuls.com\/wp-content\/uploads\/2026\/04\/reception-ombre-des-tilleuls-accueil-150x150.jpg 150w, https:\/\/www.ombredestilleuls.com\/wp-content\/uploads\/2026\/04\/reception-ombre-des-tilleuls-accueil-768x769.jpg 768w\" sizes=\"(max-width: 800px) 100vw, 800px\" \/><\/a><\/figure>\n<\/figure>\n<\/div>\n\n\n\n<div class=\"wp-block-column is-vertically-aligned-center is-layout-flow wp-block-column-is-layout-flow\" style=\"flex-basis:45%\">\n<h2 class=\"ls__heading wp-block-heading animated fadeIn slower\"><strong>Book<\/strong> direct<\/h2>\n\n\n\n<p class=\"ls-paragraph has-text-align-left\">We want to be transparent with you and maintain the trust that binds us. By booking directly on our website, you are guaranteed to <strong>benefit from the lowest rates<\/strong>.<\/p>\n\n\n\n<p class=\"ls-paragraph has-text-align-left\">No hidden costs, no unexpected surprises, just a commitment to an affordable, quality stay.<\/p>\n\n\n\n<p class=\"ls-paragraph has-text-align-left\">So, are you ready to immerse yourself in a worry-free adventure with us, by choosing to <strong>book<\/strong> your next nature retreat online?<\/p>\n<\/div>\n<\/div>\n\n\r\n    <\/div>\r\n<\/section><section id=\"ls-section-block_ac5b3a4be77c237e9a14e706b05d0416\" class=\"ls-section  page-maillage\" >\r\n        <div class=\"container container--wide\">\r\n        \n\n<div id=\"ls-heading ls-titre-div-block_21db22eb331df6f5149e615b38030886\" class=\"ls-titre-div animated fadeIn h2-like\" >\n    Discover our activities, services and aquatic area!<\/div>\n\n\n\n<div id=\"ls-maillage-block_7b3df9314869c8d9fd9e02e63521266a\" class=\"ls-maillage cta-style-normal\" data-rows=\"3\">\n\n    <div class=\"wp-block-columns\"><div class=\"wp-block-column ls-cta\">\n\n<a href=\"https:\/\/www.ombredestilleuls.com\/en\/family-campsite-peyrouse\/\" target=\"\" rel=\"noopener\" class=\"ls-cta__link\">\n\n\t<div class=\"ls-cta__image\"><img decoding=\"async\" src=\"https:\/\/www.ombredestilleuls.com\/wp-content\/uploads\/2026\/04\/camping-familial-peyrouse-ombre-tilleuls-services.jpg\" alt=\"camping familial peyrouse ombre tilleuls services\"><\/div>\n\t<div class=\"ls-cta__title\">\n\t\tServices\t<\/div>\n\n\t\t\n<\/a><\/div><div class=\"wp-block-column ls-cta\">\n\n<a href=\"https:\/\/www.ombredestilleuls.com\/en\/swimming-pool-campsite-peyrouse\/\" target=\"\" rel=\"noopener\" class=\"ls-cta__link\">\n\n\t<div class=\"ls-cta__image\"><img decoding=\"async\" src=\"https:\/\/www.ombredestilleuls.com\/wp-content\/uploads\/2023\/12\/camping-piscine-peyrouse.webp\" alt=\"camping pool peyrouse\"><\/div>\n\t<div class=\"ls-cta__title\">\n\t\tAquatic Area\t<\/div>\n\n\t\t\n<\/a><div class=\"wp-block-column ls-cta\">\n\n<a href=\"https:\/\/www.ombredestilleuls.com\/en\/camping-entertainment-peyrouse\/\" target=\"\" rel=\"noopener\" class=\"ls-cta__link\">\n\n\t<div class=\"ls-cta__image\"><img decoding=\"async\" src=\"https:\/\/www.ombredestilleuls.com\/wp-content\/uploads\/2026\/04\/animations-concert-couverture-camping-ombre-des-tilleuls-e1776089435621.jpg\" alt=\"entertainment, concerts, camping, shade of the lime trees\"><\/div>\n\t<div class=\"ls-cta__title\">\n\t\tEntertainment\t<\/div>\n\n\t\t\n<\/a><\/div><\/div>\n<\/div>\n\r\n    <\/div>\r\n<\/section>","protected":false},"excerpt":{"rendered":"","protected":false},"author":1,"featured_media":2223,"parent":0,"menu_order":0,"comment_status":"closed","ping_status":"closed","template":"","meta":{"_acf_changed":false,"inline_featured_image":false,"footnotes":""},"sujet":[],"class_list":["post-2973","page","type-page","status-publish","has-post-thumbnail","hentry"],"acf":[],"yoast_head":"<!-- This site is optimized with the Yoast SEO plugin v23.4 - https:\/\/yoast.com\/wordpress\/plugins\/seo\/ -->\n<title>Cheap camping near Lourdes | Camping at the best price Hautes-Pyr\u00e9n\u00e9es<\/title>\n<meta name=\"description\" content=\"Get the best value for your camping vacation in the Hautes-Pyr\u00e9n\u00e9es near Lourdes!\" \/>\n<meta name=\"robots\" content=\"index, follow, max-snippet:-1, max-image-preview:large, max-video-preview:-1\" \/>\n<link rel=\"canonical\" href=\"https:\/\/www.ombredestilleuls.com\/en\/low-cost-camping-peyrouse\/\" \/>\n<meta property=\"og:locale\" content=\"en_US\" \/>\n<meta property=\"og:type\" content=\"article\" \/>\n<meta property=\"og:title\" content=\"Cheap camping near Lourdes | Camping at the best price Hautes-Pyr\u00e9n\u00e9es\" \/>\n<meta property=\"og:description\" content=\"Get the best value for your camping vacation in the Hautes-Pyr\u00e9n\u00e9es near Lourdes!\" \/>\n<meta property=\"og:url\" content=\"https:\/\/www.ombredestilleuls.com\/en\/low-cost-camping-peyrouse\/\" \/>\n<meta property=\"og:site_name\" content=\"Camping \u00c0 l&#039;ombre des tilleuls\" \/>\n<meta property=\"article:modified_time\" content=\"2026-04-14T12:05:30+00:00\" \/>\n<meta property=\"og:image\" content=\"https:\/\/www.ombredestilleuls.com\/wp-content\/uploads\/2023\/12\/camping-pas-cher-peyrouse.webp\" \/>\n\t<meta property=\"og:image:width\" content=\"2000\" \/>\n\t<meta property=\"og:image:height\" content=\"960\" \/>\n\t<meta property=\"og:image:type\" content=\"image\/webp\" \/>\n<meta name=\"twitter:card\" content=\"summary_large_image\" \/>\n<meta name=\"twitter:label1\" content=\"Est. reading time\" \/>\n\t<meta name=\"twitter:data1\" content=\"1 minute\" \/>\n<script type=\"application\/ld+json\" class=\"yoast-schema-graph\">{\"@context\":\"https:\/\/schema.org\",\"@graph\":[{\"@type\":\"WebPage\",\"@id\":\"https:\/\/www.ombredestilleuls.com\/en\/low-cost-camping-peyrouse\/\",\"url\":\"https:\/\/www.ombredestilleuls.com\/en\/low-cost-camping-peyrouse\/\",\"name\":\"Cheap camping near Lourdes | Camping at the best price Hautes-Pyr\u00e9n\u00e9es\",\"isPartOf\":{\"@id\":\"https:\/\/www.ombredestilleuls.com\/fr\/#website\"},\"primaryImageOfPage\":{\"@id\":\"https:\/\/www.ombredestilleuls.com\/en\/low-cost-camping-peyrouse\/#primaryimage\"},\"image\":{\"@id\":\"https:\/\/www.ombredestilleuls.com\/en\/low-cost-camping-peyrouse\/#primaryimage\"},\"thumbnailUrl\":\"https:\/\/www.ombredestilleuls.com\/wp-content\/uploads\/2023\/12\/camping-pas-cher-peyrouse.webp\",\"datePublished\":\"2024-01-17T09:19:31+00:00\",\"dateModified\":\"2026-04-14T12:05:30+00:00\",\"description\":\"Get the best value for your camping vacation in the Hautes-Pyr\u00e9n\u00e9es near Lourdes!\",\"breadcrumb\":{\"@id\":\"https:\/\/www.ombredestilleuls.com\/en\/low-cost-camping-peyrouse\/#breadcrumb\"},\"inLanguage\":\"en-US\",\"potentialAction\":[{\"@type\":\"ReadAction\",\"target\":[\"https:\/\/www.ombredestilleuls.com\/en\/low-cost-camping-peyrouse\/\"]}]},{\"@type\":\"ImageObject\",\"inLanguage\":\"en-US\",\"@id\":\"https:\/\/www.ombredestilleuls.com\/en\/low-cost-camping-peyrouse\/#primaryimage\",\"url\":\"https:\/\/www.ombredestilleuls.com\/wp-content\/uploads\/2023\/12\/camping-pas-cher-peyrouse.webp\",\"contentUrl\":\"https:\/\/www.ombredestilleuls.com\/wp-content\/uploads\/2023\/12\/camping-pas-cher-peyrouse.webp\",\"width\":2000,\"height\":960,\"caption\":\"camping pas cher peyrouse\"},{\"@type\":\"BreadcrumbList\",\"@id\":\"https:\/\/www.ombredestilleuls.com\/en\/low-cost-camping-peyrouse\/#breadcrumb\",\"itemListElement\":[{\"@type\":\"ListItem\",\"position\":1,\"name\":\"Camping pr\u00e8s de Lourdes\",\"item\":\"https:\/\/www.ombredestilleuls.com\/en\/\"},{\"@type\":\"ListItem\",\"position\":2,\"name\":\"Camping at the best price near Lourdes\"}]},{\"@type\":\"WebSite\",\"@id\":\"https:\/\/www.ombredestilleuls.com\/fr\/#website\",\"url\":\"https:\/\/www.ombredestilleuls.com\/fr\/\",\"name\":\"Camping \u00c0 l&#039;ombre des tilleuls\",\"description\":\"\",\"publisher\":{\"@id\":\"https:\/\/www.ombredestilleuls.com\/fr\/#organization\"},\"potentialAction\":[{\"@type\":\"SearchAction\",\"target\":{\"@type\":\"EntryPoint\",\"urlTemplate\":\"https:\/\/www.ombredestilleuls.com\/fr\/?s={search_term_string}\"},\"query-input\":{\"@type\":\"PropertyValueSpecification\",\"valueRequired\":true,\"valueName\":\"search_term_string\"}}],\"inLanguage\":\"en-US\"},{\"@type\":\"Organization\",\"@id\":\"https:\/\/www.ombredestilleuls.com\/fr\/#organization\",\"name\":\"Camping \u00c0 l&#039;ombre des tilleuls\",\"url\":\"https:\/\/www.ombredestilleuls.com\/fr\/\",\"logo\":{\"@type\":\"ImageObject\",\"inLanguage\":\"en-US\",\"@id\":\"https:\/\/www.ombredestilleuls.com\/fr\/#\/schema\/logo\/image\/\",\"url\":\"https:\/\/www.ombredestilleuls.com\/wp-content\/uploads\/2023\/11\/cropped-Camping-A-LOmbre-Des-Tilleuls-logo-1.png\",\"contentUrl\":\"https:\/\/www.ombredestilleuls.com\/wp-content\/uploads\/2023\/11\/cropped-Camping-A-LOmbre-Des-Tilleuls-logo-1.png\",\"width\":1000,\"height\":1000,\"caption\":\"Camping \u00c0 l&#039;ombre des tilleuls\"},\"image\":{\"@id\":\"https:\/\/www.ombredestilleuls.com\/fr\/#\/schema\/logo\/image\/\"}}]}<\/script>\n<!-- \/ Yoast SEO plugin. -->","yoast_head_json":{"title":"Cheap camping near Lourdes | Camping at the best price Hautes-Pyr\u00e9n\u00e9es","description":"Get the best value for your camping vacation in the Hautes-Pyr\u00e9n\u00e9es near Lourdes!","robots":{"index":"index","follow":"follow","max-snippet":"max-snippet:-1","max-image-preview":"max-image-preview:large","max-video-preview":"max-video-preview:-1"},"canonical":"https:\/\/www.ombredestilleuls.com\/en\/low-cost-camping-peyrouse\/","og_locale":"en_US","og_type":"article","og_title":"Cheap camping near Lourdes | Camping at the best price Hautes-Pyr\u00e9n\u00e9es","og_description":"Get the best value for your camping vacation in the Hautes-Pyr\u00e9n\u00e9es near Lourdes!","og_url":"https:\/\/www.ombredestilleuls.com\/en\/low-cost-camping-peyrouse\/","og_site_name":"Camping \u00c0 l&#039;ombre des tilleuls","article_modified_time":"2026-04-14T12:05:30+00:00","og_image":[{"width":2000,"height":960,"url":"https:\/\/www.ombredestilleuls.com\/wp-content\/uploads\/2023\/12\/camping-pas-cher-peyrouse.webp","type":"image\/webp"}],"twitter_card":"summary_large_image","twitter_misc":{"Est. reading time":"1 minute"},"schema":{"@context":"https:\/\/schema.org","@graph":[{"@type":"WebPage","@id":"https:\/\/www.ombredestilleuls.com\/en\/low-cost-camping-peyrouse\/","url":"https:\/\/www.ombredestilleuls.com\/en\/low-cost-camping-peyrouse\/","name":"Cheap camping near Lourdes | Camping at the best price Hautes-Pyr\u00e9n\u00e9es","isPartOf":{"@id":"https:\/\/www.ombredestilleuls.com\/fr\/#website"},"primaryImageOfPage":{"@id":"https:\/\/www.ombredestilleuls.com\/en\/low-cost-camping-peyrouse\/#primaryimage"},"image":{"@id":"https:\/\/www.ombredestilleuls.com\/en\/low-cost-camping-peyrouse\/#primaryimage"},"thumbnailUrl":"https:\/\/www.ombredestilleuls.com\/wp-content\/uploads\/2023\/12\/camping-pas-cher-peyrouse.webp","datePublished":"2024-01-17T09:19:31+00:00","dateModified":"2026-04-14T12:05:30+00:00","description":"Get the best value for your camping vacation in the Hautes-Pyr\u00e9n\u00e9es near Lourdes!","breadcrumb":{"@id":"https:\/\/www.ombredestilleuls.com\/en\/low-cost-camping-peyrouse\/#breadcrumb"},"inLanguage":"en-US","potentialAction":[{"@type":"ReadAction","target":["https:\/\/www.ombredestilleuls.com\/en\/low-cost-camping-peyrouse\/"]}]},{"@type":"ImageObject","inLanguage":"en-US","@id":"https:\/\/www.ombredestilleuls.com\/en\/low-cost-camping-peyrouse\/#primaryimage","url":"https:\/\/www.ombredestilleuls.com\/wp-content\/uploads\/2023\/12\/camping-pas-cher-peyrouse.webp","contentUrl":"https:\/\/www.ombredestilleuls.com\/wp-content\/uploads\/2023\/12\/camping-pas-cher-peyrouse.webp","width":2000,"height":960,"caption":"camping pas cher peyrouse"},{"@type":"BreadcrumbList","@id":"https:\/\/www.ombredestilleuls.com\/en\/low-cost-camping-peyrouse\/#breadcrumb","itemListElement":[{"@type":"ListItem","position":1,"name":"Camping pr\u00e8s de Lourdes","item":"https:\/\/www.ombredestilleuls.com\/en\/"},{"@type":"ListItem","position":2,"name":"Camping at the best price near Lourdes"}]},{"@type":"WebSite","@id":"https:\/\/www.ombredestilleuls.com\/fr\/#website","url":"https:\/\/www.ombredestilleuls.com\/fr\/","name":"Camping \u00c0 l&#039;ombre des tilleuls","description":"","publisher":{"@id":"https:\/\/www.ombredestilleuls.com\/fr\/#organization"},"potentialAction":[{"@type":"SearchAction","target":{"@type":"EntryPoint","urlTemplate":"https:\/\/www.ombredestilleuls.com\/fr\/?s={search_term_string}"},"query-input":{"@type":"PropertyValueSpecification","valueRequired":true,"valueName":"search_term_string"}}],"inLanguage":"en-US"},{"@type":"Organization","@id":"https:\/\/www.ombredestilleuls.com\/fr\/#organization","name":"Camping \u00c0 l&#039;ombre des tilleuls","url":"https:\/\/www.ombredestilleuls.com\/fr\/","logo":{"@type":"ImageObject","inLanguage":"en-US","@id":"https:\/\/www.ombredestilleuls.com\/fr\/#\/schema\/logo\/image\/","url":"https:\/\/www.ombredestilleuls.com\/wp-content\/uploads\/2023\/11\/cropped-Camping-A-LOmbre-Des-Tilleuls-logo-1.png","contentUrl":"https:\/\/www.ombredestilleuls.com\/wp-content\/uploads\/2023\/11\/cropped-Camping-A-LOmbre-Des-Tilleuls-logo-1.png","width":1000,"height":1000,"caption":"Camping \u00c0 l&#039;ombre des tilleuls"},"image":{"@id":"https:\/\/www.ombredestilleuls.com\/fr\/#\/schema\/logo\/image\/"}}]}},"_links":{"self":[{"href":"https:\/\/www.ombredestilleuls.com\/en\/wp-json\/wp\/v2\/pages\/2973","targetHints":{"allow":["GET"]}}],"collection":[{"href":"https:\/\/www.ombredestilleuls.com\/en\/wp-json\/wp\/v2\/pages"}],"about":[{"href":"https:\/\/www.ombredestilleuls.com\/en\/wp-json\/wp\/v2\/types\/page"}],"author":[{"embeddable":true,"href":"https:\/\/www.ombredestilleuls.com\/en\/wp-json\/wp\/v2\/users\/1"}],"replies":[{"embeddable":true,"href":"https:\/\/www.ombredestilleuls.com\/en\/wp-json\/wp\/v2\/comments?post=2973"}],"version-history":[{"count":7,"href":"https:\/\/www.ombredestilleuls.com\/en\/wp-json\/wp\/v2\/pages\/2973\/revisions"}],"predecessor-version":[{"id":3749,"href":"https:\/\/www.ombredestilleuls.com\/en\/wp-json\/wp\/v2\/pages\/2973\/revisions\/3749"}],"wp:featuredmedia":[{"embeddable":true,"href":"https:\/\/www.ombredestilleuls.com\/en\/wp-json\/wp\/v2\/media\/2223"}],"wp:attachment":[{"href":"https:\/\/www.ombredestilleuls.com\/en\/wp-json\/wp\/v2\/media?parent=2973"}],"wp:term":[{"taxonomy":"sujet","embeddable":true,"href":"https:\/\/www.ombredestilleuls.com\/en\/wp-json\/wp\/v2\/sujet?post=2973"}],"curies":[{"name":"wp","href":"https:\/\/api.w.org\/{rel}","templated":true}]}}